        {"id":27036,"date":"2022-04-15T08:31:41","date_gmt":"2022-04-15T06:31:41","guid":{"rendered":"https:\/\/infotechdemos.co.in\/plusbaby\/unsere-geschichte\/"},"modified":"2024-12-09T05:31:57","modified_gmt":"2024-12-09T04:31:57","slug":"unsere-geschichte-old","status":"publish","type":"page","link":"https:\/\/plusbaby.ch\/de\/unsere-geschichte-old\/","title":{"rendered":"unsere Geschichte"},"content":{"rendered":"\t\t<div data-elementor-type=\"wp-page\" data-elementor-id=\"27036\" class=\"elementor elementor-27036 elementor-823\" data-elementor-post-type=\"page\">\n\t\t\t\t\t\t<section class=\"elementor-section elementor-top-section elementor-element elementor-element-16959af2 elementor-section-full_width elementor-section-height-default elementor-section-height-default\" data-id=\"16959af2\" data-element_type=\"section\" data-e-type=\"section\" data-settings=\"{&quot;background_background&quot;:&quot;classic&quot;}\">\n\t\t\t\t\t\t<div class=\"elementor-container elementor-column-gap-default\">\n\t\t\t\t\t<div class=\"elementor-column elementor-col-100 elementor-top-column elementor-element elementor-element-4a063f26 fix-head-sec\" data-id=\"4a063f26\" data-element_type=\"column\" data-e-type=\"column\">\n\t\t\t<div class=\"elementor-widget-wrap elementor-element-populated\">\n\t\t\t\t\t\t<section class=\"elementor-section elementor-inner-section elementor-element elementor-element-b6259d7 elementor-section-boxed elementor-section-height-default elementor-section-height-default\" data-id=\"b6259d7\" data-element_type=\"section\" data-e-type=\"section\">\n\t\t\t\t\t\t<div class=\"elementor-container elementor-column-gap-default\">\n\t\t\t\t\t<div class=\"elementor-column elementor-col-50 elementor-inner-column elementor-element elementor-element-e2183d8\" data-id=\"e2183d8\" data-element_type=\"column\" data-e-type=\"column\">\n\t\t\t<div class=\"elementor-widget-wrap elementor-element-populated\">\n\t\t\t\t\t\t<div class=\"elementor-element elementor-element-edb606f elementor-fixed fix-text elementor-widget elementor-widget-heading\" data-id=\"edb606f\" data-element_type=\"widget\" data-e-type=\"widget\" data-settings=\"{&quot;_position&quot;:&quot;fixed&quot;}\" data-widget_type=\"heading.default\">\n\t\t\t\t<div class=\"elementor-widget-container\">\n\t\t\t\t\t<h1 class=\"elementor-heading-title elementor-size-default\">hallo,<\/h1>\t\t\t\t<\/div>\n\t\t\t\t<\/div>\n\t\t\t\t\t<\/div>\n\t\t<\/div>\n\t\t\t\t<div class=\"elementor-column elementor-col-50 elementor-inner-column elementor-element elementor-element-7e93fe5\" data-id=\"7e93fe5\" data-element_type=\"column\" data-e-type=\"column\">\n\t\t\t<div class=\"elementor-widget-wrap\">\n\t\t\t\t\t\t\t<\/div>\n\t\t<\/div>\n\t\t\t\t\t<\/div>\n\t\t<\/section>\n\t\t\t\t<section class=\"elementor-section elementor-inner-section elementor-element elementor-element-cb9e739 elementor-section-boxed elementor-section-height-default elementor-section-height-default\" data-id=\"cb9e739\" data-element_type=\"section\" data-e-type=\"section\">\n\t\t\t\t\t\t<div class=\"elementor-container elementor-column-gap-default\">\n\t\t\t\t\t<div class=\"elementor-column elementor-col-50 elementor-inner-column elementor-element elementor-element-e274181 hello-fix-col\" data-id=\"e274181\" data-element_type=\"column\" data-e-type=\"column\" data-settings=\"{&quot;background_background&quot;:&quot;classic&quot;}\">\n\t\t\t<div class=\"elementor-widget-wrap\">\n\t\t\t\t\t\t\t<\/div>\n\t\t<\/div>\n\t\t\t\t<div class=\"elementor-column elementor-col-50 elementor-inner-column elementor-element elementor-element-7a1d98a\" data-id=\"7a1d98a\" data-element_type=\"column\" data-e-type=\"column\" data-settings=\"{&quot;background_background&quot;:&quot;classic&quot;}\">\n\t\t\t<div class=\"elementor-widget-wrap elementor-element-populated\">\n\t\t\t\t\t\t<div class=\"elementor-element elementor-element-1f8920b elementor-widget elementor-widget-text-editor\" data-id=\"1f8920b\" data-element_type=\"widget\" data-e-type=\"widget\" data-widget_type=\"text-editor.default\">\n\t\t\t\t<div class=\"elementor-widget-container\">\n\t\t\t\t\t\t\t\t\t<p>Wir sind Alexandra, Magali und Edward, Arzt und Gyn\u00e4kologe, Eltern und die Gr\u00fcnder von Plusbaby. Unsere Mission ist es, Menschen zu bef\u00e4higen, die Kontrolle \u00fcber ihre Fertilit\u00e4t oder ihren Weg zur Familiengr\u00fcndung zu \u00fcbernehmen, indem wir Bildungsinhalte und Produkte, die f\u00fcr sie entwickelt und von \u00c4rzten \u00fcberpr\u00fcft wurden, austauschen und anbieten.  <\/p>\n\t\t\t\t\t\t\t\t<\/div>\n\t\t\t\t<\/div>\n\t\t\t\t<div class=\"elementor-element elementor-element-29214d9 elementor-widget elementor-widget-text-editor\" data-id=\"29214d9\" data-element_type=\"widget\" data-e-type=\"widget\" data-widget_type=\"text-editor.default\">\n\t\t\t\t<div class=\"elementor-widget-container\">\n\t\t\t\t\t\t\t\t\t<p>Wir haben genug von den unklaren Botschaften, verwirrenden Optionen, \u00fcberteuerten Tests, dem Tabu und den Emotionen, die Fruchtbarkeit und Empf\u00e4ngnis umgeben. Deshalb haben wir PlusBaby gegr\u00fcndet, weil Sie einfach etwas Besseres verdient haben und wir Ihnen das Beste bieten wollen.  <\/p>\n\t\t\t\t\t\t\t\t<\/div>\n\t\t\t\t<\/div>\n\t\t\t\t<div class=\"elementor-element elementor-element-110c998 elementor-widget elementor-widget-text-editor\" data-id=\"110c998\" data-element_type=\"widget\" data-e-type=\"widget\" data-widget_type=\"text-editor.default\">\n\t\t\t\t<div class=\"elementor-widget-container\">\n\t\t\t\t\t\t\t\t\t<p>Wir m\u00f6chten unsere Erfahrung als Arzt und Gyn\u00e4kologe nutzen, um Ihnen die besten Schweizer Produkte anbieten zu k\u00f6nnen.<\/p>\n\t\t\t\t\t\t\t\t<\/div>\n\t\t\t\t<\/div>\n\t\t\t\t<div class=\"elementor-element elementor-element-6417805 elementor-widget elementor-widget-text-editor\" data-id=\"6417805\" data-element_type=\"widget\" data-e-type=\"widget\" data-widget_type=\"text-editor.default\">\n\t\t\t\t<div class=\"elementor-widget-container\">\n\t\t\t\t\t\t\t\t\t<p>Wir m\u00f6chten unsere Produkte mit Blick auf Sie entwerfen: Wir m\u00f6chten den Prozess der Entwurfspr\u00fcfung ein wenig einfacher und angenehmer gestalten.<\/p>\n\t\t\t\t\t\t\t\t<\/div>\n\t\t\t\t<\/div>\n\t\t\t\t<div class=\"elementor-element elementor-element-38e3bea elementor-widget elementor-widget-text-editor\" data-id=\"38e3bea\" data-element_type=\"widget\" data-e-type=\"widget\" data-widget_type=\"text-editor.default\">\n\t\t\t\t<div class=\"elementor-widget-container\">\n\t\t\t\t\t\t\t\t\t<p>Unsere Produkte werden von \u00c4rzten und Gyn\u00e4kologen \u00fcberpr\u00fcft und genehmigt, sind leicht verst\u00e4ndlich, preisg\u00fcnstig und werden auf praktische und diskrete Weise direkt an Ihre T\u00fcr geliefert.<\/p>\n\t\t\t\t\t\t\t\t<\/div>\n\t\t\t\t<\/div>\n\t\t\t\t<div class=\"elementor-element elementor-element-48fbfe2 elementor-widget elementor-widget-heading\" data-id=\"48fbfe2\" data-element_type=\"widget\" data-e-type=\"widget\" data-widget_type=\"heading.default\">\n\t\t\t\t<div class=\"elementor-widget-container\">\n\t\t\t\t\t<h2 class=\"elementor-heading-title elementor-size-default\">Alexandra, Magali &amp; Edward<\/h2>\t\t\t\t<\/div>\n\t\t\t\t<\/div>\n\t\t\t\t\t<\/div>\n\t\t<\/div>\n\t\t\t\t\t<\/div>\n\t\t<\/section>\n\t\t\t\t\t<\/div>\n\t\t<\/div>\n\t\t\t\t\t<\/div>\n\t\t<\/section>\n\t\t\t\t<\/div>\n\t\t","protected":false},"excerpt":{"rendered":"<p>hallo, Wir sind Alexandra, Magali und Edward, Arzt und Gyn\u00e4kologe, Eltern und die Gr\u00fcnder von Plusbaby. Unsere Mission ist es, Menschen zu bef\u00e4higen, die Kontrolle \u00fcber ihre Fertilit\u00e4t oder ihren Weg zur Familiengr\u00fcndung zu \u00fcbernehmen, indem wir Bildungsinhalte und Produkte, die f\u00fcr sie entwickelt und von \u00c4rzten \u00fcberpr\u00fcft wurden, austauschen und anbieten. Wir haben genug [&hellip;]<\/p>\n","protected":false},"author":1,"featured_media":0,"parent":0,"menu_order":0,"comment_status":"closed","ping_status":"closed","template":"","meta":{"_acf_changed":false,"footnotes":""},"class_list":["post-27036","page","type-page","status-publish","hentry"],"acf":[],"yoast_head":"<!-- This site is optimized with the Yoast SEO Premium plugin v27.3 (Yoast SEO v27.3) - https:\/\/yoast.com\/product\/yoast-seo-premium-wordpress\/ -->\n<title>Unsere Geschichte: Fruchtbarkeit &amp; Schwangerschaft<\/title>\n<meta name=\"description\" content=\"Plusbaby, eine Marke, die von einem Arzt gegr\u00fcndet wurde. Wir bieten Produkte f\u00fcr Fruchtbarkeit &amp; Schwangerschaft, direkt zu Ihnen geliefert\" \/>\n<meta name=\"robots\" content=\"index, follow, max-snippet:-1, max-image-preview:large, max-video-preview:-1\" \/>\n<link rel=\"canonical\" href=\"https:\/\/plusbaby.ch\/de\/unsere-geschichte-old\/\" \/>\n<meta property=\"og:locale\" content=\"de_DE\" \/>\n<meta property=\"og:type\" content=\"article\" \/>\n<meta property=\"og:title\" content=\"unsere Geschichte\" \/>\n<meta property=\"og:description\" content=\"Plusbaby, eine Marke, die von einem Arzt gegr\u00fcndet wurde. Wir bieten Produkte f\u00fcr Fruchtbarkeit &amp; Schwangerschaft, direkt zu Ihnen geliefert\" \/>\n<meta property=\"og:url\" content=\"https:\/\/plusbaby.ch\/de\/unsere-geschichte-old\/\" \/>\n<meta property=\"og:site_name\" content=\"PlusBaby\" \/>\n<meta property=\"article:publisher\" content=\"https:\/\/www.facebook.com\/plusbaby.ch\" \/>\n<meta property=\"article:modified_time\" content=\"2024-12-09T04:31:57+00:00\" \/>\n<meta property=\"og:image\" content=\"https:\/\/plusbaby.ch\/wp-content\/uploads\/2022\/07\/grossesse.webp\" \/>\n\t<meta property=\"og:image:width\" content=\"1900\" \/>\n\t<meta property=\"og:image:height\" content=\"950\" \/>\n\t<meta property=\"og:image:type\" content=\"image\/webp\" \/>\n<meta name=\"twitter:card\" content=\"summary_large_image\" \/>\n<meta name=\"twitter:label1\" content=\"Gesch\u00e4tzte Lesezeit\" \/>\n\t<meta name=\"twitter:data1\" content=\"1\u00a0Minute\" \/>\n<script type=\"application\/ld+json\" class=\"yoast-schema-graph\">{\"@context\":\"https:\\\/\\\/schema.org\",\"@graph\":[{\"@type\":\"WebPage\",\"@id\":\"https:\\\/\\\/plusbaby.ch\\\/de\\\/unsere-geschichte-old\\\/\",\"url\":\"https:\\\/\\\/plusbaby.ch\\\/de\\\/unsere-geschichte-old\\\/\",\"name\":\"Unsere Geschichte: Fruchtbarkeit & Schwangerschaft\",\"isPartOf\":{\"@id\":\"https:\\\/\\\/plusbaby.ch\\\/de\\\/#website\"},\"datePublished\":\"2022-04-15T06:31:41+00:00\",\"dateModified\":\"2024-12-09T04:31:57+00:00\",\"description\":\"Plusbaby, eine Marke, die von einem Arzt gegr\u00fcndet wurde. Wir bieten Produkte f\u00fcr Fruchtbarkeit & Schwangerschaft, direkt zu Ihnen geliefert\",\"breadcrumb\":{\"@id\":\"https:\\\/\\\/plusbaby.ch\\\/de\\\/unsere-geschichte-old\\\/#breadcrumb\"},\"inLanguage\":\"de\",\"potentialAction\":[{\"@type\":\"ReadAction\",\"target\":[\"https:\\\/\\\/plusbaby.ch\\\/de\\\/unsere-geschichte-old\\\/\"]}]},{\"@type\":\"BreadcrumbList\",\"@id\":\"https:\\\/\\\/plusbaby.ch\\\/de\\\/unsere-geschichte-old\\\/#breadcrumb\",\"itemListElement\":[{\"@type\":\"ListItem\",\"position\":1,\"name\":\"Home\",\"item\":\"https:\\\/\\\/plusbaby.ch\\\/de\\\/\"},{\"@type\":\"ListItem\",\"position\":2,\"name\":\"unsere Geschichte\"}]},{\"@type\":\"WebSite\",\"@id\":\"https:\\\/\\\/plusbaby.ch\\\/de\\\/#website\",\"url\":\"https:\\\/\\\/plusbaby.ch\\\/de\\\/\",\"name\":\"Plusbaby\",\"description\":\"\",\"publisher\":{\"@id\":\"https:\\\/\\\/plusbaby.ch\\\/de\\\/#organization\"},\"potentialAction\":[{\"@type\":\"SearchAction\",\"target\":{\"@type\":\"EntryPoint\",\"urlTemplate\":\"https:\\\/\\\/plusbaby.ch\\\/de\\\/?s={search_term_string}\"},\"query-input\":{\"@type\":\"PropertyValueSpecification\",\"valueRequired\":true,\"valueName\":\"search_term_string\"}}],\"inLanguage\":\"de\"},{\"@type\":\"Organization\",\"@id\":\"https:\\\/\\\/plusbaby.ch\\\/de\\\/#organization\",\"name\":\"Plusbaby\",\"url\":\"https:\\\/\\\/plusbaby.ch\\\/de\\\/\",\"logo\":{\"@type\":\"ImageObject\",\"inLanguage\":\"de\",\"@id\":\"https:\\\/\\\/plusbaby.ch\\\/de\\\/#\\\/schema\\\/logo\\\/image\\\/\",\"url\":\"https:\\\/\\\/plusbaby.ch\\\/wp-content\\\/uploads\\\/2022\\\/04\\\/PlusBabyLogo_logo.svg\",\"contentUrl\":\"https:\\\/\\\/plusbaby.ch\\\/wp-content\\\/uploads\\\/2022\\\/04\\\/PlusBabyLogo_logo.svg\",\"width\":289,\"height\":169,\"caption\":\"Plusbaby\"},\"image\":{\"@id\":\"https:\\\/\\\/plusbaby.ch\\\/de\\\/#\\\/schema\\\/logo\\\/image\\\/\"},\"sameAs\":[\"https:\\\/\\\/www.facebook.com\\\/plusbaby.ch\",\"https:\\\/\\\/www.instagram.com\\\/plusbaby.ch\\\/\",\"https:\\\/\\\/www.linkedin.com\\\/company\\\/plusbaby\\\/?viewAsMember=true\",\"https:\\\/\\\/www.instagram.com\\\/plusbaby_ge\"]}]}<\/script>\n<!-- \/ Yoast SEO Premium plugin. -->","yoast_head_json":{"title":"Unsere Geschichte: Fruchtbarkeit & Schwangerschaft","description":"Plusbaby, eine Marke, die von einem Arzt gegr\u00fcndet wurde. Wir bieten Produkte f\u00fcr Fruchtbarkeit & Schwangerschaft, direkt zu Ihnen geliefert","robots":{"index":"index","follow":"follow","max-snippet":"max-snippet:-1","max-image-preview":"max-image-preview:large","max-video-preview":"max-video-preview:-1"},"canonical":"https:\/\/plusbaby.ch\/de\/unsere-geschichte-old\/","og_locale":"de_DE","og_type":"article","og_title":"unsere Geschichte","og_description":"Plusbaby, eine Marke, die von einem Arzt gegr\u00fcndet wurde. Wir bieten Produkte f\u00fcr Fruchtbarkeit & Schwangerschaft, direkt zu Ihnen geliefert","og_url":"https:\/\/plusbaby.ch\/de\/unsere-geschichte-old\/","og_site_name":"PlusBaby","article_publisher":"https:\/\/www.facebook.com\/plusbaby.ch","article_modified_time":"2024-12-09T04:31:57+00:00","og_image":[{"width":1900,"height":950,"url":"https:\/\/plusbaby.ch\/wp-content\/uploads\/2022\/07\/grossesse.webp","type":"image\/webp"}],"twitter_card":"summary_large_image","twitter_misc":{"Gesch\u00e4tzte Lesezeit":"1\u00a0Minute"},"schema":{"@context":"https:\/\/schema.org","@graph":[{"@type":"WebPage","@id":"https:\/\/plusbaby.ch\/de\/unsere-geschichte-old\/","url":"https:\/\/plusbaby.ch\/de\/unsere-geschichte-old\/","name":"Unsere Geschichte: Fruchtbarkeit & Schwangerschaft","isPartOf":{"@id":"https:\/\/plusbaby.ch\/de\/#website"},"datePublished":"2022-04-15T06:31:41+00:00","dateModified":"2024-12-09T04:31:57+00:00","description":"Plusbaby, eine Marke, die von einem Arzt gegr\u00fcndet wurde. Wir bieten Produkte f\u00fcr Fruchtbarkeit & Schwangerschaft, direkt zu Ihnen geliefert","breadcrumb":{"@id":"https:\/\/plusbaby.ch\/de\/unsere-geschichte-old\/#breadcrumb"},"inLanguage":"de","potentialAction":[{"@type":"ReadAction","target":["https:\/\/plusbaby.ch\/de\/unsere-geschichte-old\/"]}]},{"@type":"BreadcrumbList","@id":"https:\/\/plusbaby.ch\/de\/unsere-geschichte-old\/#breadcrumb","itemListElement":[{"@type":"ListItem","position":1,"name":"Home","item":"https:\/\/plusbaby.ch\/de\/"},{"@type":"ListItem","position":2,"name":"unsere Geschichte"}]},{"@type":"WebSite","@id":"https:\/\/plusbaby.ch\/de\/#website","url":"https:\/\/plusbaby.ch\/de\/","name":"Plusbaby","description":"","publisher":{"@id":"https:\/\/plusbaby.ch\/de\/#organization"},"potentialAction":[{"@type":"SearchAction","target":{"@type":"EntryPoint","urlTemplate":"https:\/\/plusbaby.ch\/de\/?s={search_term_string}"},"query-input":{"@type":"PropertyValueSpecification","valueRequired":true,"valueName":"search_term_string"}}],"inLanguage":"de"},{"@type":"Organization","@id":"https:\/\/plusbaby.ch\/de\/#organization","name":"Plusbaby","url":"https:\/\/plusbaby.ch\/de\/","logo":{"@type":"ImageObject","inLanguage":"de","@id":"https:\/\/plusbaby.ch\/de\/#\/schema\/logo\/image\/","url":"https:\/\/plusbaby.ch\/wp-content\/uploads\/2022\/04\/PlusBabyLogo_logo.svg","contentUrl":"https:\/\/plusbaby.ch\/wp-content\/uploads\/2022\/04\/PlusBabyLogo_logo.svg","width":289,"height":169,"caption":"Plusbaby"},"image":{"@id":"https:\/\/plusbaby.ch\/de\/#\/schema\/logo\/image\/"},"sameAs":["https:\/\/www.facebook.com\/plusbaby.ch","https:\/\/www.instagram.com\/plusbaby.ch\/","https:\/\/www.linkedin.com\/company\/plusbaby\/?viewAsMember=true","https:\/\/www.instagram.com\/plusbaby_ge"]}]}},"_links":{"self":[{"href":"https:\/\/plusbaby.ch\/de\/wp-json\/wp\/v2\/pages\/27036","targetHints":{"allow":["GET"]}}],"collection":[{"href":"https:\/\/plusbaby.ch\/de\/wp-json\/wp\/v2\/pages"}],"about":[{"href":"https:\/\/plusbaby.ch\/de\/wp-json\/wp\/v2\/types\/page"}],"author":[{"embeddable":true,"href":"https:\/\/plusbaby.ch\/de\/wp-json\/wp\/v2\/users\/1"}],"replies":[{"embeddable":true,"href":"https:\/\/plusbaby.ch\/de\/wp-json\/wp\/v2\/comments?post=27036"}],"version-history":[{"count":0,"href":"https:\/\/plusbaby.ch\/de\/wp-json\/wp\/v2\/pages\/27036\/revisions"}],"wp:attachment":[{"href":"https:\/\/plusbaby.ch\/de\/wp-json\/wp\/v2\/media?parent=27036"}],"curies":[{"name":"wp","href":"https:\/\/api.w.org\/{rel}","templated":true}]}}