        {"id":27689,"date":"2024-08-05T09:36:51","date_gmt":"2024-08-05T07:36:51","guid":{"rendered":"https:\/\/infotechdemos.co.in\/plusbaby\/?page_id=27689"},"modified":"2025-04-23T11:56:13","modified_gmt":"2025-04-23T09:56:13","slug":"cart","status":"publish","type":"page","link":"https:\/\/plusbaby.ch\/de\/cart\/","title":{"rendered":"Cart"},"content":{"rendered":"\r\n<div data-block-name=\"woocommerce\/cart\" class=\"wp-block-woocommerce-cart alignwide is-loading\">\r\n<div data-block-name=\"woocommerce\/filled-cart-block\" class=\"wp-block-woocommerce-filled-cart-block\">\r\n<div data-block-name=\"woocommerce\/cart-items-block\" class=\"wp-block-woocommerce-cart-items-block\">\r\n<div data-block-name=\"woocommerce\/cart-line-items-block\" class=\"wp-block-woocommerce-cart-line-items-block\">\u00a0<\/div>\r\n\r\n\r\n\r\n<div data-block-name=\"woocommerce\/cart-cross-sells-block\" class=\"wp-block-woocommerce-cart-cross-sells-block\">\r\n<h2 class=\"wp-block-heading has-large-font-size\">You may be interested in\u2026<\/h2>\r\n\r\n\r\n\r\n<div data-block-name=\"woocommerce\/cart-cross-sells-products-block\" class=\"wp-block-woocommerce-cart-cross-sells-products-block\">\u00a0<\/div>\r\n<\/div>\r\n<\/div>\r\n\r\n\r\n\r\n<div data-block-name=\"woocommerce\/cart-totals-block\" class=\"wp-block-woocommerce-cart-totals-block\">\r\n<div data-block-name=\"woocommerce\/cart-order-summary-block\" class=\"wp-block-woocommerce-cart-order-summary-block\">\r\n<div data-block-name=\"woocommerce\/cart-order-summary-heading-block\" class=\"wp-block-woocommerce-cart-order-summary-heading-block\">\u00a0<\/div>\r\n\r\n\r\n\r\n<div data-block-name=\"woocommerce\/cart-order-summary-coupon-form-block\" class=\"wp-block-woocommerce-cart-order-summary-coupon-form-block\">\u00a0<\/div>\r\n\r\n\r\n\r\n\r\n\r\n\r\n\r\n\r\n\r\n\r\n\r\n\r\n\r\n\r\n\r\n\r\n\r\n\r\n\r\n<div data-block-name=\"woocommerce\/cart-order-summary-totals-block\" class=\"wp-block-woocommerce-cart-order-summary-totals-block\">\n<div data-block-name=\"woocommerce\/cart-order-summary-subtotal-block\" class=\"wp-block-woocommerce-cart-order-summary-subtotal-block\">\u00a0<\/div>\n<div data-block-name=\"woocommerce\/cart-order-summary-discount-block\" class=\"wp-block-woocommerce-cart-order-summary-discount-block\">\u00a0<\/div>\n<div data-block-name=\"woocommerce\/cart-order-summary-fee-block\" class=\"wp-block-woocommerce-cart-order-summary-fee-block\">\u00a0<\/div>\n<div data-block-name=\"woocommerce\/cart-order-summary-shipping-block\" class=\"wp-block-woocommerce-cart-order-summary-shipping-block\">\u00a0<\/div>\n<div data-block-name=\"woocommerce\/cart-order-summary-taxes-block\" class=\"wp-block-woocommerce-cart-order-summary-taxes-block\">\u00a0<\/div><\/div>\r\n<\/div>\r\n\r\n\r\n\r\n<div data-block-name=\"woocommerce\/cart-express-payment-block\" class=\"wp-block-woocommerce-cart-express-payment-block\">\u00a0<\/div>\r\n\r\n\r\n\r\n<div data-block-name=\"woocommerce\/proceed-to-checkout-block\" class=\"wp-block-woocommerce-proceed-to-checkout-block\">\u00a0<\/div>\r\n\r\n\r\n\r\n<div data-block-name=\"woocommerce\/cart-accepted-payment-methods-block\" class=\"wp-block-woocommerce-cart-accepted-payment-methods-block\">\u00a0<\/div>\r\n<\/div>\r\n<\/div>\r\n\r\n\r\n\r\n<div data-block-name=\"woocommerce\/empty-cart-block\" class=\"wp-block-woocommerce-empty-cart-block\">\r\n<h2 class=\"wp-block-heading has-text-align-center with-empty-cart-icon wc-block-cart__empty-cart__title\">Your cart is currently empty!<\/h2>\r\n\r\n\r\n<hr class=\"wp-block-separator has-alpha-channel-opacity is-style-dots\" \/>\r\n\r\n\r\n<h2 class=\"wp-block-heading has-text-align-center\">New in store<\/h2>\r\n\r\n\r\n<div data-block-name=\"woocommerce\/product-new\" data-columns=\"4\" data-rows=\"1\" class=\"wc-block-grid wp-block-product-new wp-block-woocommerce-product-new wc-block-product-new has-4-columns\"><ul class=\"wc-block-grid__products\"><li class=\"wc-block-grid__product\"><span class=\"gtm4wp_productdata\" style=\"display:none; visibility:hidden;\" data-gtm4wp_product_data=\"{&quot;internal_id&quot;:27803,&quot;item_id&quot;:27803,&quot;item_name&quot;:&quot;Stilltee&quot;,&quot;sku&quot;:&quot;THE002&quot;,&quot;price&quot;:16.9,&quot;stocklevel&quot;:195,&quot;stockstatus&quot;:&quot;instock&quot;,&quot;google_business_vertical&quot;:&quot;retail&quot;,&quot;item_category&quot;:&quot;Tisanes&quot;,&quot;id&quot;:27803,&quot;productlink&quot;:&quot;https:\\\/\\\/plusbaby.ch\\\/de\\\/produkt\\\/stilltee\\\/&quot;,&quot;item_list_name&quot;:&quot;General Product List&quot;,&quot;index&quot;:0,&quot;product_type&quot;:&quot;simple&quot;,&quot;item_brand&quot;:&quot;&quot;}\"><\/span>\n\t\t\t\t<a href=\"https:\/\/plusbaby.ch\/de\/produkt\/stilltee\/\" class=\"wc-block-grid__product-link\">\n\t\t\t\t\t\n\t\t\t\t\t<div class=\"wc-block-grid__product-image\"><img fetchpriority=\"high\" decoding=\"async\" width=\"600\" height=\"600\" src=\"https:\/\/plusbaby.ch\/wp-content\/uploads\/2022\/12\/tisane-d-allaitement-600x600.webp\" class=\"attachment-woocommerce_thumbnail size-woocommerce_thumbnail\" alt=\"Stilltee: Hilft bei Koliken des S\u00e4uglings\" srcset=\"https:\/\/plusbaby.ch\/wp-content\/uploads\/2022\/12\/tisane-d-allaitement-600x600.webp 600w, https:\/\/plusbaby.ch\/wp-content\/uploads\/2022\/12\/tisane-d-allaitement-300x300.webp 300w, https:\/\/plusbaby.ch\/wp-content\/uploads\/2022\/12\/tisane-d-allaitement-1024x1024.webp 1024w, https:\/\/plusbaby.ch\/wp-content\/uploads\/2022\/12\/tisane-d-allaitement-150x150.webp 150w, https:\/\/plusbaby.ch\/wp-content\/uploads\/2022\/12\/tisane-d-allaitement-768x768.webp 768w, https:\/\/plusbaby.ch\/wp-content\/uploads\/2022\/12\/tisane-d-allaitement-1536x1536.webp 1536w, https:\/\/plusbaby.ch\/wp-content\/uploads\/2022\/12\/tisane-d-allaitement-12x12.webp 12w, https:\/\/plusbaby.ch\/wp-content\/uploads\/2022\/12\/tisane-d-allaitement-100x100.webp 100w, https:\/\/plusbaby.ch\/wp-content\/uploads\/2022\/12\/tisane-d-allaitement.webp 1623w\" sizes=\"(max-width: 600px) 100vw, 600px\" \/><\/div>\n\t\t\t\t\t<div class=\"wc-block-grid__product-title\">Stilltee<\/div>\n\t\t\t\t<\/a>\n\t\t\t\t<div class=\"wc-block-grid__product-price price\"><span class=\"woocommerce-Price-amount amount\"><span class=\"woocommerce-Price-currencySymbol\">&#067;&#072;&#070;<\/span>&nbsp;16.90<\/span><\/div>\n\t\t\t\t\n\t\t\t\t<div class=\"wp-block-button wc-block-grid__product-add-to-cart\"><a href=\"\/de\/wp-json\/wp\/v2\/pages\/27689?add-to-cart=27803\" aria-label=\"In den Warenkorb legen: \u201eStilltee\u201c\" data-quantity=\"1\" data-product_id=\"27803\" data-product_sku=\"THE002\" data-price=\"16.9\" rel=\"nofollow\" class=\"wp-block-button__link  add_to_cart_button ajax_add_to_cart\">In den Warenkorb<\/a><\/div>\n\t\t\t<\/li><li class=\"wc-block-grid__product\"><span class=\"gtm4wp_productdata\" style=\"display:none; visibility:hidden;\" data-gtm4wp_product_data=\"{&quot;internal_id&quot;:27806,&quot;item_id&quot;:27806,&quot;item_name&quot;:&quot;Kr\\u00e4utertee gegen \\u00dcbelkeit in der Schwangerschaft&quot;,&quot;sku&quot;:&quot;THE001&quot;,&quot;price&quot;:16.9,&quot;stocklevel&quot;:0,&quot;stockstatus&quot;:&quot;outofstock&quot;,&quot;google_business_vertical&quot;:&quot;retail&quot;,&quot;item_category&quot;:&quot;Tisanes&quot;,&quot;id&quot;:27806,&quot;productlink&quot;:&quot;https:\\\/\\\/plusbaby.ch\\\/de\\\/produkt\\\/krautertee-gegen-ubelkeit\\\/&quot;,&quot;item_list_name&quot;:&quot;General Product List&quot;,&quot;index&quot;:0,&quot;product_type&quot;:&quot;simple&quot;,&quot;item_brand&quot;:&quot;&quot;}\"><\/span>\n\t\t\t\t<a href=\"https:\/\/plusbaby.ch\/de\/produkt\/krautertee-gegen-ubelkeit\/\" class=\"wc-block-grid__product-link\">\n\t\t\t\t\t\n\t\t\t\t\t<div class=\"wc-block-grid__product-image\"><img decoding=\"async\" width=\"600\" height=\"600\" src=\"https:\/\/plusbaby.ch\/wp-content\/uploads\/2022\/12\/tisane-anti-nausees-600x600.webp\" class=\"attachment-woocommerce_thumbnail size-woocommerce_thumbnail\" alt=\"Kr\u00e4utertee gegen \u00dcbelkeit in der Schwangerschaft\" srcset=\"https:\/\/plusbaby.ch\/wp-content\/uploads\/2022\/12\/tisane-anti-nausees-600x600.webp 600w, https:\/\/plusbaby.ch\/wp-content\/uploads\/2022\/12\/tisane-anti-nausees-300x300.webp 300w, https:\/\/plusbaby.ch\/wp-content\/uploads\/2022\/12\/tisane-anti-nausees-1024x1024.webp 1024w, https:\/\/plusbaby.ch\/wp-content\/uploads\/2022\/12\/tisane-anti-nausees-150x150.webp 150w, https:\/\/plusbaby.ch\/wp-content\/uploads\/2022\/12\/tisane-anti-nausees-768x768.webp 768w, https:\/\/plusbaby.ch\/wp-content\/uploads\/2022\/12\/tisane-anti-nausees-1536x1536.webp 1536w, https:\/\/plusbaby.ch\/wp-content\/uploads\/2022\/12\/tisane-anti-nausees-12x12.webp 12w, https:\/\/plusbaby.ch\/wp-content\/uploads\/2022\/12\/tisane-anti-nausees-100x100.webp 100w, https:\/\/plusbaby.ch\/wp-content\/uploads\/2022\/12\/tisane-anti-nausees.webp 1623w\" sizes=\"(max-width: 600px) 100vw, 600px\" \/><\/div>\n\t\t\t\t\t<div class=\"wc-block-grid__product-title\">Kr\u00e4utertee gegen \u00dcbelkeit in der Schwangerschaft<\/div>\n\t\t\t\t<\/a>\n\t\t\t\t<div class=\"wc-block-grid__product-price price\"><span class=\"woocommerce-Price-amount amount\"><span class=\"woocommerce-Price-currencySymbol\">&#067;&#072;&#070;<\/span>&nbsp;16.90<\/span><\/div>\n\t\t\t\t\n\t\t\t\t<div class=\"wp-block-button wc-block-grid__product-add-to-cart\"><a href=\"https:\/\/plusbaby.ch\/de\/produkt\/krautertee-gegen-ubelkeit\/\" aria-label=\"Lese mehr \u00fcber &#8222;Kr\u00e4utertee gegen \u00dcbelkeit in der Schwangerschaft&#8220;\" data-quantity=\"1\" data-product_id=\"27806\" data-product_sku=\"THE001\" data-price=\"16.9\" rel=\"nofollow\" class=\"wp-block-button__link  add_to_cart_button\">In den Warenkorb<\/a><\/div>\n\t\t\t<\/li><li class=\"wc-block-grid__product\"><span class=\"gtm4wp_productdata\" style=\"display:none; visibility:hidden;\" data-gtm4wp_product_data=\"{&quot;internal_id&quot;:27812,&quot;item_id&quot;:27812,&quot;item_name&quot;:&quot;Maca-Wurzel (Peruanischer Ginseng oder Viagra) f\\u00fcr Fruchtbarkeit&quot;,&quot;sku&quot;:&quot;COMP005&quot;,&quot;price&quot;:32.2,&quot;stocklevel&quot;:435,&quot;stockstatus&quot;:&quot;instock&quot;,&quot;google_business_vertical&quot;:&quot;retail&quot;,&quot;item_category&quot;:&quot;Erganzungen&quot;,&quot;id&quot;:27812,&quot;productlink&quot;:&quot;https:\\\/\\\/plusbaby.ch\\\/de\\\/produkt\\\/plusmaca\\\/&quot;,&quot;item_list_name&quot;:&quot;General Product List&quot;,&quot;index&quot;:0,&quot;product_type&quot;:&quot;simple&quot;,&quot;item_brand&quot;:&quot;&quot;}\"><\/span>\n\t\t\t\t<a href=\"https:\/\/plusbaby.ch\/de\/produkt\/plusmaca\/\" class=\"wc-block-grid__product-link\">\n\t\t\t\t\t<div class=\"wc-block-grid__product-onsale\">\n\t\t\t<span aria-hidden=\"true\">Angebot<\/span>\n\t\t\t<span class=\"screen-reader-text\">Produkt im Angebot<\/span>\n\t\t<\/div>\n\t\t\t\t\t<div class=\"wc-block-grid__product-image\"><img decoding=\"async\" width=\"600\" height=\"600\" src=\"https:\/\/plusbaby.ch\/wp-content\/uploads\/2022\/12\/augmenter-la-libido-et-la-fertilite-chez-les-hommes-et-les-femmes-suisses-600x600.png\" class=\"attachment-woocommerce_thumbnail size-woocommerce_thumbnail\" alt=\"Steigerung der Libido und Fruchtbarkeit Schweizer M\u00e4nner und Frauen\" srcset=\"https:\/\/plusbaby.ch\/wp-content\/uploads\/2022\/12\/augmenter-la-libido-et-la-fertilite-chez-les-hommes-et-les-femmes-suisses-600x600.png 600w, https:\/\/plusbaby.ch\/wp-content\/uploads\/2022\/12\/augmenter-la-libido-et-la-fertilite-chez-les-hommes-et-les-femmes-suisses-150x150.png 150w, https:\/\/plusbaby.ch\/wp-content\/uploads\/2022\/12\/augmenter-la-libido-et-la-fertilite-chez-les-hommes-et-les-femmes-suisses-100x100.png 100w\" sizes=\"(max-width: 600px) 100vw, 600px\" \/><\/div>\n\t\t\t\t\t<div class=\"wc-block-grid__product-title\">Maca-Wurzel (Peruanischer Ginseng oder Viagra) f\u00fcr Fruchtbarkeit<\/div>\n\t\t\t\t<\/a>\n\t\t\t\t<div class=\"wc-block-grid__product-price price\"><del aria-hidden=\"true\"><span class=\"woocommerce-Price-amount amount\"><span class=\"woocommerce-Price-currencySymbol\">&#067;&#072;&#070;<\/span>&nbsp;33.90<\/span><\/del> <span class=\"screen-reader-text\">Urspr\u00fcnglicher Preis war: &#067;&#072;&#070;&nbsp;33.90<\/span><ins aria-hidden=\"true\"><span class=\"woocommerce-Price-amount amount\"><span class=\"woocommerce-Price-currencySymbol\">&#067;&#072;&#070;<\/span>&nbsp;32.20<\/span><\/ins><span class=\"screen-reader-text\">Aktueller Preis ist: &#067;&#072;&#070;&nbsp;32.20.<\/span><\/div>\n\t\t\t\t<div class=\"wc-block-grid__product-rating\"><div class=\"star-rating\" role=\"img\" aria-label=\"Bewertet mit 4.50 von 5\"><span style=\"width:90%\">Bewertet mit <strong class=\"rating\">4.50<\/strong> von 5, basierend auf <span class=\"rating\">12<\/span> Kundenbewertungen<\/span><\/div><\/div>\n\t\t\t\t<div class=\"wp-block-button wc-block-grid__product-add-to-cart\"><a href=\"\/de\/wp-json\/wp\/v2\/pages\/27689?add-to-cart=27812\" aria-label=\"In den Warenkorb legen: \u201eMaca-Wurzel (Peruanischer Ginseng oder Viagra) f\u00fcr Fruchtbarkeit\u201c\" data-quantity=\"1\" data-product_id=\"27812\" data-product_sku=\"COMP005\" data-price=\"32.2\" rel=\"nofollow\" class=\"wp-block-button__link  add_to_cart_button ajax_add_to_cart\">In den Warenkorb<\/a><\/div>\n\t\t\t<\/li><li class=\"wc-block-grid__product\"><span class=\"gtm4wp_productdata\" style=\"display:none; visibility:hidden;\" data-gtm4wp_product_data=\"{&quot;internal_id&quot;:27820,&quot;item_id&quot;:27820,&quot;item_name&quot;:&quot;+mum Vegane pr\\u00e4natale Vitamine&quot;,&quot;sku&quot;:&quot;COMP001&quot;,&quot;price&quot;:42.65,&quot;stocklevel&quot;:503,&quot;stockstatus&quot;:&quot;instock&quot;,&quot;google_business_vertical&quot;:&quot;retail&quot;,&quot;item_category&quot;:&quot;Erganzungen&quot;,&quot;id&quot;:27820,&quot;productlink&quot;:&quot;https:\\\/\\\/plusbaby.ch\\\/de\\\/produkt\\\/plusmum\\\/&quot;,&quot;item_list_name&quot;:&quot;General Product List&quot;,&quot;index&quot;:0,&quot;product_type&quot;:&quot;simple&quot;,&quot;item_brand&quot;:&quot;&quot;}\"><\/span>\n\t\t\t\t<a href=\"https:\/\/plusbaby.ch\/de\/produkt\/plusmum\/\" class=\"wc-block-grid__product-link\">\n\t\t\t\t\t<div class=\"wc-block-grid__product-onsale\">\n\t\t\t<span aria-hidden=\"true\">Angebot<\/span>\n\t\t\t<span class=\"screen-reader-text\">Produkt im Angebot<\/span>\n\t\t<\/div>\n\t\t\t\t\t<div class=\"wc-block-grid__product-image\"><img loading=\"lazy\" decoding=\"async\" width=\"600\" height=\"600\" src=\"https:\/\/plusbaby.ch\/wp-content\/uploads\/2025\/12\/Vitamines-prenatales-vegetaliennes-pour-la-grossesse-en-Suisse-600x600.png\" class=\"attachment-woocommerce_thumbnail size-woocommerce_thumbnail\" alt=\"Vitamines pr\u00e9natales v\u00e9g\u00e9taliennes pour la grossesse en Suisse\" srcset=\"https:\/\/plusbaby.ch\/wp-content\/uploads\/2025\/12\/Vitamines-prenatales-vegetaliennes-pour-la-grossesse-en-Suisse-600x600.png 600w, https:\/\/plusbaby.ch\/wp-content\/uploads\/2025\/12\/Vitamines-prenatales-vegetaliennes-pour-la-grossesse-en-Suisse-150x150.png 150w, https:\/\/plusbaby.ch\/wp-content\/uploads\/2025\/12\/Vitamines-prenatales-vegetaliennes-pour-la-grossesse-en-Suisse-100x100.png 100w\" sizes=\"(max-width: 600px) 100vw, 600px\" \/><\/div>\n\t\t\t\t\t<div class=\"wc-block-grid__product-title\">+mum Vegane pr\u00e4natale Vitamine<\/div>\n\t\t\t\t<\/a>\n\t\t\t\t<div class=\"wc-block-grid__product-price price\"><del aria-hidden=\"true\"><span class=\"woocommerce-Price-amount amount\"><span class=\"woocommerce-Price-currencySymbol\">&#067;&#072;&#070;<\/span>&nbsp;44.90<\/span><\/del> <span class=\"screen-reader-text\">Urspr\u00fcnglicher Preis war: &#067;&#072;&#070;&nbsp;44.90<\/span><ins aria-hidden=\"true\"><span class=\"woocommerce-Price-amount amount\"><span class=\"woocommerce-Price-currencySymbol\">&#067;&#072;&#070;<\/span>&nbsp;42.65<\/span><\/ins><span class=\"screen-reader-text\">Aktueller Preis ist: &#067;&#072;&#070;&nbsp;42.65.<\/span><\/div>\n\t\t\t\t<div class=\"wc-block-grid__product-rating\"><div class=\"star-rating\" role=\"img\" aria-label=\"Bewertet mit 4.80 von 5\"><span style=\"width:96%\">Bewertet mit <strong class=\"rating\">4.80<\/strong> von 5, basierend auf <span class=\"rating\">15<\/span> Kundenbewertungen<\/span><\/div><\/div>\n\t\t\t\t<div class=\"wp-block-button wc-block-grid__product-add-to-cart\"><a href=\"\/de\/wp-json\/wp\/v2\/pages\/27689?add-to-cart=27820\" aria-label=\"In den Warenkorb legen: \u201e+mum Vegane pr\u00e4natale Vitamine\u201c\" data-quantity=\"1\" data-product_id=\"27820\" data-product_sku=\"COMP001\" data-price=\"42.65\" rel=\"nofollow\" class=\"wp-block-button__link  add_to_cart_button ajax_add_to_cart\">In den Warenkorb<\/a><\/div>\n\t\t\t<\/li><\/ul><\/div><\/div>\r\n<\/div>\r\n","protected":false},"excerpt":{"rendered":"","protected":false},"author":1,"featured_media":0,"parent":0,"menu_order":0,"comment_status":"closed","ping_status":"closed","template":"","meta":{"_acf_changed":false,"footnotes":""},"class_list":["post-27689","page","type-page","status-publish","hentry"],"acf":[],"yoast_head":"<!-- This site is optimized with the Yoast SEO Premium plugin v27.3 (Yoast SEO v27.3) - https:\/\/yoast.com\/product\/yoast-seo-premium-wordpress\/ -->\n<title>Cart | PlusBaby<\/title>\n<meta name=\"robots\" content=\"noindex, nofollow\" \/>\n<meta property=\"og:locale\" content=\"de_DE\" \/>\n<meta property=\"og:type\" content=\"article\" \/>\n<meta property=\"og:title\" content=\"Cart\" \/>\n<meta property=\"og:url\" content=\"https:\/\/plusbaby.ch\/de\/cart\/\" \/>\n<meta property=\"og:site_name\" content=\"PlusBaby\" \/>\n<meta property=\"article:publisher\" content=\"https:\/\/www.facebook.com\/plusbaby.ch\" \/>\n<meta property=\"article:modified_time\" content=\"2025-04-23T09:56:13+00:00\" \/>\n<meta property=\"og:image\" content=\"https:\/\/plusbaby.ch\/wp-content\/uploads\/2022\/07\/grossesse.webp\" \/>\n\t<meta property=\"og:image:width\" content=\"1900\" \/>\n\t<meta property=\"og:image:height\" content=\"950\" \/>\n\t<meta property=\"og:image:type\" content=\"image\/webp\" \/>\n<meta name=\"twitter:card\" content=\"summary_large_image\" \/>\n<meta name=\"twitter:label1\" content=\"Gesch\u00e4tzte Lesezeit\" \/>\n\t<meta name=\"twitter:data1\" content=\"1\u00a0Minute\" \/>\n<script type=\"application\/ld+json\" class=\"yoast-schema-graph\">{\"@context\":\"https:\\\/\\\/schema.org\",\"@graph\":[{\"@type\":\"WebPage\",\"@id\":\"https:\\\/\\\/plusbaby.ch\\\/de\\\/cart\\\/\",\"url\":\"https:\\\/\\\/plusbaby.ch\\\/de\\\/cart\\\/\",\"name\":\"Cart | PlusBaby\",\"isPartOf\":{\"@id\":\"https:\\\/\\\/plusbaby.ch\\\/de\\\/#website\"},\"datePublished\":\"2024-08-05T07:36:51+00:00\",\"dateModified\":\"2025-04-23T09:56:13+00:00\",\"breadcrumb\":{\"@id\":\"https:\\\/\\\/plusbaby.ch\\\/de\\\/cart\\\/#breadcrumb\"},\"inLanguage\":\"de\",\"potentialAction\":[{\"@type\":\"ReadAction\",\"target\":[\"https:\\\/\\\/plusbaby.ch\\\/de\\\/cart\\\/\"]}]},{\"@type\":\"BreadcrumbList\",\"@id\":\"https:\\\/\\\/plusbaby.ch\\\/de\\\/cart\\\/#breadcrumb\",\"itemListElement\":[{\"@type\":\"ListItem\",\"position\":1,\"name\":\"Home\",\"item\":\"https:\\\/\\\/plusbaby.ch\\\/de\\\/\"},{\"@type\":\"ListItem\",\"position\":2,\"name\":\"Cart\"}]},{\"@type\":\"WebSite\",\"@id\":\"https:\\\/\\\/plusbaby.ch\\\/de\\\/#website\",\"url\":\"https:\\\/\\\/plusbaby.ch\\\/de\\\/\",\"name\":\"Plusbaby\",\"description\":\"\",\"publisher\":{\"@id\":\"https:\\\/\\\/plusbaby.ch\\\/de\\\/#organization\"},\"potentialAction\":[{\"@type\":\"SearchAction\",\"target\":{\"@type\":\"EntryPoint\",\"urlTemplate\":\"https:\\\/\\\/plusbaby.ch\\\/de\\\/?s={search_term_string}\"},\"query-input\":{\"@type\":\"PropertyValueSpecification\",\"valueRequired\":true,\"valueName\":\"search_term_string\"}}],\"inLanguage\":\"de\"},{\"@type\":\"Organization\",\"@id\":\"https:\\\/\\\/plusbaby.ch\\\/de\\\/#organization\",\"name\":\"Plusbaby\",\"url\":\"https:\\\/\\\/plusbaby.ch\\\/de\\\/\",\"logo\":{\"@type\":\"ImageObject\",\"inLanguage\":\"de\",\"@id\":\"https:\\\/\\\/plusbaby.ch\\\/de\\\/#\\\/schema\\\/logo\\\/image\\\/\",\"url\":\"https:\\\/\\\/plusbaby.ch\\\/wp-content\\\/uploads\\\/2022\\\/04\\\/PlusBabyLogo_logo.svg\",\"contentUrl\":\"https:\\\/\\\/plusbaby.ch\\\/wp-content\\\/uploads\\\/2022\\\/04\\\/PlusBabyLogo_logo.svg\",\"width\":289,\"height\":169,\"caption\":\"Plusbaby\"},\"image\":{\"@id\":\"https:\\\/\\\/plusbaby.ch\\\/de\\\/#\\\/schema\\\/logo\\\/image\\\/\"},\"sameAs\":[\"https:\\\/\\\/www.facebook.com\\\/plusbaby.ch\",\"https:\\\/\\\/www.instagram.com\\\/plusbaby.ch\\\/\",\"https:\\\/\\\/www.linkedin.com\\\/company\\\/plusbaby\\\/?viewAsMember=true\",\"https:\\\/\\\/www.instagram.com\\\/plusbaby_ge\"]}]}<\/script>\n<!-- \/ Yoast SEO Premium plugin. -->","yoast_head_json":{"title":"Cart | PlusBaby","robots":{"index":"noindex","follow":"nofollow"},"og_locale":"de_DE","og_type":"article","og_title":"Cart","og_url":"https:\/\/plusbaby.ch\/de\/cart\/","og_site_name":"PlusBaby","article_publisher":"https:\/\/www.facebook.com\/plusbaby.ch","article_modified_time":"2025-04-23T09:56:13+00:00","og_image":[{"width":1900,"height":950,"url":"https:\/\/plusbaby.ch\/wp-content\/uploads\/2022\/07\/grossesse.webp","type":"image\/webp"}],"twitter_card":"summary_large_image","twitter_misc":{"Gesch\u00e4tzte Lesezeit":"1\u00a0Minute"},"schema":{"@context":"https:\/\/schema.org","@graph":[{"@type":"WebPage","@id":"https:\/\/plusbaby.ch\/de\/cart\/","url":"https:\/\/plusbaby.ch\/de\/cart\/","name":"Cart | PlusBaby","isPartOf":{"@id":"https:\/\/plusbaby.ch\/de\/#website"},"datePublished":"2024-08-05T07:36:51+00:00","dateModified":"2025-04-23T09:56:13+00:00","breadcrumb":{"@id":"https:\/\/plusbaby.ch\/de\/cart\/#breadcrumb"},"inLanguage":"de","potentialAction":[{"@type":"ReadAction","target":["https:\/\/plusbaby.ch\/de\/cart\/"]}]},{"@type":"BreadcrumbList","@id":"https:\/\/plusbaby.ch\/de\/cart\/#breadcrumb","itemListElement":[{"@type":"ListItem","position":1,"name":"Home","item":"https:\/\/plusbaby.ch\/de\/"},{"@type":"ListItem","position":2,"name":"Cart"}]},{"@type":"WebSite","@id":"https:\/\/plusbaby.ch\/de\/#website","url":"https:\/\/plusbaby.ch\/de\/","name":"Plusbaby","description":"","publisher":{"@id":"https:\/\/plusbaby.ch\/de\/#organization"},"potentialAction":[{"@type":"SearchAction","target":{"@type":"EntryPoint","urlTemplate":"https:\/\/plusbaby.ch\/de\/?s={search_term_string}"},"query-input":{"@type":"PropertyValueSpecification","valueRequired":true,"valueName":"search_term_string"}}],"inLanguage":"de"},{"@type":"Organization","@id":"https:\/\/plusbaby.ch\/de\/#organization","name":"Plusbaby","url":"https:\/\/plusbaby.ch\/de\/","logo":{"@type":"ImageObject","inLanguage":"de","@id":"https:\/\/plusbaby.ch\/de\/#\/schema\/logo\/image\/","url":"https:\/\/plusbaby.ch\/wp-content\/uploads\/2022\/04\/PlusBabyLogo_logo.svg","contentUrl":"https:\/\/plusbaby.ch\/wp-content\/uploads\/2022\/04\/PlusBabyLogo_logo.svg","width":289,"height":169,"caption":"Plusbaby"},"image":{"@id":"https:\/\/plusbaby.ch\/de\/#\/schema\/logo\/image\/"},"sameAs":["https:\/\/www.facebook.com\/plusbaby.ch","https:\/\/www.instagram.com\/plusbaby.ch\/","https:\/\/www.linkedin.com\/company\/plusbaby\/?viewAsMember=true","https:\/\/www.instagram.com\/plusbaby_ge"]}]}},"_links":{"self":[{"href":"https:\/\/plusbaby.ch\/de\/wp-json\/wp\/v2\/pages\/27689","targetHints":{"allow":["GET"]}}],"collection":[{"href":"https:\/\/plusbaby.ch\/de\/wp-json\/wp\/v2\/pages"}],"about":[{"href":"https:\/\/plusbaby.ch\/de\/wp-json\/wp\/v2\/types\/page"}],"author":[{"embeddable":true,"href":"https:\/\/plusbaby.ch\/de\/wp-json\/wp\/v2\/users\/1"}],"replies":[{"embeddable":true,"href":"https:\/\/plusbaby.ch\/de\/wp-json\/wp\/v2\/comments?post=27689"}],"version-history":[{"count":0,"href":"https:\/\/plusbaby.ch\/de\/wp-json\/wp\/v2\/pages\/27689\/revisions"}],"wp:attachment":[{"href":"https:\/\/plusbaby.ch\/de\/wp-json\/wp\/v2\/media?parent=27689"}],"curies":[{"name":"wp","href":"https:\/\/api.w.org\/{rel}","templated":true}]}}