        {"id":27803,"date":"2022-12-13T13:45:03","date_gmt":"2022-12-13T12:45:03","guid":{"rendered":"https:\/\/infotechdemos.co.in\/plusbaby\/?post_type=product&#038;p=27803"},"modified":"2025-12-02T07:23:24","modified_gmt":"2025-12-02T06:23:24","slug":"stilltee","status":"publish","type":"product","link":"https:\/\/plusbaby.ch\/de\/produkt\/stilltee\/","title":{"rendered":"Stilltee"},"content":{"rendered":"<p><span dir=\"auto\" style=\"vertical-align: inherit;\"><span dir=\"auto\" style=\"vertical-align: inherit;\">Tun Sie sich und Ihrem Baby etwas Gutes! Dieser Kr\u00e4utertee wurde speziell f\u00fcr das Stillen entwickelt. Seine sorgf\u00e4ltig ausgew\u00e4hlte Rezeptur regt die Milchbildung stark an, f\u00f6rdert die Verdauung und lindert Koliken des S\u00e4uglings. And then the Bockshornklee, when the Entbindung empfohlen wird, an Organismus wieder aufzubauen und eine Ersch\u00f6pfung der Mutter zu vermeiden.<\/span><\/span><\/p>\n<h4><strong><span dir=\"auto\" style=\"vertical-align: inherit;\"><span dir=\"auto\" style=\"vertical-align: inherit;\">Application<\/span><\/span><\/strong><\/h4>\n<p><span dir=\"auto\" style=\"vertical-align: inherit;\"><span dir=\"auto\" style=\"vertical-align: inherit;\">1 Filter bottle for 1 Cup (ca. 250 ml). The water will be heated for 5 to 10 minutes, and the water will be left open and closed.<\/span><\/span><\/p>\n","protected":false},"excerpt":{"rendered":"<h2><strong><span dir=\"auto\" style=\"vertical-align: inherit;\"><span dir=\"auto\" style=\"vertical-align: inherit;\">Stilltee: Hilft bei Koliken des S\u00e4uglings<\/span><\/span><\/strong><\/h2>\n<h3><strong><span dir=\"auto\" style=\"vertical-align: inherit;\"><span dir=\"auto\" style=\"vertical-align: inherit;\">A daily routine for your baby<\/span><\/span><\/strong><\/h3>\n<p><span dir=\"auto\" style=\"vertical-align: inherit;\"><span dir=\"auto\" style=\"vertical-align: inherit;\">Dieser Kr\u00e4utertee wurde speziell f\u00fcr die Stillzeit und zur Unterst\u00fctzung der Verdauung Ihres Babies entwickelt. Then you get to know the results, see the <\/span><\/span><span dir=\"auto\" style=\"vertical-align: inherit;\"><span dir=\"auto\" style=\"vertical-align: inherit;\">Milchbildung<\/span><\/span><span dir=\"auto\" style=\"vertical-align: inherit;\"><span dir=\"auto\" style=\"vertical-align: inherit;\"> anregen, die Verdauung f\u00f6rdern und <\/span><\/span><a href=\"https:\/\/www.swissmom.ch\/de\/baby\/hausmittel-und-erste-hilfe\/hausmittel-gegen-blaehungen-bei-babys-und-kinder-18267\"><span dir=\"auto\" style=\"vertical-align: inherit;\"><span dir=\"auto\" style=\"vertical-align: inherit;\">Koliken<\/span><\/span><\/a><span dir=\"auto\" style=\"vertical-align: inherit;\"><span dir=\"auto\" style=\"vertical-align: inherit;\"> lindern.<\/span><\/span><\/p>\n<p><span dir=\"auto\" style=\"vertical-align: inherit;\"><span dir=\"auto\" style=\"vertical-align: inherit;\">Contains 30 bags<\/span><\/span><\/p>\n","protected":false},"featured_media":26260,"comment_status":"open","ping_status":"closed","template":"","meta":{"_acf_changed":false},"product_brand":[],"product_cat":[270],"product_tag":[271],"class_list":{"0":"post-27803","1":"product","2":"type-product","3":"status-publish","4":"has-post-thumbnail","6":"product_cat-krautertees","7":"product_tag-krautertees","8":"product_shipping_class-home-tests-de","10":"first","11":"instock","12":"taxable","13":"shipping-taxable","14":"purchasable","15":"product-type-simple"},"acf":[],"yoast_head":"<!-- This site is optimized with the Yoast SEO Premium plugin v27.4 (Yoast SEO v27.4) - https:\/\/yoast.com\/product\/yoast-seo-premium-wordpress\/ -->\n<title>Kr\u00e4utertee F\u00fcr Stillzeit &amp; S\u00e4uglingskoliken | Plusbaby<\/title>\n<meta name=\"description\" content=\"Unterst\u00fctzt Milchbildung und lindert Bl\u00e4hungen mit koffeinfreiem, veganem Kr\u00e4utertee von Schweizer Experten, gepr\u00fcft von \u00c4rzten.\" \/>\n<meta name=\"robots\" content=\"index, follow, max-snippet:-1, max-image-preview:large, max-video-preview:-1\" \/>\n<link rel=\"canonical\" href=\"https:\/\/plusbaby.ch\/de\/produkt\/stilltee\/\" \/>\n<meta property=\"og:locale\" content=\"de_DE\" \/>\n<meta property=\"og:type\" content=\"article\" \/>\n<meta property=\"og:title\" content=\"Stilltee\" \/>\n<meta property=\"og:description\" content=\"Unterst\u00fctzt Milchbildung und lindert Bl\u00e4hungen mit koffeinfreiem, veganem Kr\u00e4utertee von Schweizer Experten, gepr\u00fcft von \u00c4rzten.\" \/>\n<meta property=\"og:url\" content=\"https:\/\/plusbaby.ch\/de\/produkt\/stilltee\/\" \/>\n<meta property=\"og:site_name\" content=\"PlusBaby\" \/>\n<meta property=\"article:publisher\" content=\"https:\/\/www.facebook.com\/plusbaby.ch\" \/>\n<meta property=\"article:modified_time\" content=\"2025-12-02T06:23:24+00:00\" \/>\n<meta property=\"og:image\" content=\"https:\/\/plusbaby.ch\/wp-content\/uploads\/2022\/12\/tisane-d-allaitement.webp\" \/>\n\t<meta property=\"og:image:width\" content=\"1623\" \/>\n\t<meta property=\"og:image:height\" content=\"1623\" \/>\n\t<meta property=\"og:image:type\" content=\"image\/webp\" \/>\n<meta name=\"twitter:card\" content=\"summary_large_image\" \/>\n<meta name=\"twitter:label1\" content=\"Gesch\u00e4tzte Lesezeit\" \/>\n\t<meta name=\"twitter:data1\" content=\"1\u00a0Minute\" \/>\n<script type=\"application\/ld+json\" class=\"yoast-schema-graph\">{\"@context\":\"https:\\\/\\\/schema.org\",\"@graph\":[{\"@type\":\"WebPage\",\"@id\":\"https:\\\/\\\/plusbaby.ch\\\/de\\\/produkt\\\/stilltee\\\/\",\"url\":\"https:\\\/\\\/plusbaby.ch\\\/de\\\/produkt\\\/stilltee\\\/\",\"name\":\"Kr\u00e4utertee F\u00fcr Stillzeit & S\u00e4uglingskoliken | Plusbaby\",\"isPartOf\":{\"@id\":\"https:\\\/\\\/plusbaby.ch\\\/de\\\/#website\"},\"primaryImageOfPage\":{\"@id\":\"https:\\\/\\\/plusbaby.ch\\\/de\\\/produkt\\\/stilltee\\\/#primaryimage\"},\"image\":{\"@id\":\"https:\\\/\\\/plusbaby.ch\\\/de\\\/produkt\\\/stilltee\\\/#primaryimage\"},\"thumbnailUrl\":\"https:\\\/\\\/plusbaby.ch\\\/wp-content\\\/uploads\\\/2022\\\/12\\\/tisane-d-allaitement.webp\",\"datePublished\":\"2022-12-13T12:45:03+00:00\",\"dateModified\":\"2025-12-02T06:23:24+00:00\",\"description\":\"Unterst\u00fctzt Milchbildung und lindert Bl\u00e4hungen mit koffeinfreiem, veganem Kr\u00e4utertee von Schweizer Experten, gepr\u00fcft von \u00c4rzten.\",\"breadcrumb\":{\"@id\":\"https:\\\/\\\/plusbaby.ch\\\/de\\\/produkt\\\/stilltee\\\/#breadcrumb\"},\"inLanguage\":\"de\",\"potentialAction\":[{\"@type\":\"ReadAction\",\"target\":[\"https:\\\/\\\/plusbaby.ch\\\/de\\\/produkt\\\/stilltee\\\/\"]}]},{\"@type\":\"ImageObject\",\"inLanguage\":\"de\",\"@id\":\"https:\\\/\\\/plusbaby.ch\\\/de\\\/produkt\\\/stilltee\\\/#primaryimage\",\"url\":\"https:\\\/\\\/plusbaby.ch\\\/wp-content\\\/uploads\\\/2022\\\/12\\\/tisane-d-allaitement.webp\",\"contentUrl\":\"https:\\\/\\\/plusbaby.ch\\\/wp-content\\\/uploads\\\/2022\\\/12\\\/tisane-d-allaitement.webp\",\"width\":1623,\"height\":1623,\"caption\":\"Stilltee: Hilft bei Koliken des S\u00e4uglings\"},{\"@type\":\"BreadcrumbList\",\"@id\":\"https:\\\/\\\/plusbaby.ch\\\/de\\\/produkt\\\/stilltee\\\/#breadcrumb\",\"itemListElement\":[{\"@type\":\"ListItem\",\"position\":1,\"name\":\"Home\",\"item\":\"https:\\\/\\\/plusbaby.ch\\\/de\\\/\"},{\"@type\":\"ListItem\",\"position\":2,\"name\":\"Shop\",\"item\":\"https:\\\/\\\/plusbaby.ch\\\/de\\\/shop\\\/\"},{\"@type\":\"ListItem\",\"position\":3,\"name\":\"Tisanes\",\"item\":\"https:\\\/\\\/plusbaby.ch\\\/de\\\/product-tag\\\/krautertees\\\/\"},{\"@type\":\"ListItem\",\"position\":4,\"name\":\"Stilltee\"}]},{\"@type\":\"WebSite\",\"@id\":\"https:\\\/\\\/plusbaby.ch\\\/de\\\/#website\",\"url\":\"https:\\\/\\\/plusbaby.ch\\\/de\\\/\",\"name\":\"Plusbaby\",\"description\":\"\",\"publisher\":{\"@id\":\"https:\\\/\\\/plusbaby.ch\\\/de\\\/#organization\"},\"potentialAction\":[{\"@type\":\"SearchAction\",\"target\":{\"@type\":\"EntryPoint\",\"urlTemplate\":\"https:\\\/\\\/plusbaby.ch\\\/de\\\/?s={search_term_string}\"},\"query-input\":{\"@type\":\"PropertyValueSpecification\",\"valueRequired\":true,\"valueName\":\"search_term_string\"}}],\"inLanguage\":\"de\"},{\"@type\":\"Organization\",\"@id\":\"https:\\\/\\\/plusbaby.ch\\\/de\\\/#organization\",\"name\":\"Plusbaby\",\"url\":\"https:\\\/\\\/plusbaby.ch\\\/de\\\/\",\"logo\":{\"@type\":\"ImageObject\",\"inLanguage\":\"de\",\"@id\":\"https:\\\/\\\/plusbaby.ch\\\/de\\\/#\\\/schema\\\/logo\\\/image\\\/\",\"url\":\"https:\\\/\\\/plusbaby.ch\\\/wp-content\\\/uploads\\\/2022\\\/04\\\/PlusBabyLogo_logo.svg\",\"contentUrl\":\"https:\\\/\\\/plusbaby.ch\\\/wp-content\\\/uploads\\\/2022\\\/04\\\/PlusBabyLogo_logo.svg\",\"width\":289,\"height\":169,\"caption\":\"Plusbaby\"},\"image\":{\"@id\":\"https:\\\/\\\/plusbaby.ch\\\/de\\\/#\\\/schema\\\/logo\\\/image\\\/\"},\"sameAs\":[\"https:\\\/\\\/www.facebook.com\\\/plusbaby.ch\",\"https:\\\/\\\/www.instagram.com\\\/plusbaby.ch\\\/\",\"https:\\\/\\\/www.linkedin.com\\\/company\\\/plusbaby\\\/?viewAsMember=true\",\"https:\\\/\\\/www.instagram.com\\\/plusbaby_ge\"]}]}<\/script>\n<!-- \/ Yoast SEO Premium plugin. -->","yoast_head_json":{"title":"Kr\u00e4utertee F\u00fcr Stillzeit & S\u00e4uglingskoliken | Plusbaby","description":"Unterst\u00fctzt Milchbildung und lindert Bl\u00e4hungen mit koffeinfreiem, veganem Kr\u00e4utertee von Schweizer Experten, gepr\u00fcft von \u00c4rzten.","robots":{"index":"index","follow":"follow","max-snippet":"max-snippet:-1","max-image-preview":"max-image-preview:large","max-video-preview":"max-video-preview:-1"},"canonical":"https:\/\/plusbaby.ch\/de\/produkt\/stilltee\/","og_locale":"de_DE","og_type":"article","og_title":"Stilltee","og_description":"Unterst\u00fctzt Milchbildung und lindert Bl\u00e4hungen mit koffeinfreiem, veganem Kr\u00e4utertee von Schweizer Experten, gepr\u00fcft von \u00c4rzten.","og_url":"https:\/\/plusbaby.ch\/de\/produkt\/stilltee\/","og_site_name":"PlusBaby","article_publisher":"https:\/\/www.facebook.com\/plusbaby.ch","article_modified_time":"2025-12-02T06:23:24+00:00","og_image":[{"width":1623,"height":1623,"url":"https:\/\/plusbaby.ch\/wp-content\/uploads\/2022\/12\/tisane-d-allaitement.webp","type":"image\/webp"}],"twitter_card":"summary_large_image","twitter_misc":{"Gesch\u00e4tzte Lesezeit":"1\u00a0Minute"},"schema":{"@context":"https:\/\/schema.org","@graph":[{"@type":"WebPage","@id":"https:\/\/plusbaby.ch\/de\/produkt\/stilltee\/","url":"https:\/\/plusbaby.ch\/de\/produkt\/stilltee\/","name":"Kr\u00e4utertee F\u00fcr Stillzeit & S\u00e4uglingskoliken | Plusbaby","isPartOf":{"@id":"https:\/\/plusbaby.ch\/de\/#website"},"primaryImageOfPage":{"@id":"https:\/\/plusbaby.ch\/de\/produkt\/stilltee\/#primaryimage"},"image":{"@id":"https:\/\/plusbaby.ch\/de\/produkt\/stilltee\/#primaryimage"},"thumbnailUrl":"https:\/\/plusbaby.ch\/wp-content\/uploads\/2022\/12\/tisane-d-allaitement.webp","datePublished":"2022-12-13T12:45:03+00:00","dateModified":"2025-12-02T06:23:24+00:00","description":"Unterst\u00fctzt Milchbildung und lindert Bl\u00e4hungen mit koffeinfreiem, veganem Kr\u00e4utertee von Schweizer Experten, gepr\u00fcft von \u00c4rzten.","breadcrumb":{"@id":"https:\/\/plusbaby.ch\/de\/produkt\/stilltee\/#breadcrumb"},"inLanguage":"de","potentialAction":[{"@type":"ReadAction","target":["https:\/\/plusbaby.ch\/de\/produkt\/stilltee\/"]}]},{"@type":"ImageObject","inLanguage":"de","@id":"https:\/\/plusbaby.ch\/de\/produkt\/stilltee\/#primaryimage","url":"https:\/\/plusbaby.ch\/wp-content\/uploads\/2022\/12\/tisane-d-allaitement.webp","contentUrl":"https:\/\/plusbaby.ch\/wp-content\/uploads\/2022\/12\/tisane-d-allaitement.webp","width":1623,"height":1623,"caption":"Stilltee: Hilft bei Koliken des S\u00e4uglings"},{"@type":"BreadcrumbList","@id":"https:\/\/plusbaby.ch\/de\/produkt\/stilltee\/#breadcrumb","itemListElement":[{"@type":"ListItem","position":1,"name":"Home","item":"https:\/\/plusbaby.ch\/de\/"},{"@type":"ListItem","position":2,"name":"Shop","item":"https:\/\/plusbaby.ch\/de\/shop\/"},{"@type":"ListItem","position":3,"name":"Tisanes","item":"https:\/\/plusbaby.ch\/de\/product-tag\/krautertees\/"},{"@type":"ListItem","position":4,"name":"Stilltee"}]},{"@type":"WebSite","@id":"https:\/\/plusbaby.ch\/de\/#website","url":"https:\/\/plusbaby.ch\/de\/","name":"Plusbaby","description":"","publisher":{"@id":"https:\/\/plusbaby.ch\/de\/#organization"},"potentialAction":[{"@type":"SearchAction","target":{"@type":"EntryPoint","urlTemplate":"https:\/\/plusbaby.ch\/de\/?s={search_term_string}"},"query-input":{"@type":"PropertyValueSpecification","valueRequired":true,"valueName":"search_term_string"}}],"inLanguage":"de"},{"@type":"Organization","@id":"https:\/\/plusbaby.ch\/de\/#organization","name":"Plusbaby","url":"https:\/\/plusbaby.ch\/de\/","logo":{"@type":"ImageObject","inLanguage":"de","@id":"https:\/\/plusbaby.ch\/de\/#\/schema\/logo\/image\/","url":"https:\/\/plusbaby.ch\/wp-content\/uploads\/2022\/04\/PlusBabyLogo_logo.svg","contentUrl":"https:\/\/plusbaby.ch\/wp-content\/uploads\/2022\/04\/PlusBabyLogo_logo.svg","width":289,"height":169,"caption":"Plusbaby"},"image":{"@id":"https:\/\/plusbaby.ch\/de\/#\/schema\/logo\/image\/"},"sameAs":["https:\/\/www.facebook.com\/plusbaby.ch","https:\/\/www.instagram.com\/plusbaby.ch\/","https:\/\/www.linkedin.com\/company\/plusbaby\/?viewAsMember=true","https:\/\/www.instagram.com\/plusbaby_ge"]}]}},"_links":{"self":[{"href":"https:\/\/plusbaby.ch\/de\/wp-json\/wp\/v2\/product\/27803","targetHints":{"allow":["GET"]}}],"collection":[{"href":"https:\/\/plusbaby.ch\/de\/wp-json\/wp\/v2\/product"}],"about":[{"href":"https:\/\/plusbaby.ch\/de\/wp-json\/wp\/v2\/types\/product"}],"replies":[{"embeddable":true,"href":"https:\/\/plusbaby.ch\/de\/wp-json\/wp\/v2\/comments?post=27803"}],"version-history":[{"count":3,"href":"https:\/\/plusbaby.ch\/de\/wp-json\/wp\/v2\/product\/27803\/revisions"}],"predecessor-version":[{"id":37614,"href":"https:\/\/plusbaby.ch\/de\/wp-json\/wp\/v2\/product\/27803\/revisions\/37614"}],"wp:featuredmedia":[{"embeddable":true,"href":"https:\/\/plusbaby.ch\/de\/wp-json\/wp\/v2\/media\/26260"}],"wp:attachment":[{"href":"https:\/\/plusbaby.ch\/de\/wp-json\/wp\/v2\/media?parent=27803"}],"wp:term":[{"taxonomy":"product_brand","embeddable":true,"href":"https:\/\/plusbaby.ch\/de\/wp-json\/wp\/v2\/product_brand?post=27803"},{"taxonomy":"product_cat","embeddable":true,"href":"https:\/\/plusbaby.ch\/de\/wp-json\/wp\/v2\/product_cat?post=27803"},{"taxonomy":"product_tag","embeddable":true,"href":"https:\/\/plusbaby.ch\/de\/wp-json\/wp\/v2\/product_tag?post=27803"}],"curies":[{"name":"wp","href":"https:\/\/api.w.org\/{rel}","templated":true}]}}