        {"id":27812,"date":"2022-12-13T13:42:13","date_gmt":"2022-12-13T12:42:13","guid":{"rendered":"https:\/\/infotechdemos.co.in\/plusbaby\/?post_type=product&#038;p=27812"},"modified":"2026-04-11T06:03:54","modified_gmt":"2026-04-11T04:03:54","slug":"plusmaca","status":"publish","type":"product","link":"https:\/\/plusbaby.ch\/de\/produkt\/plusmaca\/","title":{"rendered":"Maca-Wurzel (Peruanischer Ginseng oder Viagra) f\u00fcr Fruchtbarkeit"},"content":{"rendered":"<h3><b>Warum sollten Sie sich f\u00fcr +maca entscheiden?<\/b><\/h3>\n<p><span style=\"font-weight: 400;\">Unsere in Zusammenarbeit mit Fruchtbarkeitsexperten entwickelte Formel wurde konzipiert, um die reproduktive Gesundheit auf nat\u00fcrliche Weise zu unterst\u00fctzen, und genie\u00dft das Vertrauen von Paaren in der Schweiz.<\/span><\/p>\n<p><span style=\"font-weight: 400;\">+maca enth\u00e4lt \u201eMaca\u201c, auch bekannt als peruanischer Ginseng, eine Nahrungs- und Heilpflanze aus den peruanischen Anden. Bereits die Inkas nutzten sie zur F\u00f6rderung der Fruchtbarkeit und der Libido.<\/span><\/p>\n<p><span style=\"font-weight: 400;\">Maca hilft, hormonelle Ungleichgewichte und Mangelzust\u00e4nde auszugleichen, produziert jedoch keine Hormone direkt. Es unterst\u00fctzt die nat\u00fcrliche F\u00e4higkeit des K\u00f6rpers, den Hormonhaushalt zu regulieren, was es zu einem nat\u00fcrlichen Libido-Booster f\u00fcr M\u00e4nner und Frauen macht, und wird f\u00fcr M\u00e4nner und Frauen im geb\u00e4rf\u00e4higen Alter empfohlen.<\/span><\/p>\n<p><span style=\"font-weight: 400;\">Diese Formel ist gentechnikfrei und frei von g\u00e4ngigen Allergenen. Sie enth\u00e4lt keine Milch, Eier, Fisch, Schalentiere, N\u00fcsse, Soja, Erdn\u00fcsse, Weizen, Hefe, Gluten, Mais, Natrium, Zucker, St\u00e4rke, k\u00fcnstliche Farbstoffe, Konservierungsstoffe oder Aromastoffe.<\/span><\/p>\n","protected":false},"excerpt":{"rendered":"<h2>Hochwirksame Maca-Wurzel zur Steigerung der Libido &amp; Fruchtbarkeit bei M\u00e4nnern &amp; Frauen<\/h2>\n<h3>Eine bessere Routine, um Ihre Libido und Fruchtbarkeit zu steigern<\/h3>\n<p><span style=\"font-weight: 400;\">Ein veganes Nahrungserg\u00e4nzungsmittel, reich an hochwertiger peruanischer Maca, speziell entwickelt f\u00fcr M\u00e4nner und Frauen im geb\u00e4rf\u00e4higen Alter. Dieser nat\u00fcrliche Libido-Booster f\u00fcr M\u00e4nner und Frauen unterst\u00fctzt das allgemeine reproduktive Wohlbefinden und ist ideal f\u00fcr Paare in der Schweiz, die nach einem hochwirksamen Maca-Produkt suchen, das nach bew\u00e4hrten Schweizer Qualit\u00e4tsstandards entwickelt wurde.<\/span><\/p>\n<p><strong>Wie +maca Sie auf Ihrem Weg zur Fruchtbarkeit unterst\u00fctzt<\/strong><br \/>\nEntwickelt, um Ihre Chancen auf eine Schwangerschaft zu verbessern, indem es hilft:<\/p>\n<p>\u2705 einen nat\u00fcrlichen Schub f\u00fcr einen regelm\u00e4\u00dfigen Eisprung zu unterst\u00fctzen<br \/>\n\u2705 das hormonelle Gleichgewicht bei M\u00e4nnern und Frauen zu f\u00f6rdern<br \/>\n\u2705 die Regelm\u00e4\u00dfigkeit des Zyklus und die Spermienqualit\u00e4t zu verbessern<br \/>\n\u2705 als nat\u00fcrlicher Libido-Booster f\u00fcr M\u00e4nner und Frauen zu wirken<br \/>\n\u2705 die allgemeine reproduktive Gesundheit und die t\u00e4gliche Energie zu steigern<\/p>\n<p><b>F\u00fcr wen ist +maca geeignet?<\/b><br \/>\n+maca ist ideal f\u00fcr M\u00e4nner und Frauen in der Schweiz, die:<\/p>\n<ul>\n<li style=\"font-weight: 400;\" aria-level=\"1\"><span style=\"font-weight: 400;\">ihre Fruchtbarkeit und Libido auf nat\u00fcrliche Weise unterst\u00fctzen m\u00f6chten<\/span><\/li>\n<li style=\"font-weight: 400;\" aria-level=\"1\"><span style=\"font-weight: 400;\">sich um eine Schwangerschaft bem\u00fchen und nach einer t\u00e4glichen Nahrungserg\u00e4nzung suchen<\/span><\/li>\n<li style=\"font-weight: 400;\" aria-level=\"1\"><span style=\"font-weight: 400;\">sich auf Behandlungen wie IVF oder ICSI vorbereiten<\/span><\/li>\n<li style=\"font-weight: 400;\" aria-level=\"1\"><span style=\"font-weight: 400;\">mit einem nat\u00fcrlichen Libido-Booster f\u00fcr M\u00e4nner und Frauen ein gesundes hormonelles Gleichgewicht und das allgemeine reproduktive Wohlbefinden erhalten m\u00f6chten<\/span><\/li>\n<\/ul>\n<p><span style=\"font-weight: 400;\">Enth\u00e4lt 60 Kapseln (Vorrat f\u00fcr einen Monat)<\/span><\/p>\n","protected":false},"featured_media":38822,"comment_status":"open","ping_status":"closed","template":"","meta":{"_acf_changed":false},"product_brand":[],"product_cat":[275],"product_tag":[276,403],"class_list":{"0":"post-27812","1":"product","2":"type-product","3":"status-publish","4":"has-post-thumbnail","6":"product_cat-erganzungen","7":"product_tag-erganzungen","8":"product_tag-das-maca","10":"first","11":"instock","12":"sale","13":"taxable","14":"shipping-taxable","15":"purchasable","16":"product-type-simple"},"acf":[],"yoast_head":"<!-- This site is optimized with the Yoast SEO Premium plugin v27.4 (Yoast SEO v27.4) - https:\/\/yoast.com\/product\/yoast-seo-premium-wordpress\/ -->\n<title>Maca F\u00fcr Fruchtbarkeit Und Libido Bei M\u00e4nnern Und Frauen | Plusbaby<\/title>\n<meta name=\"description\" content=\"Nat\u00fcrliche Maca-Wurzel zur Unterst\u00fctzung von Fruchtbarkeit und Libido bei M\u00e4nnern und Frauen, wissenschaftlich und traditionell bew\u00e4hrt.\" \/>\n<meta name=\"robots\" content=\"index, follow, max-snippet:-1, max-image-preview:large, max-video-preview:-1\" \/>\n<link rel=\"canonical\" href=\"https:\/\/plusbaby.ch\/de\/produkt\/plusmaca\/\" \/>\n<meta property=\"og:locale\" content=\"de_DE\" \/>\n<meta property=\"og:type\" content=\"article\" \/>\n<meta property=\"og:title\" content=\"Maca-Wurzel (Peruanischer Ginseng oder Viagra) f\u00fcr Fruchtbarkeit\" \/>\n<meta property=\"og:description\" content=\"Nat\u00fcrliche Maca-Wurzel zur Unterst\u00fctzung von Fruchtbarkeit und Libido bei M\u00e4nnern und Frauen, wissenschaftlich und traditionell bew\u00e4hrt.\" \/>\n<meta property=\"og:url\" content=\"https:\/\/plusbaby.ch\/de\/produkt\/plusmaca\/\" \/>\n<meta property=\"og:site_name\" content=\"PlusBaby\" \/>\n<meta property=\"article:publisher\" content=\"https:\/\/www.facebook.com\/plusbaby.ch\" \/>\n<meta property=\"article:modified_time\" content=\"2026-04-11T04:03:54+00:00\" \/>\n<meta property=\"og:image\" content=\"https:\/\/plusbaby.ch\/wp-content\/uploads\/2022\/12\/augmenter-la-libido-et-la-fertilite-chez-les-hommes-et-les-femmes-suisses.png\" \/>\n\t<meta property=\"og:image:width\" content=\"1200\" \/>\n\t<meta property=\"og:image:height\" content=\"1040\" \/>\n\t<meta property=\"og:image:type\" content=\"image\/png\" \/>\n<meta name=\"twitter:card\" content=\"summary_large_image\" \/>\n<meta name=\"twitter:label1\" content=\"Gesch\u00e4tzte Lesezeit\" \/>\n\t<meta name=\"twitter:data1\" content=\"1\u00a0Minute\" \/>\n<script type=\"application\/ld+json\" class=\"yoast-schema-graph\">{\"@context\":\"https:\\\/\\\/schema.org\",\"@graph\":[{\"@type\":\"WebPage\",\"@id\":\"https:\\\/\\\/plusbaby.ch\\\/de\\\/produkt\\\/plusmaca\\\/\",\"url\":\"https:\\\/\\\/plusbaby.ch\\\/de\\\/produkt\\\/plusmaca\\\/\",\"name\":\"Maca F\u00fcr Fruchtbarkeit Und Libido Bei M\u00e4nnern Und Frauen | Plusbaby\",\"isPartOf\":{\"@id\":\"https:\\\/\\\/plusbaby.ch\\\/de\\\/#website\"},\"primaryImageOfPage\":{\"@id\":\"https:\\\/\\\/plusbaby.ch\\\/de\\\/produkt\\\/plusmaca\\\/#primaryimage\"},\"image\":{\"@id\":\"https:\\\/\\\/plusbaby.ch\\\/de\\\/produkt\\\/plusmaca\\\/#primaryimage\"},\"thumbnailUrl\":\"https:\\\/\\\/plusbaby.ch\\\/wp-content\\\/uploads\\\/2022\\\/12\\\/augmenter-la-libido-et-la-fertilite-chez-les-hommes-et-les-femmes-suisses.png\",\"datePublished\":\"2022-12-13T12:42:13+00:00\",\"dateModified\":\"2026-04-11T04:03:54+00:00\",\"description\":\"Nat\u00fcrliche Maca-Wurzel zur Unterst\u00fctzung von Fruchtbarkeit und Libido bei M\u00e4nnern und Frauen, wissenschaftlich und traditionell bew\u00e4hrt.\",\"breadcrumb\":{\"@id\":\"https:\\\/\\\/plusbaby.ch\\\/de\\\/produkt\\\/plusmaca\\\/#breadcrumb\"},\"inLanguage\":\"de\",\"potentialAction\":[{\"@type\":\"ReadAction\",\"target\":[\"https:\\\/\\\/plusbaby.ch\\\/de\\\/produkt\\\/plusmaca\\\/\"]}]},{\"@type\":\"ImageObject\",\"inLanguage\":\"de\",\"@id\":\"https:\\\/\\\/plusbaby.ch\\\/de\\\/produkt\\\/plusmaca\\\/#primaryimage\",\"url\":\"https:\\\/\\\/plusbaby.ch\\\/wp-content\\\/uploads\\\/2022\\\/12\\\/augmenter-la-libido-et-la-fertilite-chez-les-hommes-et-les-femmes-suisses.png\",\"contentUrl\":\"https:\\\/\\\/plusbaby.ch\\\/wp-content\\\/uploads\\\/2022\\\/12\\\/augmenter-la-libido-et-la-fertilite-chez-les-hommes-et-les-femmes-suisses.png\",\"width\":1200,\"height\":1040,\"caption\":\"Steigerung der Libido und Fruchtbarkeit Schweizer M\u00e4nner und Frauen\"},{\"@type\":\"BreadcrumbList\",\"@id\":\"https:\\\/\\\/plusbaby.ch\\\/de\\\/produkt\\\/plusmaca\\\/#breadcrumb\",\"itemListElement\":[{\"@type\":\"ListItem\",\"position\":1,\"name\":\"Home\",\"item\":\"https:\\\/\\\/plusbaby.ch\\\/de\\\/\"},{\"@type\":\"ListItem\",\"position\":2,\"name\":\"Shop\",\"item\":\"https:\\\/\\\/plusbaby.ch\\\/de\\\/shop\\\/\"},{\"@type\":\"ListItem\",\"position\":3,\"name\":\"Compl\u00e9ments\",\"item\":\"https:\\\/\\\/plusbaby.ch\\\/de\\\/product-tag\\\/erganzungen\\\/\"},{\"@type\":\"ListItem\",\"position\":4,\"name\":\"Maca-Wurzel (Peruanischer Ginseng oder Viagra) f\u00fcr Fruchtbarkeit\"}]},{\"@type\":\"WebSite\",\"@id\":\"https:\\\/\\\/plusbaby.ch\\\/de\\\/#website\",\"url\":\"https:\\\/\\\/plusbaby.ch\\\/de\\\/\",\"name\":\"Plusbaby\",\"description\":\"\",\"publisher\":{\"@id\":\"https:\\\/\\\/plusbaby.ch\\\/de\\\/#organization\"},\"potentialAction\":[{\"@type\":\"SearchAction\",\"target\":{\"@type\":\"EntryPoint\",\"urlTemplate\":\"https:\\\/\\\/plusbaby.ch\\\/de\\\/?s={search_term_string}\"},\"query-input\":{\"@type\":\"PropertyValueSpecification\",\"valueRequired\":true,\"valueName\":\"search_term_string\"}}],\"inLanguage\":\"de\"},{\"@type\":\"Organization\",\"@id\":\"https:\\\/\\\/plusbaby.ch\\\/de\\\/#organization\",\"name\":\"Plusbaby\",\"url\":\"https:\\\/\\\/plusbaby.ch\\\/de\\\/\",\"logo\":{\"@type\":\"ImageObject\",\"inLanguage\":\"de\",\"@id\":\"https:\\\/\\\/plusbaby.ch\\\/de\\\/#\\\/schema\\\/logo\\\/image\\\/\",\"url\":\"https:\\\/\\\/plusbaby.ch\\\/wp-content\\\/uploads\\\/2022\\\/04\\\/PlusBabyLogo_logo.svg\",\"contentUrl\":\"https:\\\/\\\/plusbaby.ch\\\/wp-content\\\/uploads\\\/2022\\\/04\\\/PlusBabyLogo_logo.svg\",\"width\":289,\"height\":169,\"caption\":\"Plusbaby\"},\"image\":{\"@id\":\"https:\\\/\\\/plusbaby.ch\\\/de\\\/#\\\/schema\\\/logo\\\/image\\\/\"},\"sameAs\":[\"https:\\\/\\\/www.facebook.com\\\/plusbaby.ch\",\"https:\\\/\\\/www.instagram.com\\\/plusbaby.ch\\\/\",\"https:\\\/\\\/www.linkedin.com\\\/company\\\/plusbaby\\\/?viewAsMember=true\",\"https:\\\/\\\/www.instagram.com\\\/plusbaby_ge\"]}]}<\/script>\n<!-- \/ Yoast SEO Premium plugin. -->","yoast_head_json":{"title":"Maca F\u00fcr Fruchtbarkeit Und Libido Bei M\u00e4nnern Und Frauen | Plusbaby","description":"Nat\u00fcrliche Maca-Wurzel zur Unterst\u00fctzung von Fruchtbarkeit und Libido bei M\u00e4nnern und Frauen, wissenschaftlich und traditionell bew\u00e4hrt.","robots":{"index":"index","follow":"follow","max-snippet":"max-snippet:-1","max-image-preview":"max-image-preview:large","max-video-preview":"max-video-preview:-1"},"canonical":"https:\/\/plusbaby.ch\/de\/produkt\/plusmaca\/","og_locale":"de_DE","og_type":"article","og_title":"Maca-Wurzel (Peruanischer Ginseng oder Viagra) f\u00fcr Fruchtbarkeit","og_description":"Nat\u00fcrliche Maca-Wurzel zur Unterst\u00fctzung von Fruchtbarkeit und Libido bei M\u00e4nnern und Frauen, wissenschaftlich und traditionell bew\u00e4hrt.","og_url":"https:\/\/plusbaby.ch\/de\/produkt\/plusmaca\/","og_site_name":"PlusBaby","article_publisher":"https:\/\/www.facebook.com\/plusbaby.ch","article_modified_time":"2026-04-11T04:03:54+00:00","og_image":[{"width":1200,"height":1040,"url":"https:\/\/plusbaby.ch\/wp-content\/uploads\/2022\/12\/augmenter-la-libido-et-la-fertilite-chez-les-hommes-et-les-femmes-suisses.png","type":"image\/png"}],"twitter_card":"summary_large_image","twitter_misc":{"Gesch\u00e4tzte Lesezeit":"1\u00a0Minute"},"schema":{"@context":"https:\/\/schema.org","@graph":[{"@type":"WebPage","@id":"https:\/\/plusbaby.ch\/de\/produkt\/plusmaca\/","url":"https:\/\/plusbaby.ch\/de\/produkt\/plusmaca\/","name":"Maca F\u00fcr Fruchtbarkeit Und Libido Bei M\u00e4nnern Und Frauen | Plusbaby","isPartOf":{"@id":"https:\/\/plusbaby.ch\/de\/#website"},"primaryImageOfPage":{"@id":"https:\/\/plusbaby.ch\/de\/produkt\/plusmaca\/#primaryimage"},"image":{"@id":"https:\/\/plusbaby.ch\/de\/produkt\/plusmaca\/#primaryimage"},"thumbnailUrl":"https:\/\/plusbaby.ch\/wp-content\/uploads\/2022\/12\/augmenter-la-libido-et-la-fertilite-chez-les-hommes-et-les-femmes-suisses.png","datePublished":"2022-12-13T12:42:13+00:00","dateModified":"2026-04-11T04:03:54+00:00","description":"Nat\u00fcrliche Maca-Wurzel zur Unterst\u00fctzung von Fruchtbarkeit und Libido bei M\u00e4nnern und Frauen, wissenschaftlich und traditionell bew\u00e4hrt.","breadcrumb":{"@id":"https:\/\/plusbaby.ch\/de\/produkt\/plusmaca\/#breadcrumb"},"inLanguage":"de","potentialAction":[{"@type":"ReadAction","target":["https:\/\/plusbaby.ch\/de\/produkt\/plusmaca\/"]}]},{"@type":"ImageObject","inLanguage":"de","@id":"https:\/\/plusbaby.ch\/de\/produkt\/plusmaca\/#primaryimage","url":"https:\/\/plusbaby.ch\/wp-content\/uploads\/2022\/12\/augmenter-la-libido-et-la-fertilite-chez-les-hommes-et-les-femmes-suisses.png","contentUrl":"https:\/\/plusbaby.ch\/wp-content\/uploads\/2022\/12\/augmenter-la-libido-et-la-fertilite-chez-les-hommes-et-les-femmes-suisses.png","width":1200,"height":1040,"caption":"Steigerung der Libido und Fruchtbarkeit Schweizer M\u00e4nner und Frauen"},{"@type":"BreadcrumbList","@id":"https:\/\/plusbaby.ch\/de\/produkt\/plusmaca\/#breadcrumb","itemListElement":[{"@type":"ListItem","position":1,"name":"Home","item":"https:\/\/plusbaby.ch\/de\/"},{"@type":"ListItem","position":2,"name":"Shop","item":"https:\/\/plusbaby.ch\/de\/shop\/"},{"@type":"ListItem","position":3,"name":"Compl\u00e9ments","item":"https:\/\/plusbaby.ch\/de\/product-tag\/erganzungen\/"},{"@type":"ListItem","position":4,"name":"Maca-Wurzel (Peruanischer Ginseng oder Viagra) f\u00fcr Fruchtbarkeit"}]},{"@type":"WebSite","@id":"https:\/\/plusbaby.ch\/de\/#website","url":"https:\/\/plusbaby.ch\/de\/","name":"Plusbaby","description":"","publisher":{"@id":"https:\/\/plusbaby.ch\/de\/#organization"},"potentialAction":[{"@type":"SearchAction","target":{"@type":"EntryPoint","urlTemplate":"https:\/\/plusbaby.ch\/de\/?s={search_term_string}"},"query-input":{"@type":"PropertyValueSpecification","valueRequired":true,"valueName":"search_term_string"}}],"inLanguage":"de"},{"@type":"Organization","@id":"https:\/\/plusbaby.ch\/de\/#organization","name":"Plusbaby","url":"https:\/\/plusbaby.ch\/de\/","logo":{"@type":"ImageObject","inLanguage":"de","@id":"https:\/\/plusbaby.ch\/de\/#\/schema\/logo\/image\/","url":"https:\/\/plusbaby.ch\/wp-content\/uploads\/2022\/04\/PlusBabyLogo_logo.svg","contentUrl":"https:\/\/plusbaby.ch\/wp-content\/uploads\/2022\/04\/PlusBabyLogo_logo.svg","width":289,"height":169,"caption":"Plusbaby"},"image":{"@id":"https:\/\/plusbaby.ch\/de\/#\/schema\/logo\/image\/"},"sameAs":["https:\/\/www.facebook.com\/plusbaby.ch","https:\/\/www.instagram.com\/plusbaby.ch\/","https:\/\/www.linkedin.com\/company\/plusbaby\/?viewAsMember=true","https:\/\/www.instagram.com\/plusbaby_ge"]}]}},"_links":{"self":[{"href":"https:\/\/plusbaby.ch\/de\/wp-json\/wp\/v2\/product\/27812","targetHints":{"allow":["GET"]}}],"collection":[{"href":"https:\/\/plusbaby.ch\/de\/wp-json\/wp\/v2\/product"}],"about":[{"href":"https:\/\/plusbaby.ch\/de\/wp-json\/wp\/v2\/types\/product"}],"replies":[{"embeddable":true,"href":"https:\/\/plusbaby.ch\/de\/wp-json\/wp\/v2\/comments?post=27812"}],"version-history":[{"count":8,"href":"https:\/\/plusbaby.ch\/de\/wp-json\/wp\/v2\/product\/27812\/revisions"}],"predecessor-version":[{"id":46339,"href":"https:\/\/plusbaby.ch\/de\/wp-json\/wp\/v2\/product\/27812\/revisions\/46339"}],"wp:featuredmedia":[{"embeddable":true,"href":"https:\/\/plusbaby.ch\/de\/wp-json\/wp\/v2\/media\/38822"}],"wp:attachment":[{"href":"https:\/\/plusbaby.ch\/de\/wp-json\/wp\/v2\/media?parent=27812"}],"wp:term":[{"taxonomy":"product_brand","embeddable":true,"href":"https:\/\/plusbaby.ch\/de\/wp-json\/wp\/v2\/product_brand?post=27812"},{"taxonomy":"product_cat","embeddable":true,"href":"https:\/\/plusbaby.ch\/de\/wp-json\/wp\/v2\/product_cat?post=27812"},{"taxonomy":"product_tag","embeddable":true,"href":"https:\/\/plusbaby.ch\/de\/wp-json\/wp\/v2\/product_tag?post=27812"}],"curies":[{"name":"wp","href":"https:\/\/api.w.org\/{rel}","templated":true}]}}