        {"id":27820,"date":"2022-12-13T13:41:10","date_gmt":"2022-12-13T12:41:10","guid":{"rendered":"https:\/\/infotechdemos.co.in\/plusbaby\/?post_type=product&#038;p=27820"},"modified":"2026-04-14T08:43:36","modified_gmt":"2026-04-14T06:43:36","slug":"plusmum","status":"publish","type":"product","link":"https:\/\/plusbaby.ch\/de\/produkt\/plusmum\/","title":{"rendered":"+mum Vegane pr\u00e4natale Vitamine"},"content":{"rendered":"<h3><b>Weitere Informationen:<\/b><\/h3>\n<p><span style=\"font-weight: 400;\">Wir haben gemeinsam mit Gyn\u00e4kologen und Geburtshelfern in der Schweiz daran gearbeitet, die Einnahme von Schwangerschaftsvitaminen zu vereinfachen. Unsere wissenschaftlich fundierte Formel enth\u00e4lt sorgf\u00e4ltig ausgew\u00e4hlte N\u00e4hrstoffe, um eine maximale Aufnahme und Wirksamkeit zu gew\u00e4hrleisten, und ist somit ein bew\u00e4hrtes nat\u00fcrliches Nahrungserg\u00e4nzungsmittel f\u00fcr die t\u00e4gliche Nahrungserg\u00e4nzung w\u00e4hrend der Schwangerschaft.<\/span><\/p>\n<p><span style=\"font-weight: 400;\">+mum enth\u00e4lt optimale Dosen von 17 hochwertigen essenziellen N\u00e4hrstoffen, darunter Fols\u00e4ure 5-MTHF (Quatrefolic\u00ae), Eisen, Vitamin B6, Vitamin B12, Jod, Biotin und Selen. Es bietet umfassende Ern\u00e4hrungsunterst\u00fctzung w\u00e4hrend der ersten 12 Wochen der Schwangerschaft, w\u00e4hrend der gesamten Schwangerschaft und w\u00e4hrend der Stillzeit.<\/span><\/p>\n<p><span style=\"font-weight: 400;\">Die veganen Schwangerschaftsvitamine von Plusbaby +mum sind zu 100 % vegan, gentechnikfrei und rein, da sie keine Milch, Eier, Fisch, Schalentiere, N\u00fcsse, Soja, Erdn\u00fcsse, Weizen, Hefe, Gluten, Mais, Natrium, Zucker, St\u00e4rke, k\u00fcnstliche Farbstoffe, Konservierungsstoffe oder Aromen enthalten.<\/span><\/p>\n","protected":false},"excerpt":{"rendered":"<h2>Vegane pr\u00e4natale Vitamine f\u00fcr Schwangerschaft und Stillzeit<\/h2>\n<h3>F\u00fcr eine gesunde Schwangerschaft &amp; Stillzeit<\/h3>\n<p><span style=\"font-weight: 400;\">Das in der Schweiz (CH) entwickelte +mum ist ein veganes Multivitaminpr\u00e4parat f\u00fcr Schwangere mit Fols\u00e4ure, das Frauen in jeder Phase ihrer Schwangerschaft unterst\u00fctzt. Dieses nat\u00fcrliche Schwangerschaftspr\u00e4parat aus der Schweiz enth\u00e4lt Quatrefolic\u00ae (5-MTHF), eine hoch bioverf\u00fcgbare Form von Fols\u00e4ure, sowie 16 essentielle N\u00e4hrstoffe, die die gesunde Entwicklung Ihres Babys und das Wohlbefinden der Mutter f\u00f6rdern.<\/span><\/p>\n<p><span style=\"font-weight: 400;\">Die veganen pr\u00e4natalen Vitamine von +mum sind f\u00fcr Frauen gedacht, die:<\/span><\/p>\n<ul>\n<li style=\"font-weight: 400;\" aria-level=\"1\"><span style=\"font-weight: 400;\">ein Baby bekommen m\u00f6chten (mindestens 3 Monate vorher beginnen)<\/span><\/li>\n<li style=\"font-weight: 400;\" aria-level=\"1\"><span style=\"font-weight: 400;\">schwanger sind oder stillen und eine umfassende Ern\u00e4hrungsunterst\u00fctzung suchen<\/span><\/li>\n<li style=\"font-weight: 400;\" aria-level=\"1\"><span style=\"font-weight: 400;\">sich in der postnatalen Phase befinden und weiterhin Ern\u00e4hrungsunterst\u00fctzung ben\u00f6tigen<\/span><\/li>\n<\/ul>\n<p><span style=\"font-weight: 400;\">Enth\u00e4lt 60 Kapseln (Vorrat f\u00fcr einen Monat bei 2 Kapseln pro Tag)<\/span><\/p>\n","protected":false},"featured_media":38811,"comment_status":"open","ping_status":"closed","template":"","meta":{"_acf_changed":false},"product_brand":[],"product_cat":[275],"product_tag":[276],"class_list":{"0":"post-27820","1":"product","2":"type-product","3":"status-publish","4":"has-post-thumbnail","6":"product_cat-erganzungen","7":"product_tag-erganzungen","9":"first","10":"instock","11":"sale","12":"taxable","13":"shipping-taxable","14":"purchasable","15":"product-type-simple"},"acf":[],"yoast_head":"<!-- This site is optimized with the Yoast SEO Premium plugin v27.3 (Yoast SEO v27.3) - https:\/\/yoast.com\/product\/yoast-seo-premium-wordpress\/ -->\n<title>Formulierte Pr\u00e4natale Vitamine F\u00fcr Schwangerschaft | Plusbaby +Mum<\/title>\n<meta name=\"description\" content=\"Plusbaby +mum vegane pr\u00e4natale Vitamine mit Quatrefolic\u00ae, Eisen, B-Vitaminen f\u00fcr umfassende Ern\u00e4hrung w\u00e4hrend Schwangerschaft &amp; Stillzeit.\ufeff\" \/>\n<meta name=\"robots\" content=\"index, follow, max-snippet:-1, max-image-preview:large, max-video-preview:-1\" \/>\n<link rel=\"canonical\" href=\"https:\/\/plusbaby.ch\/de\/produkt\/plusmum\/\" \/>\n<meta property=\"og:locale\" content=\"de_DE\" \/>\n<meta property=\"og:type\" content=\"article\" \/>\n<meta property=\"og:title\" content=\"+mum Vegane pr\u00e4natale Vitamine\" \/>\n<meta property=\"og:description\" content=\"Plusbaby +mum vegane pr\u00e4natale Vitamine mit Quatrefolic\u00ae, Eisen, B-Vitaminen f\u00fcr umfassende Ern\u00e4hrung w\u00e4hrend Schwangerschaft &amp; Stillzeit.\ufeff\" \/>\n<meta property=\"og:url\" content=\"https:\/\/plusbaby.ch\/de\/produkt\/plusmum\/\" \/>\n<meta property=\"og:site_name\" content=\"PlusBaby\" \/>\n<meta property=\"article:publisher\" content=\"https:\/\/www.facebook.com\/plusbaby.ch\" \/>\n<meta property=\"article:modified_time\" content=\"2026-04-14T06:43:36+00:00\" \/>\n<meta property=\"og:image\" content=\"https:\/\/plusbaby.ch\/wp-content\/uploads\/2025\/12\/Vitamines-prenatales-vegetaliennes-pour-la-grossesse-en-Suisse.png\" \/>\n\t<meta property=\"og:image:width\" content=\"1200\" \/>\n\t<meta property=\"og:image:height\" content=\"1040\" \/>\n\t<meta property=\"og:image:type\" content=\"image\/png\" \/>\n<meta name=\"twitter:card\" content=\"summary_large_image\" \/>\n<meta name=\"twitter:label1\" content=\"Gesch\u00e4tzte Lesezeit\" \/>\n\t<meta name=\"twitter:data1\" content=\"1\u00a0Minute\" \/>\n<script type=\"application\/ld+json\" class=\"yoast-schema-graph\">{\"@context\":\"https:\\\/\\\/schema.org\",\"@graph\":[{\"@type\":\"WebPage\",\"@id\":\"https:\\\/\\\/plusbaby.ch\\\/de\\\/produkt\\\/plusmum\\\/\",\"url\":\"https:\\\/\\\/plusbaby.ch\\\/de\\\/produkt\\\/plusmum\\\/\",\"name\":\"Formulierte Pr\u00e4natale Vitamine F\u00fcr Schwangerschaft | Plusbaby +Mum\",\"isPartOf\":{\"@id\":\"https:\\\/\\\/plusbaby.ch\\\/de\\\/#website\"},\"primaryImageOfPage\":{\"@id\":\"https:\\\/\\\/plusbaby.ch\\\/de\\\/produkt\\\/plusmum\\\/#primaryimage\"},\"image\":{\"@id\":\"https:\\\/\\\/plusbaby.ch\\\/de\\\/produkt\\\/plusmum\\\/#primaryimage\"},\"thumbnailUrl\":\"https:\\\/\\\/plusbaby.ch\\\/wp-content\\\/uploads\\\/2025\\\/12\\\/Vitamines-prenatales-vegetaliennes-pour-la-grossesse-en-Suisse.png\",\"datePublished\":\"2022-12-13T12:41:10+00:00\",\"dateModified\":\"2026-04-14T06:43:36+00:00\",\"description\":\"Plusbaby +mum vegane pr\u00e4natale Vitamine mit Quatrefolic\u00ae, Eisen, B-Vitaminen f\u00fcr umfassende Ern\u00e4hrung w\u00e4hrend Schwangerschaft & Stillzeit.\ufeff\",\"breadcrumb\":{\"@id\":\"https:\\\/\\\/plusbaby.ch\\\/de\\\/produkt\\\/plusmum\\\/#breadcrumb\"},\"inLanguage\":\"de\",\"potentialAction\":[{\"@type\":\"ReadAction\",\"target\":[\"https:\\\/\\\/plusbaby.ch\\\/de\\\/produkt\\\/plusmum\\\/\"]}]},{\"@type\":\"ImageObject\",\"inLanguage\":\"de\",\"@id\":\"https:\\\/\\\/plusbaby.ch\\\/de\\\/produkt\\\/plusmum\\\/#primaryimage\",\"url\":\"https:\\\/\\\/plusbaby.ch\\\/wp-content\\\/uploads\\\/2025\\\/12\\\/Vitamines-prenatales-vegetaliennes-pour-la-grossesse-en-Suisse.png\",\"contentUrl\":\"https:\\\/\\\/plusbaby.ch\\\/wp-content\\\/uploads\\\/2025\\\/12\\\/Vitamines-prenatales-vegetaliennes-pour-la-grossesse-en-Suisse.png\",\"width\":1200,\"height\":1040,\"caption\":\"Vitamines pr\u00e9natales v\u00e9g\u00e9taliennes pour la grossesse en Suisse\"},{\"@type\":\"BreadcrumbList\",\"@id\":\"https:\\\/\\\/plusbaby.ch\\\/de\\\/produkt\\\/plusmum\\\/#breadcrumb\",\"itemListElement\":[{\"@type\":\"ListItem\",\"position\":1,\"name\":\"Home\",\"item\":\"https:\\\/\\\/plusbaby.ch\\\/de\\\/\"},{\"@type\":\"ListItem\",\"position\":2,\"name\":\"Shop\",\"item\":\"https:\\\/\\\/plusbaby.ch\\\/de\\\/shop\\\/\"},{\"@type\":\"ListItem\",\"position\":3,\"name\":\"Compl\u00e9ments\",\"item\":\"https:\\\/\\\/plusbaby.ch\\\/de\\\/product-tag\\\/erganzungen\\\/\"},{\"@type\":\"ListItem\",\"position\":4,\"name\":\"+mum Vegane pr\u00e4natale Vitamine\"}]},{\"@type\":\"WebSite\",\"@id\":\"https:\\\/\\\/plusbaby.ch\\\/de\\\/#website\",\"url\":\"https:\\\/\\\/plusbaby.ch\\\/de\\\/\",\"name\":\"Plusbaby\",\"description\":\"\",\"publisher\":{\"@id\":\"https:\\\/\\\/plusbaby.ch\\\/de\\\/#organization\"},\"potentialAction\":[{\"@type\":\"SearchAction\",\"target\":{\"@type\":\"EntryPoint\",\"urlTemplate\":\"https:\\\/\\\/plusbaby.ch\\\/de\\\/?s={search_term_string}\"},\"query-input\":{\"@type\":\"PropertyValueSpecification\",\"valueRequired\":true,\"valueName\":\"search_term_string\"}}],\"inLanguage\":\"de\"},{\"@type\":\"Organization\",\"@id\":\"https:\\\/\\\/plusbaby.ch\\\/de\\\/#organization\",\"name\":\"Plusbaby\",\"url\":\"https:\\\/\\\/plusbaby.ch\\\/de\\\/\",\"logo\":{\"@type\":\"ImageObject\",\"inLanguage\":\"de\",\"@id\":\"https:\\\/\\\/plusbaby.ch\\\/de\\\/#\\\/schema\\\/logo\\\/image\\\/\",\"url\":\"https:\\\/\\\/plusbaby.ch\\\/wp-content\\\/uploads\\\/2022\\\/04\\\/PlusBabyLogo_logo.svg\",\"contentUrl\":\"https:\\\/\\\/plusbaby.ch\\\/wp-content\\\/uploads\\\/2022\\\/04\\\/PlusBabyLogo_logo.svg\",\"width\":289,\"height\":169,\"caption\":\"Plusbaby\"},\"image\":{\"@id\":\"https:\\\/\\\/plusbaby.ch\\\/de\\\/#\\\/schema\\\/logo\\\/image\\\/\"},\"sameAs\":[\"https:\\\/\\\/www.facebook.com\\\/plusbaby.ch\",\"https:\\\/\\\/www.instagram.com\\\/plusbaby.ch\\\/\",\"https:\\\/\\\/www.linkedin.com\\\/company\\\/plusbaby\\\/?viewAsMember=true\",\"https:\\\/\\\/www.instagram.com\\\/plusbaby_ge\"]}]}<\/script>\n<!-- \/ Yoast SEO Premium plugin. -->","yoast_head_json":{"title":"Formulierte Pr\u00e4natale Vitamine F\u00fcr Schwangerschaft | Plusbaby +Mum","description":"Plusbaby +mum vegane pr\u00e4natale Vitamine mit Quatrefolic\u00ae, Eisen, B-Vitaminen f\u00fcr umfassende Ern\u00e4hrung w\u00e4hrend Schwangerschaft & Stillzeit.\ufeff","robots":{"index":"index","follow":"follow","max-snippet":"max-snippet:-1","max-image-preview":"max-image-preview:large","max-video-preview":"max-video-preview:-1"},"canonical":"https:\/\/plusbaby.ch\/de\/produkt\/plusmum\/","og_locale":"de_DE","og_type":"article","og_title":"+mum Vegane pr\u00e4natale Vitamine","og_description":"Plusbaby +mum vegane pr\u00e4natale Vitamine mit Quatrefolic\u00ae, Eisen, B-Vitaminen f\u00fcr umfassende Ern\u00e4hrung w\u00e4hrend Schwangerschaft & Stillzeit.\ufeff","og_url":"https:\/\/plusbaby.ch\/de\/produkt\/plusmum\/","og_site_name":"PlusBaby","article_publisher":"https:\/\/www.facebook.com\/plusbaby.ch","article_modified_time":"2026-04-14T06:43:36+00:00","og_image":[{"width":1200,"height":1040,"url":"https:\/\/plusbaby.ch\/wp-content\/uploads\/2025\/12\/Vitamines-prenatales-vegetaliennes-pour-la-grossesse-en-Suisse.png","type":"image\/png"}],"twitter_card":"summary_large_image","twitter_misc":{"Gesch\u00e4tzte Lesezeit":"1\u00a0Minute"},"schema":{"@context":"https:\/\/schema.org","@graph":[{"@type":"WebPage","@id":"https:\/\/plusbaby.ch\/de\/produkt\/plusmum\/","url":"https:\/\/plusbaby.ch\/de\/produkt\/plusmum\/","name":"Formulierte Pr\u00e4natale Vitamine F\u00fcr Schwangerschaft | Plusbaby +Mum","isPartOf":{"@id":"https:\/\/plusbaby.ch\/de\/#website"},"primaryImageOfPage":{"@id":"https:\/\/plusbaby.ch\/de\/produkt\/plusmum\/#primaryimage"},"image":{"@id":"https:\/\/plusbaby.ch\/de\/produkt\/plusmum\/#primaryimage"},"thumbnailUrl":"https:\/\/plusbaby.ch\/wp-content\/uploads\/2025\/12\/Vitamines-prenatales-vegetaliennes-pour-la-grossesse-en-Suisse.png","datePublished":"2022-12-13T12:41:10+00:00","dateModified":"2026-04-14T06:43:36+00:00","description":"Plusbaby +mum vegane pr\u00e4natale Vitamine mit Quatrefolic\u00ae, Eisen, B-Vitaminen f\u00fcr umfassende Ern\u00e4hrung w\u00e4hrend Schwangerschaft & Stillzeit.\ufeff","breadcrumb":{"@id":"https:\/\/plusbaby.ch\/de\/produkt\/plusmum\/#breadcrumb"},"inLanguage":"de","potentialAction":[{"@type":"ReadAction","target":["https:\/\/plusbaby.ch\/de\/produkt\/plusmum\/"]}]},{"@type":"ImageObject","inLanguage":"de","@id":"https:\/\/plusbaby.ch\/de\/produkt\/plusmum\/#primaryimage","url":"https:\/\/plusbaby.ch\/wp-content\/uploads\/2025\/12\/Vitamines-prenatales-vegetaliennes-pour-la-grossesse-en-Suisse.png","contentUrl":"https:\/\/plusbaby.ch\/wp-content\/uploads\/2025\/12\/Vitamines-prenatales-vegetaliennes-pour-la-grossesse-en-Suisse.png","width":1200,"height":1040,"caption":"Vitamines pr\u00e9natales v\u00e9g\u00e9taliennes pour la grossesse en Suisse"},{"@type":"BreadcrumbList","@id":"https:\/\/plusbaby.ch\/de\/produkt\/plusmum\/#breadcrumb","itemListElement":[{"@type":"ListItem","position":1,"name":"Home","item":"https:\/\/plusbaby.ch\/de\/"},{"@type":"ListItem","position":2,"name":"Shop","item":"https:\/\/plusbaby.ch\/de\/shop\/"},{"@type":"ListItem","position":3,"name":"Compl\u00e9ments","item":"https:\/\/plusbaby.ch\/de\/product-tag\/erganzungen\/"},{"@type":"ListItem","position":4,"name":"+mum Vegane pr\u00e4natale Vitamine"}]},{"@type":"WebSite","@id":"https:\/\/plusbaby.ch\/de\/#website","url":"https:\/\/plusbaby.ch\/de\/","name":"Plusbaby","description":"","publisher":{"@id":"https:\/\/plusbaby.ch\/de\/#organization"},"potentialAction":[{"@type":"SearchAction","target":{"@type":"EntryPoint","urlTemplate":"https:\/\/plusbaby.ch\/de\/?s={search_term_string}"},"query-input":{"@type":"PropertyValueSpecification","valueRequired":true,"valueName":"search_term_string"}}],"inLanguage":"de"},{"@type":"Organization","@id":"https:\/\/plusbaby.ch\/de\/#organization","name":"Plusbaby","url":"https:\/\/plusbaby.ch\/de\/","logo":{"@type":"ImageObject","inLanguage":"de","@id":"https:\/\/plusbaby.ch\/de\/#\/schema\/logo\/image\/","url":"https:\/\/plusbaby.ch\/wp-content\/uploads\/2022\/04\/PlusBabyLogo_logo.svg","contentUrl":"https:\/\/plusbaby.ch\/wp-content\/uploads\/2022\/04\/PlusBabyLogo_logo.svg","width":289,"height":169,"caption":"Plusbaby"},"image":{"@id":"https:\/\/plusbaby.ch\/de\/#\/schema\/logo\/image\/"},"sameAs":["https:\/\/www.facebook.com\/plusbaby.ch","https:\/\/www.instagram.com\/plusbaby.ch\/","https:\/\/www.linkedin.com\/company\/plusbaby\/?viewAsMember=true","https:\/\/www.instagram.com\/plusbaby_ge"]}]}},"_links":{"self":[{"href":"https:\/\/plusbaby.ch\/de\/wp-json\/wp\/v2\/product\/27820","targetHints":{"allow":["GET"]}}],"collection":[{"href":"https:\/\/plusbaby.ch\/de\/wp-json\/wp\/v2\/product"}],"about":[{"href":"https:\/\/plusbaby.ch\/de\/wp-json\/wp\/v2\/types\/product"}],"replies":[{"embeddable":true,"href":"https:\/\/plusbaby.ch\/de\/wp-json\/wp\/v2\/comments?post=27820"}],"version-history":[{"count":16,"href":"https:\/\/plusbaby.ch\/de\/wp-json\/wp\/v2\/product\/27820\/revisions"}],"predecessor-version":[{"id":46438,"href":"https:\/\/plusbaby.ch\/de\/wp-json\/wp\/v2\/product\/27820\/revisions\/46438"}],"wp:featuredmedia":[{"embeddable":true,"href":"https:\/\/plusbaby.ch\/de\/wp-json\/wp\/v2\/media\/38811"}],"wp:attachment":[{"href":"https:\/\/plusbaby.ch\/de\/wp-json\/wp\/v2\/media?parent=27820"}],"wp:term":[{"taxonomy":"product_brand","embeddable":true,"href":"https:\/\/plusbaby.ch\/de\/wp-json\/wp\/v2\/product_brand?post=27820"},{"taxonomy":"product_cat","embeddable":true,"href":"https:\/\/plusbaby.ch\/de\/wp-json\/wp\/v2\/product_cat?post=27820"},{"taxonomy":"product_tag","embeddable":true,"href":"https:\/\/plusbaby.ch\/de\/wp-json\/wp\/v2\/product_tag?post=27820"}],"curies":[{"name":"wp","href":"https:\/\/api.w.org\/{rel}","templated":true}]}}