        {"id":27824,"date":"2022-12-13T13:40:29","date_gmt":"2022-12-13T12:40:29","guid":{"rendered":"https:\/\/infotechdemos.co.in\/plusbaby\/?post_type=product&#038;p=27824"},"modified":"2025-12-18T23:04:14","modified_gmt":"2025-12-18T22:04:14","slug":"combo-plusfertimen-plusfertiwomen","status":"publish","type":"product","link":"https:\/\/plusbaby.ch\/de\/produkt\/combo-plusfertimen-plusfertiwomen\/","title":{"rendered":"Combo +fertimen &#038; +fertiwomen Inositol <\/br>Vegane Multivitamine f\u00fcr Fruchtbarkeit"},"content":{"rendered":"","protected":false},"excerpt":{"rendered":"<h2>Vitamine zur Steigerung der Fruchtbarkeit von ihr und ihm, von Schweizer \u00c4rzten formuliert.<\/h2>\n<h3>Eine Routine, um Ihre Fruchtbarkeit zu zweit zu steigern<\/h3>\n<p>Zum Tango geh\u00f6ren immer zwei, deshalb haben wir diese Produktgruppe zusammengestellt, damit Sie Ihre Elternreise gemeinsam starten k\u00f6nnen. Die Kombi enth\u00e4lt zwei Packungen veganer Nahrungserg\u00e4nzungsmittel zur Unterst\u00fctzung der m\u00e4nnlichen und weiblichen Fruchtbarkeit und Fortpflanzung.<\/p>\n<p>Enth\u00e4lt 2 mal 60 Kapseln f\u00fcr Sie und Ihn (Monatsvorrat)<\/p>\n<h3>Was ist in der Kombo?<\/h3>\n<ul>\n<li>Ein Monatsvorrat an <a href=\"https:\/\/plusbaby.ch\/de\/produkt\/plusfertiwomen\/\"><strong class=\"clr-blue\">+fertiwomen Inositol<\/strong><\/a><\/li>\n<li>Ein Monatsvorrat an <a href=\"https:\/\/plusbaby.ch\/de\/produkt\/plusfertimen\/\"><strong class=\"clr-pink\">+fertimen<\/strong><\/a><\/li>\n<\/ul>\n<p>Enthalten beide Fols\u00e4ure Quatrefolic (<a href=\"https:\/\/pmc.ncbi.nlm.nih.gov\/articles\/PMC9380836\/\">5-MTHF<\/a>)<\/p>\n","protected":false},"featured_media":38830,"comment_status":"open","ping_status":"closed","template":"","meta":{"_acf_changed":false},"product_brand":[],"product_cat":[275],"product_tag":[276],"class_list":{"0":"post-27824","1":"product","2":"type-product","3":"status-publish","4":"has-post-thumbnail","6":"product_cat-erganzungen","7":"product_tag-erganzungen","8":"product_shipping_class-home-tests-de","10":"first","11":"instock","12":"sale","13":"taxable","14":"shipping-taxable","15":"purchasable","16":"product-type-simple"},"acf":[],"yoast_head":"<!-- This site is optimized with the Yoast SEO Premium plugin v27.3 (Yoast SEO v27.3) - https:\/\/yoast.com\/product\/yoast-seo-premium-wordpress\/ -->\n<title>Combo Vegane Multivitamine f\u00fcr Fruchtbarkeit | PlusBaby<\/title>\n<meta name=\"description\" content=\"Entdecken Sie unser Combo mit veganen Multivitaminen f\u00fcr Fruchtbarkeit und Vitamin D3, um die Fruchtbarkeit zu steigern und die Empf\u00e4ngnis zu f\u00f6rdern.\" \/>\n<meta name=\"robots\" content=\"index, follow, max-snippet:-1, max-image-preview:large, max-video-preview:-1\" \/>\n<link rel=\"canonical\" href=\"https:\/\/plusbaby.ch\/de\/produkt\/combo-plusfertimen-plusfertiwomen\/\" \/>\n<meta property=\"og:locale\" content=\"de_DE\" \/>\n<meta property=\"og:type\" content=\"article\" \/>\n<meta property=\"og:title\" content=\"Combo +fertimen &amp; +fertiwomen Inositol Vegane Multivitamine f\u00fcr Fruchtbarkeit\" \/>\n<meta property=\"og:description\" content=\"Entdecken Sie unser Combo mit veganen Multivitaminen f\u00fcr Fruchtbarkeit und Vitamin D3, um die Fruchtbarkeit zu steigern und die Empf\u00e4ngnis zu f\u00f6rdern.\" \/>\n<meta property=\"og:url\" content=\"https:\/\/plusbaby.ch\/de\/produkt\/combo-plusfertimen-plusfertiwomen\/\" \/>\n<meta property=\"og:site_name\" content=\"PlusBaby\" \/>\n<meta property=\"article:publisher\" content=\"https:\/\/www.facebook.com\/plusbaby.ch\" \/>\n<meta property=\"article:modified_time\" content=\"2025-12-18T22:04:14+00:00\" \/>\n<meta property=\"og:image\" content=\"https:\/\/plusbaby.ch\/wp-content\/uploads\/2022\/12\/combo-plusfertimen-plusfertiwomen.webp\" \/>\n\t<meta property=\"og:image:width\" content=\"540\" \/>\n\t<meta property=\"og:image:height\" content=\"540\" \/>\n\t<meta property=\"og:image:type\" content=\"image\/webp\" \/>\n<meta name=\"twitter:card\" content=\"summary_large_image\" \/>\n<meta name=\"twitter:label1\" content=\"Gesch\u00e4tzte Lesezeit\" \/>\n\t<meta name=\"twitter:data1\" content=\"1\u00a0Minute\" \/>\n<script type=\"application\/ld+json\" class=\"yoast-schema-graph\">{\"@context\":\"https:\\\/\\\/schema.org\",\"@graph\":[{\"@type\":\"WebPage\",\"@id\":\"https:\\\/\\\/plusbaby.ch\\\/de\\\/produkt\\\/combo-plusfertimen-plusfertiwomen\\\/\",\"url\":\"https:\\\/\\\/plusbaby.ch\\\/de\\\/produkt\\\/combo-plusfertimen-plusfertiwomen\\\/\",\"name\":\"Combo Vegane Multivitamine f\u00fcr Fruchtbarkeit | PlusBaby\",\"isPartOf\":{\"@id\":\"https:\\\/\\\/plusbaby.ch\\\/de\\\/#website\"},\"primaryImageOfPage\":{\"@id\":\"https:\\\/\\\/plusbaby.ch\\\/de\\\/produkt\\\/combo-plusfertimen-plusfertiwomen\\\/#primaryimage\"},\"image\":{\"@id\":\"https:\\\/\\\/plusbaby.ch\\\/de\\\/produkt\\\/combo-plusfertimen-plusfertiwomen\\\/#primaryimage\"},\"thumbnailUrl\":\"https:\\\/\\\/plusbaby.ch\\\/wp-content\\\/uploads\\\/2022\\\/12\\\/complements-alimentaires-pour-la-fertilite-destines-aux-couples-en-Suisse.png\",\"datePublished\":\"2022-12-13T12:40:29+00:00\",\"dateModified\":\"2025-12-18T22:04:14+00:00\",\"description\":\"Entdecken Sie unser Combo mit veganen Multivitaminen f\u00fcr Fruchtbarkeit und Vitamin D3, um die Fruchtbarkeit zu steigern und die Empf\u00e4ngnis zu f\u00f6rdern.\",\"breadcrumb\":{\"@id\":\"https:\\\/\\\/plusbaby.ch\\\/de\\\/produkt\\\/combo-plusfertimen-plusfertiwomen\\\/#breadcrumb\"},\"inLanguage\":\"de\",\"potentialAction\":[{\"@type\":\"ReadAction\",\"target\":[\"https:\\\/\\\/plusbaby.ch\\\/de\\\/produkt\\\/combo-plusfertimen-plusfertiwomen\\\/\"]}]},{\"@type\":\"ImageObject\",\"inLanguage\":\"de\",\"@id\":\"https:\\\/\\\/plusbaby.ch\\\/de\\\/produkt\\\/combo-plusfertimen-plusfertiwomen\\\/#primaryimage\",\"url\":\"https:\\\/\\\/plusbaby.ch\\\/wp-content\\\/uploads\\\/2022\\\/12\\\/complements-alimentaires-pour-la-fertilite-destines-aux-couples-en-Suisse.png\",\"contentUrl\":\"https:\\\/\\\/plusbaby.ch\\\/wp-content\\\/uploads\\\/2022\\\/12\\\/complements-alimentaires-pour-la-fertilite-destines-aux-couples-en-Suisse.png\",\"width\":1200,\"height\":1040,\"caption\":\"Fruchtbarkeitspr\u00e4parate f\u00fcr Paare in der Schweiz\"},{\"@type\":\"BreadcrumbList\",\"@id\":\"https:\\\/\\\/plusbaby.ch\\\/de\\\/produkt\\\/combo-plusfertimen-plusfertiwomen\\\/#breadcrumb\",\"itemListElement\":[{\"@type\":\"ListItem\",\"position\":1,\"name\":\"Home\",\"item\":\"https:\\\/\\\/plusbaby.ch\\\/de\\\/\"},{\"@type\":\"ListItem\",\"position\":2,\"name\":\"Shop\",\"item\":\"https:\\\/\\\/plusbaby.ch\\\/de\\\/shop\\\/\"},{\"@type\":\"ListItem\",\"position\":3,\"name\":\"Compl\u00e9ments\",\"item\":\"https:\\\/\\\/plusbaby.ch\\\/de\\\/product-tag\\\/erganzungen\\\/\"},{\"@type\":\"ListItem\",\"position\":4,\"name\":\"Combo +fertimen &#038; +fertiwomen Inositol Vegane Multivitamine f\u00fcr Fruchtbarkeit\"}]},{\"@type\":\"WebSite\",\"@id\":\"https:\\\/\\\/plusbaby.ch\\\/de\\\/#website\",\"url\":\"https:\\\/\\\/plusbaby.ch\\\/de\\\/\",\"name\":\"Plusbaby\",\"description\":\"\",\"publisher\":{\"@id\":\"https:\\\/\\\/plusbaby.ch\\\/de\\\/#organization\"},\"potentialAction\":[{\"@type\":\"SearchAction\",\"target\":{\"@type\":\"EntryPoint\",\"urlTemplate\":\"https:\\\/\\\/plusbaby.ch\\\/de\\\/?s={search_term_string}\"},\"query-input\":{\"@type\":\"PropertyValueSpecification\",\"valueRequired\":true,\"valueName\":\"search_term_string\"}}],\"inLanguage\":\"de\"},{\"@type\":\"Organization\",\"@id\":\"https:\\\/\\\/plusbaby.ch\\\/de\\\/#organization\",\"name\":\"Plusbaby\",\"url\":\"https:\\\/\\\/plusbaby.ch\\\/de\\\/\",\"logo\":{\"@type\":\"ImageObject\",\"inLanguage\":\"de\",\"@id\":\"https:\\\/\\\/plusbaby.ch\\\/de\\\/#\\\/schema\\\/logo\\\/image\\\/\",\"url\":\"https:\\\/\\\/plusbaby.ch\\\/wp-content\\\/uploads\\\/2022\\\/04\\\/PlusBabyLogo_logo.svg\",\"contentUrl\":\"https:\\\/\\\/plusbaby.ch\\\/wp-content\\\/uploads\\\/2022\\\/04\\\/PlusBabyLogo_logo.svg\",\"width\":289,\"height\":169,\"caption\":\"Plusbaby\"},\"image\":{\"@id\":\"https:\\\/\\\/plusbaby.ch\\\/de\\\/#\\\/schema\\\/logo\\\/image\\\/\"},\"sameAs\":[\"https:\\\/\\\/www.facebook.com\\\/plusbaby.ch\",\"https:\\\/\\\/www.instagram.com\\\/plusbaby.ch\\\/\",\"https:\\\/\\\/www.linkedin.com\\\/company\\\/plusbaby\\\/?viewAsMember=true\",\"https:\\\/\\\/www.instagram.com\\\/plusbaby_ge\"]}]}<\/script>\n<!-- \/ Yoast SEO Premium plugin. -->","yoast_head_json":{"title":"Combo Vegane Multivitamine f\u00fcr Fruchtbarkeit | PlusBaby","description":"Entdecken Sie unser Combo mit veganen Multivitaminen f\u00fcr Fruchtbarkeit und Vitamin D3, um die Fruchtbarkeit zu steigern und die Empf\u00e4ngnis zu f\u00f6rdern.","robots":{"index":"index","follow":"follow","max-snippet":"max-snippet:-1","max-image-preview":"max-image-preview:large","max-video-preview":"max-video-preview:-1"},"canonical":"https:\/\/plusbaby.ch\/de\/produkt\/combo-plusfertimen-plusfertiwomen\/","og_locale":"de_DE","og_type":"article","og_title":"Combo +fertimen & +fertiwomen Inositol Vegane Multivitamine f\u00fcr Fruchtbarkeit","og_description":"Entdecken Sie unser Combo mit veganen Multivitaminen f\u00fcr Fruchtbarkeit und Vitamin D3, um die Fruchtbarkeit zu steigern und die Empf\u00e4ngnis zu f\u00f6rdern.","og_url":"https:\/\/plusbaby.ch\/de\/produkt\/combo-plusfertimen-plusfertiwomen\/","og_site_name":"PlusBaby","article_publisher":"https:\/\/www.facebook.com\/plusbaby.ch","article_modified_time":"2025-12-18T22:04:14+00:00","og_image":[{"width":540,"height":540,"url":"https:\/\/plusbaby.ch\/wp-content\/uploads\/2022\/12\/combo-plusfertimen-plusfertiwomen.webp","type":"image\/webp"}],"twitter_card":"summary_large_image","twitter_misc":{"Gesch\u00e4tzte Lesezeit":"1\u00a0Minute"},"schema":{"@context":"https:\/\/schema.org","@graph":[{"@type":"WebPage","@id":"https:\/\/plusbaby.ch\/de\/produkt\/combo-plusfertimen-plusfertiwomen\/","url":"https:\/\/plusbaby.ch\/de\/produkt\/combo-plusfertimen-plusfertiwomen\/","name":"Combo Vegane Multivitamine f\u00fcr Fruchtbarkeit | PlusBaby","isPartOf":{"@id":"https:\/\/plusbaby.ch\/de\/#website"},"primaryImageOfPage":{"@id":"https:\/\/plusbaby.ch\/de\/produkt\/combo-plusfertimen-plusfertiwomen\/#primaryimage"},"image":{"@id":"https:\/\/plusbaby.ch\/de\/produkt\/combo-plusfertimen-plusfertiwomen\/#primaryimage"},"thumbnailUrl":"https:\/\/plusbaby.ch\/wp-content\/uploads\/2022\/12\/complements-alimentaires-pour-la-fertilite-destines-aux-couples-en-Suisse.png","datePublished":"2022-12-13T12:40:29+00:00","dateModified":"2025-12-18T22:04:14+00:00","description":"Entdecken Sie unser Combo mit veganen Multivitaminen f\u00fcr Fruchtbarkeit und Vitamin D3, um die Fruchtbarkeit zu steigern und die Empf\u00e4ngnis zu f\u00f6rdern.","breadcrumb":{"@id":"https:\/\/plusbaby.ch\/de\/produkt\/combo-plusfertimen-plusfertiwomen\/#breadcrumb"},"inLanguage":"de","potentialAction":[{"@type":"ReadAction","target":["https:\/\/plusbaby.ch\/de\/produkt\/combo-plusfertimen-plusfertiwomen\/"]}]},{"@type":"ImageObject","inLanguage":"de","@id":"https:\/\/plusbaby.ch\/de\/produkt\/combo-plusfertimen-plusfertiwomen\/#primaryimage","url":"https:\/\/plusbaby.ch\/wp-content\/uploads\/2022\/12\/complements-alimentaires-pour-la-fertilite-destines-aux-couples-en-Suisse.png","contentUrl":"https:\/\/plusbaby.ch\/wp-content\/uploads\/2022\/12\/complements-alimentaires-pour-la-fertilite-destines-aux-couples-en-Suisse.png","width":1200,"height":1040,"caption":"Fruchtbarkeitspr\u00e4parate f\u00fcr Paare in der Schweiz"},{"@type":"BreadcrumbList","@id":"https:\/\/plusbaby.ch\/de\/produkt\/combo-plusfertimen-plusfertiwomen\/#breadcrumb","itemListElement":[{"@type":"ListItem","position":1,"name":"Home","item":"https:\/\/plusbaby.ch\/de\/"},{"@type":"ListItem","position":2,"name":"Shop","item":"https:\/\/plusbaby.ch\/de\/shop\/"},{"@type":"ListItem","position":3,"name":"Compl\u00e9ments","item":"https:\/\/plusbaby.ch\/de\/product-tag\/erganzungen\/"},{"@type":"ListItem","position":4,"name":"Combo +fertimen &#038; +fertiwomen Inositol Vegane Multivitamine f\u00fcr Fruchtbarkeit"}]},{"@type":"WebSite","@id":"https:\/\/plusbaby.ch\/de\/#website","url":"https:\/\/plusbaby.ch\/de\/","name":"Plusbaby","description":"","publisher":{"@id":"https:\/\/plusbaby.ch\/de\/#organization"},"potentialAction":[{"@type":"SearchAction","target":{"@type":"EntryPoint","urlTemplate":"https:\/\/plusbaby.ch\/de\/?s={search_term_string}"},"query-input":{"@type":"PropertyValueSpecification","valueRequired":true,"valueName":"search_term_string"}}],"inLanguage":"de"},{"@type":"Organization","@id":"https:\/\/plusbaby.ch\/de\/#organization","name":"Plusbaby","url":"https:\/\/plusbaby.ch\/de\/","logo":{"@type":"ImageObject","inLanguage":"de","@id":"https:\/\/plusbaby.ch\/de\/#\/schema\/logo\/image\/","url":"https:\/\/plusbaby.ch\/wp-content\/uploads\/2022\/04\/PlusBabyLogo_logo.svg","contentUrl":"https:\/\/plusbaby.ch\/wp-content\/uploads\/2022\/04\/PlusBabyLogo_logo.svg","width":289,"height":169,"caption":"Plusbaby"},"image":{"@id":"https:\/\/plusbaby.ch\/de\/#\/schema\/logo\/image\/"},"sameAs":["https:\/\/www.facebook.com\/plusbaby.ch","https:\/\/www.instagram.com\/plusbaby.ch\/","https:\/\/www.linkedin.com\/company\/plusbaby\/?viewAsMember=true","https:\/\/www.instagram.com\/plusbaby_ge"]}]}},"_links":{"self":[{"href":"https:\/\/plusbaby.ch\/de\/wp-json\/wp\/v2\/product\/27824","targetHints":{"allow":["GET"]}}],"collection":[{"href":"https:\/\/plusbaby.ch\/de\/wp-json\/wp\/v2\/product"}],"about":[{"href":"https:\/\/plusbaby.ch\/de\/wp-json\/wp\/v2\/types\/product"}],"replies":[{"embeddable":true,"href":"https:\/\/plusbaby.ch\/de\/wp-json\/wp\/v2\/comments?post=27824"}],"version-history":[{"count":9,"href":"https:\/\/plusbaby.ch\/de\/wp-json\/wp\/v2\/product\/27824\/revisions"}],"predecessor-version":[{"id":38019,"href":"https:\/\/plusbaby.ch\/de\/wp-json\/wp\/v2\/product\/27824\/revisions\/38019"}],"wp:featuredmedia":[{"embeddable":true,"href":"https:\/\/plusbaby.ch\/de\/wp-json\/wp\/v2\/media\/38830"}],"wp:attachment":[{"href":"https:\/\/plusbaby.ch\/de\/wp-json\/wp\/v2\/media?parent=27824"}],"wp:term":[{"taxonomy":"product_brand","embeddable":true,"href":"https:\/\/plusbaby.ch\/de\/wp-json\/wp\/v2\/product_brand?post=27824"},{"taxonomy":"product_cat","embeddable":true,"href":"https:\/\/plusbaby.ch\/de\/wp-json\/wp\/v2\/product_cat?post=27824"},{"taxonomy":"product_tag","embeddable":true,"href":"https:\/\/plusbaby.ch\/de\/wp-json\/wp\/v2\/product_tag?post=27824"}],"curies":[{"name":"wp","href":"https:\/\/api.w.org\/{rel}","templated":true}]}}