        {"id":27829,"date":"2022-12-13T13:35:25","date_gmt":"2022-12-13T12:35:25","guid":{"rendered":"https:\/\/infotechdemos.co.in\/plusbaby\/?post_type=product&#038;p=27829"},"modified":"2025-01-27T17:11:33","modified_gmt":"2025-01-27T16:11:33","slug":"ovulationstests","status":"publish","type":"product","link":"https:\/\/plusbaby.ch\/de\/produkt\/ovulationstests\/","title":{"rendered":"6x Ovulationstests"},"content":{"rendered":"<p>Mit einer Genauigkeit von \u00fcber 99% k\u00f6nnen Sie mit unserem Ovulationstest zuverl\u00e4ssig feststellen, wann Sie am fruchtbarsten sind. Machen Sie 12 Tage nach Beginn Ihrer letzten Periode einen Test und beginnen Sie damit, Ihr Fruchtbarkeitsfenster zu verfolgen. Egal, ob Sie versuchen, ein Kind zu zeugen oder Ihren Zyklus besser kennenlernen m\u00f6chten, unser Ovulationstest kann Ihnen dabei helfen.<\/p>\n<p>In unserer Online-Umfrage haben Sie uns gesagt, dass Sie im Durchschnitt 6 Tests pro Monat ben\u00f6tigen. Daher haben wir eine Packung mit <a href=\"https:\/\/pubmed.ncbi.nlm.nih.gov\/26461194\/\">6<\/a> Tests zusammengestellt. Mit 6 Tests in jeder Packung erh\u00f6hen Sie Ihre Chancen, Ihr fruchtbares Fenster zu erkennen.<\/p>\n","protected":false},"excerpt":{"rendered":"<h2><strong>Finden Sie Ihr fruchtbares Fenster und erh\u00f6hen Sie Ihre Chancen, schwanger zu werden.<\/strong><\/h2>\n<p>Bestimmen Sie den Zeitraum von 24 bis 48 Stunden, in dem Sie am fruchtbarsten sind, und beseitigen Sie die Unsicherheiten in Bezug auf den Eisprung mit 99% genauen Ovulationstests. Verwenden Sie ihn an <a href=\"https:\/\/plusbaby.ch\/de\/dovulationstest\/\">6<\/a> Tagen im Monat, um Ihren Eisprungtag genau zu bestimmen.<\/p>\n<p>Enth\u00e4lt sechs Tests, die jeden Monat verwendet werden k\u00f6nnen.<\/p>\n","protected":false},"featured_media":26113,"comment_status":"open","ping_status":"closed","template":"","meta":{"_acf_changed":false},"product_brand":[],"product_cat":[260],"product_tag":[277],"class_list":{"0":"post-27829","1":"product","2":"type-product","3":"status-publish","4":"has-post-thumbnail","6":"product_cat-tests","7":"product_tag-tests","8":"product_shipping_class-home-tests-de","10":"first","11":"outofstock","12":"sale","13":"taxable","14":"shipping-taxable","15":"purchasable","16":"product-type-simple"},"acf":[],"yoast_head":"<!-- This site is optimized with the Yoast SEO Premium plugin v27.3 (Yoast SEO v27.3) - https:\/\/yoast.com\/product\/yoast-seo-premium-wordpress\/ -->\n<title>Ovulationstests online | Plusbaby<\/title>\n<meta name=\"description\" content=\"Verfolgen Sie Ihren Ovulationszyklus mit einfachen Online-Ovulationstests. 99% Zuverl\u00e4ssigkeit. Kit mit 6 Tests. Schweizer Marke. Kostenlose Lieferung.\" \/>\n<meta name=\"robots\" content=\"index, follow, max-snippet:-1, max-image-preview:large, max-video-preview:-1\" \/>\n<link rel=\"canonical\" href=\"https:\/\/plusbaby.ch\/de\/dovulationstest\/\" \/>\n<meta property=\"og:locale\" content=\"de_DE\" \/>\n<meta property=\"og:type\" content=\"article\" \/>\n<meta property=\"og:title\" content=\"6x Ovulationstests\" \/>\n<meta property=\"og:description\" content=\"Verfolgen Sie Ihren Ovulationszyklus mit einfachen Online-Ovulationstests. 99% Zuverl\u00e4ssigkeit. Kit mit 6 Tests. Schweizer Marke. Kostenlose Lieferung.\" \/>\n<meta property=\"og:url\" content=\"https:\/\/plusbaby.ch\/de\/dovulationstest\/\" \/>\n<meta property=\"og:site_name\" content=\"PlusBaby\" \/>\n<meta property=\"article:publisher\" content=\"https:\/\/www.facebook.com\/plusbaby.ch\" \/>\n<meta property=\"article:modified_time\" content=\"2025-01-27T16:11:33+00:00\" \/>\n<meta property=\"og:image\" content=\"https:\/\/plusbaby.ch\/wp-content\/uploads\/2022\/12\/Tests-d-ovulation.webp\" \/>\n\t<meta property=\"og:image:width\" content=\"1623\" \/>\n\t<meta property=\"og:image:height\" content=\"1623\" \/>\n\t<meta property=\"og:image:type\" content=\"image\/webp\" \/>\n<meta name=\"twitter:card\" content=\"summary_large_image\" \/>\n<meta name=\"twitter:label1\" content=\"Gesch\u00e4tzte Lesezeit\" \/>\n\t<meta name=\"twitter:data1\" content=\"1\u00a0Minute\" \/>\n<script type=\"application\/ld+json\" class=\"yoast-schema-graph\">{\"@context\":\"https:\\\/\\\/schema.org\",\"@graph\":[{\"@type\":\"WebPage\",\"@id\":\"https:\\\/\\\/plusbaby.ch\\\/de\\\/produkt\\\/ovulationstests\\\/\",\"url\":\"https:\\\/\\\/plusbaby.ch\\\/de\\\/dovulationstest\\\/\",\"name\":\"Ovulationstests online | Plusbaby\",\"isPartOf\":{\"@id\":\"https:\\\/\\\/plusbaby.ch\\\/de\\\/#website\"},\"primaryImageOfPage\":{\"@id\":\"https:\\\/\\\/plusbaby.ch\\\/de\\\/dovulationstest\\\/#primaryimage\"},\"image\":{\"@id\":\"https:\\\/\\\/plusbaby.ch\\\/de\\\/dovulationstest\\\/#primaryimage\"},\"thumbnailUrl\":\"https:\\\/\\\/plusbaby.ch\\\/wp-content\\\/uploads\\\/2022\\\/12\\\/Tests-d-ovulation.webp\",\"datePublished\":\"2022-12-13T12:35:25+00:00\",\"dateModified\":\"2025-01-27T16:11:33+00:00\",\"description\":\"Verfolgen Sie Ihren Ovulationszyklus mit einfachen Online-Ovulationstests. 99% Zuverl\u00e4ssigkeit. Kit mit 6 Tests. Schweizer Marke. Kostenlose Lieferung.\",\"breadcrumb\":{\"@id\":\"https:\\\/\\\/plusbaby.ch\\\/de\\\/dovulationstest\\\/#breadcrumb\"},\"inLanguage\":\"de\",\"potentialAction\":[{\"@type\":\"ReadAction\",\"target\":[\"https:\\\/\\\/plusbaby.ch\\\/de\\\/dovulationstest\\\/\"]}]},{\"@type\":\"ImageObject\",\"inLanguage\":\"de\",\"@id\":\"https:\\\/\\\/plusbaby.ch\\\/de\\\/dovulationstest\\\/#primaryimage\",\"url\":\"https:\\\/\\\/plusbaby.ch\\\/wp-content\\\/uploads\\\/2022\\\/12\\\/Tests-d-ovulation.webp\",\"contentUrl\":\"https:\\\/\\\/plusbaby.ch\\\/wp-content\\\/uploads\\\/2022\\\/12\\\/Tests-d-ovulation.webp\",\"width\":1623,\"height\":1623,\"caption\":\"Ovulation tests\"},{\"@type\":\"BreadcrumbList\",\"@id\":\"https:\\\/\\\/plusbaby.ch\\\/de\\\/dovulationstest\\\/#breadcrumb\",\"itemListElement\":[{\"@type\":\"ListItem\",\"position\":1,\"name\":\"Home\",\"item\":\"https:\\\/\\\/plusbaby.ch\\\/de\\\/\"},{\"@type\":\"ListItem\",\"position\":2,\"name\":\"Shop\",\"item\":\"https:\\\/\\\/plusbaby.ch\\\/de\\\/shop\\\/\"},{\"@type\":\"ListItem\",\"position\":3,\"name\":\"Tests\",\"item\":\"https:\\\/\\\/plusbaby.ch\\\/de\\\/product-tag\\\/tests\\\/\"},{\"@type\":\"ListItem\",\"position\":4,\"name\":\"6x Ovulationstests\"}]},{\"@type\":\"WebSite\",\"@id\":\"https:\\\/\\\/plusbaby.ch\\\/de\\\/#website\",\"url\":\"https:\\\/\\\/plusbaby.ch\\\/de\\\/\",\"name\":\"Plusbaby\",\"description\":\"\",\"publisher\":{\"@id\":\"https:\\\/\\\/plusbaby.ch\\\/de\\\/#organization\"},\"potentialAction\":[{\"@type\":\"SearchAction\",\"target\":{\"@type\":\"EntryPoint\",\"urlTemplate\":\"https:\\\/\\\/plusbaby.ch\\\/de\\\/?s={search_term_string}\"},\"query-input\":{\"@type\":\"PropertyValueSpecification\",\"valueRequired\":true,\"valueName\":\"search_term_string\"}}],\"inLanguage\":\"de\"},{\"@type\":\"Organization\",\"@id\":\"https:\\\/\\\/plusbaby.ch\\\/de\\\/#organization\",\"name\":\"Plusbaby\",\"url\":\"https:\\\/\\\/plusbaby.ch\\\/de\\\/\",\"logo\":{\"@type\":\"ImageObject\",\"inLanguage\":\"de\",\"@id\":\"https:\\\/\\\/plusbaby.ch\\\/de\\\/#\\\/schema\\\/logo\\\/image\\\/\",\"url\":\"https:\\\/\\\/plusbaby.ch\\\/wp-content\\\/uploads\\\/2022\\\/04\\\/PlusBabyLogo_logo.svg\",\"contentUrl\":\"https:\\\/\\\/plusbaby.ch\\\/wp-content\\\/uploads\\\/2022\\\/04\\\/PlusBabyLogo_logo.svg\",\"width\":289,\"height\":169,\"caption\":\"Plusbaby\"},\"image\":{\"@id\":\"https:\\\/\\\/plusbaby.ch\\\/de\\\/#\\\/schema\\\/logo\\\/image\\\/\"},\"sameAs\":[\"https:\\\/\\\/www.facebook.com\\\/plusbaby.ch\",\"https:\\\/\\\/www.instagram.com\\\/plusbaby.ch\\\/\",\"https:\\\/\\\/www.linkedin.com\\\/company\\\/plusbaby\\\/?viewAsMember=true\",\"https:\\\/\\\/www.instagram.com\\\/plusbaby_ge\"]}]}<\/script>\n<!-- \/ Yoast SEO Premium plugin. -->","yoast_head_json":{"title":"Ovulationstests online | Plusbaby","description":"Verfolgen Sie Ihren Ovulationszyklus mit einfachen Online-Ovulationstests. 99% Zuverl\u00e4ssigkeit. Kit mit 6 Tests. Schweizer Marke. Kostenlose Lieferung.","robots":{"index":"index","follow":"follow","max-snippet":"max-snippet:-1","max-image-preview":"max-image-preview:large","max-video-preview":"max-video-preview:-1"},"canonical":"https:\/\/plusbaby.ch\/de\/dovulationstest\/","og_locale":"de_DE","og_type":"article","og_title":"6x Ovulationstests","og_description":"Verfolgen Sie Ihren Ovulationszyklus mit einfachen Online-Ovulationstests. 99% Zuverl\u00e4ssigkeit. Kit mit 6 Tests. Schweizer Marke. Kostenlose Lieferung.","og_url":"https:\/\/plusbaby.ch\/de\/dovulationstest\/","og_site_name":"PlusBaby","article_publisher":"https:\/\/www.facebook.com\/plusbaby.ch","article_modified_time":"2025-01-27T16:11:33+00:00","og_image":[{"width":1623,"height":1623,"url":"https:\/\/plusbaby.ch\/wp-content\/uploads\/2022\/12\/Tests-d-ovulation.webp","type":"image\/webp"}],"twitter_card":"summary_large_image","twitter_misc":{"Gesch\u00e4tzte Lesezeit":"1\u00a0Minute"},"schema":{"@context":"https:\/\/schema.org","@graph":[{"@type":"WebPage","@id":"https:\/\/plusbaby.ch\/de\/produkt\/ovulationstests\/","url":"https:\/\/plusbaby.ch\/de\/dovulationstest\/","name":"Ovulationstests online | Plusbaby","isPartOf":{"@id":"https:\/\/plusbaby.ch\/de\/#website"},"primaryImageOfPage":{"@id":"https:\/\/plusbaby.ch\/de\/dovulationstest\/#primaryimage"},"image":{"@id":"https:\/\/plusbaby.ch\/de\/dovulationstest\/#primaryimage"},"thumbnailUrl":"https:\/\/plusbaby.ch\/wp-content\/uploads\/2022\/12\/Tests-d-ovulation.webp","datePublished":"2022-12-13T12:35:25+00:00","dateModified":"2025-01-27T16:11:33+00:00","description":"Verfolgen Sie Ihren Ovulationszyklus mit einfachen Online-Ovulationstests. 99% Zuverl\u00e4ssigkeit. Kit mit 6 Tests. Schweizer Marke. Kostenlose Lieferung.","breadcrumb":{"@id":"https:\/\/plusbaby.ch\/de\/dovulationstest\/#breadcrumb"},"inLanguage":"de","potentialAction":[{"@type":"ReadAction","target":["https:\/\/plusbaby.ch\/de\/dovulationstest\/"]}]},{"@type":"ImageObject","inLanguage":"de","@id":"https:\/\/plusbaby.ch\/de\/dovulationstest\/#primaryimage","url":"https:\/\/plusbaby.ch\/wp-content\/uploads\/2022\/12\/Tests-d-ovulation.webp","contentUrl":"https:\/\/plusbaby.ch\/wp-content\/uploads\/2022\/12\/Tests-d-ovulation.webp","width":1623,"height":1623,"caption":"Ovulation tests"},{"@type":"BreadcrumbList","@id":"https:\/\/plusbaby.ch\/de\/dovulationstest\/#breadcrumb","itemListElement":[{"@type":"ListItem","position":1,"name":"Home","item":"https:\/\/plusbaby.ch\/de\/"},{"@type":"ListItem","position":2,"name":"Shop","item":"https:\/\/plusbaby.ch\/de\/shop\/"},{"@type":"ListItem","position":3,"name":"Tests","item":"https:\/\/plusbaby.ch\/de\/product-tag\/tests\/"},{"@type":"ListItem","position":4,"name":"6x Ovulationstests"}]},{"@type":"WebSite","@id":"https:\/\/plusbaby.ch\/de\/#website","url":"https:\/\/plusbaby.ch\/de\/","name":"Plusbaby","description":"","publisher":{"@id":"https:\/\/plusbaby.ch\/de\/#organization"},"potentialAction":[{"@type":"SearchAction","target":{"@type":"EntryPoint","urlTemplate":"https:\/\/plusbaby.ch\/de\/?s={search_term_string}"},"query-input":{"@type":"PropertyValueSpecification","valueRequired":true,"valueName":"search_term_string"}}],"inLanguage":"de"},{"@type":"Organization","@id":"https:\/\/plusbaby.ch\/de\/#organization","name":"Plusbaby","url":"https:\/\/plusbaby.ch\/de\/","logo":{"@type":"ImageObject","inLanguage":"de","@id":"https:\/\/plusbaby.ch\/de\/#\/schema\/logo\/image\/","url":"https:\/\/plusbaby.ch\/wp-content\/uploads\/2022\/04\/PlusBabyLogo_logo.svg","contentUrl":"https:\/\/plusbaby.ch\/wp-content\/uploads\/2022\/04\/PlusBabyLogo_logo.svg","width":289,"height":169,"caption":"Plusbaby"},"image":{"@id":"https:\/\/plusbaby.ch\/de\/#\/schema\/logo\/image\/"},"sameAs":["https:\/\/www.facebook.com\/plusbaby.ch","https:\/\/www.instagram.com\/plusbaby.ch\/","https:\/\/www.linkedin.com\/company\/plusbaby\/?viewAsMember=true","https:\/\/www.instagram.com\/plusbaby_ge"]}]}},"_links":{"self":[{"href":"https:\/\/plusbaby.ch\/de\/wp-json\/wp\/v2\/product\/27829","targetHints":{"allow":["GET"]}}],"collection":[{"href":"https:\/\/plusbaby.ch\/de\/wp-json\/wp\/v2\/product"}],"about":[{"href":"https:\/\/plusbaby.ch\/de\/wp-json\/wp\/v2\/types\/product"}],"replies":[{"embeddable":true,"href":"https:\/\/plusbaby.ch\/de\/wp-json\/wp\/v2\/comments?post=27829"}],"version-history":[{"count":0,"href":"https:\/\/plusbaby.ch\/de\/wp-json\/wp\/v2\/product\/27829\/revisions"}],"wp:featuredmedia":[{"embeddable":true,"href":"https:\/\/plusbaby.ch\/de\/wp-json\/wp\/v2\/media\/26113"}],"wp:attachment":[{"href":"https:\/\/plusbaby.ch\/de\/wp-json\/wp\/v2\/media?parent=27829"}],"wp:term":[{"taxonomy":"product_brand","embeddable":true,"href":"https:\/\/plusbaby.ch\/de\/wp-json\/wp\/v2\/product_brand?post=27829"},{"taxonomy":"product_cat","embeddable":true,"href":"https:\/\/plusbaby.ch\/de\/wp-json\/wp\/v2\/product_cat?post=27829"},{"taxonomy":"product_tag","embeddable":true,"href":"https:\/\/plusbaby.ch\/de\/wp-json\/wp\/v2\/product_tag?post=27829"}],"curies":[{"name":"wp","href":"https:\/\/api.w.org\/{rel}","templated":true}]}}