        {"id":27837,"date":"2022-12-13T13:38:08","date_gmt":"2022-12-13T12:38:08","guid":{"rendered":"https:\/\/infotechdemos.co.in\/plusbaby\/?post_type=product&#038;p=27837"},"modified":"2026-04-14T22:55:47","modified_gmt":"2026-04-14T20:55:47","slug":"plusfertimen","status":"publish","type":"product","link":"https:\/\/plusbaby.ch\/de\/produkt\/plusfertimen\/","title":{"rendered":"+fertimen <\/br>Vegane Multivitamine f\u00fcr m\u00e4nnliche Fruchtbarkeit"},"content":{"rendered":"<h3><b>Die +fertimen-Formel<\/b><\/h3>\n<p><span style=\"font-weight: 400;\">+fertimen enth\u00e4lt 11 essentielle N\u00e4hrstoffe, darunter bioaktives Fols\u00e4urepr\u00e4parat Quatrefolic\u00ae, Coenzym Q10, L-Carnitin, L-Arginin, L-Taurin und Selen, entwickelt mit schweizerischem Fachwissen aus der Schweiz. Diese N\u00e4hrstoffe wurden sorgf\u00e4ltig in hoch bioverf\u00fcgbaren Formen ausgew\u00e4hlt, um eine optimale Aufnahme zu gew\u00e4hrleisten und sie zu wirksamen Fruchtbarkeitskapseln f\u00fcr M\u00e4nner zu machen.<\/span><\/p>\n<p><span style=\"font-weight: 400;\">Die Formel wurde entwickelt, um die Gesundheit der Spermien zu unterst\u00fctzen, und kann als nat\u00fcrliche Behandlung bei geringer Spermienzahl dienen, indem sie im Rahmen der t\u00e4glichen Routine zur Verbesserung der allgemeinen Fortpflanzungsfunktion beitr\u00e4gt.<\/span><\/p>\n<p><span style=\"font-weight: 400;\">Die Formel ist vegan, gentechnikfrei und glutenfrei. Sie wurde ohne h\u00e4ufige Allergene oder unn\u00f6tige F\u00fcllstoffe entwickelt und enth\u00e4lt keine Milch, Eier, Fisch, Schalentiere, N\u00fcsse, Soja, Erdn\u00fcsse, Weizen, Hefe, Gluten, Mais, zugesetzten Zucker, St\u00e4rke, k\u00fcnstliche Farb- oder Aromastoffe, Konservierungsstoffe oder Zusatzstoffe, was sie zu einer reinen und zuverl\u00e4ssigen Wahl f\u00fcr M\u00e4nner macht, die ihre Fruchtbarkeit unterst\u00fctzen m\u00f6chten.<\/span><\/p>\n","protected":false},"excerpt":{"rendered":"<p><b>F\u00f6rdert die Spermienqualit\u00e4t und -beweglichkeit<\/b><\/p>\n<p><span style=\"font-weight: 400;\">F\u00fcr M\u00e4nner, die sich Kinder w\u00fcnschen<\/span><\/p>\n<p><span style=\"font-weight: 400;\">+fertimen wurde in der Schweiz unter Einsatz von Schweizer medizinischem Fachwissen entwickelt und ist ein wissenschaftlich konzipiertes Nahrungserg\u00e4nzungsmittel zur Unterst\u00fctzung der Fruchtbarkeit bei M\u00e4nnern, das die reproduktive Gesundheit und die Spermienfunktion f\u00f6rdert.<\/span><\/p>\n<p><span style=\"font-weight: 400;\">Dieses fortschrittliche Fruchtbarkeitsvitamin f\u00fcr M\u00e4nner kombiniert<\/span><a href=\"https:\/\/plusbaby.ch\/de\/folsaure-schwangerschaft-2\/\"><span style=\"font-weight: 400;\"> Quatrefolic\u00ae bioaktives Fols\u00e4ure<\/span><\/a><span style=\"font-weight: 400;\">,<\/span><a href=\"https:\/\/plusbaby.ch\/de\/q10-antioxidant-fertility\/\"><span style=\"font-weight: 400;\"> Coenzym Q10<\/span><\/a><span style=\"font-weight: 400;\">,<\/span><a href=\"https:\/\/plusbaby.ch\/de\/l-carnitin-aminosaure-fruchtbarkeit\/\"><span style=\"font-weight: 400;\"> L-Carnitin<\/span><\/a><span style=\"font-weight: 400;\"> und weitere essentielle N\u00e4hrstoffe, die aufgrund ihrer Bedeutung f\u00fcr die m\u00e4nnliche Fruchtbarkeit und das allgemeine Wohlbefinden ausgew\u00e4hlt wurden.<\/span><\/p>\n<p><strong>Wichtige Vorteile zur Unterst\u00fctzung der Fruchtbarkeit<\/strong><br \/>\n\u2705 Unterst\u00fctzt die Beweglichkeit und Vitalit\u00e4t der Spermien<br \/>\n\u2705 Hilft bei der Aufrechterhaltung einer gesunden Spermienzahl<br \/>\n\u2705 Bietet antioxidativen Schutz vor oxidativem Stress<br \/>\n\u2705 Tr\u00e4gt zu einem normalen Energiestoffwechsel in den Spermien bei<br \/>\n\u2705 Unterst\u00fctzt eine gesunde Struktur der Fortpflanzungszellen<br \/>\n\u2705 Hilft, die Beweglichkeit und Anzahl der Spermien auf nat\u00fcrliche Weise zu steigern<\/p>\n<p><b>F\u00fcr wen ist +fertimen geeignet?<\/b><br \/>\n+fertimen ist f\u00fcr M\u00e4nner gedacht, die:<\/p>\n<ul>\n<li style=\"font-weight: 400;\" aria-level=\"1\"><span style=\"font-weight: 400;\">gemeinsam mit ihrer Partnerin aktiv versuchen, ein Kind zu zeugen<\/span><\/li>\n<li style=\"font-weight: 400;\" aria-level=\"1\"><span style=\"font-weight: 400;\">ihre Spermienqualit\u00e4t mit einem t\u00e4glichen Nahrungserg\u00e4nzungsmittel f\u00fcr gesunde Spermien optimieren m\u00f6chten<\/span><\/li>\n<li style=\"font-weight: 400;\" aria-level=\"1\"><span style=\"font-weight: 400;\">sich auf eine assistierte Reproduktion (IVF oder ICSI) vorbereiten<\/span><\/li>\n<li style=\"font-weight: 400;\" aria-level=\"1\"><span style=\"font-weight: 400;\">ein Nahrungserg\u00e4nzungsmittel f\u00fcr die m\u00e4nnliche Fruchtbarkeit aus der Schweiz mit hohen Qualit\u00e4tsstandards suchen<\/span><\/li>\n<\/ul>\n<p>Enth\u00e4lt 60 Kapseln (Vorrat f\u00fcr einen Monat)<\/p>\n","protected":false},"featured_media":38784,"comment_status":"open","ping_status":"closed","template":"","meta":{"_acf_changed":false},"product_brand":[],"product_cat":[275],"product_tag":[276,404],"class_list":{"0":"post-27837","1":"product","2":"type-product","3":"status-publish","4":"has-post-thumbnail","6":"product_cat-erganzungen","7":"product_tag-erganzungen","8":"product_tag-maenner","10":"first","11":"instock","12":"sale","13":"taxable","14":"shipping-taxable","15":"purchasable","16":"product-type-simple"},"acf":[],"yoast_head":"<!-- This site is optimized with the Yoast SEO Premium plugin v27.4 (Yoast SEO v27.4) - https:\/\/yoast.com\/product\/yoast-seo-premium-wordpress\/ -->\n<title>+Fertimen Vegane Multivitamine F\u00fcr M\u00e4nnliche Fruchtbarkeit | Plusbaby<\/title>\n<meta name=\"description\" content=\"Von \u00c4rzten entwickelte vegane Multivitamine mit Quatrefolic\u00ae, Q10 &amp; Vitamin D3 zur Verbesserung von Spermienqualit\u00e4t, Motilit\u00e4t und Gesundheit.\" \/>\n<meta name=\"robots\" content=\"index, follow, max-snippet:-1, max-image-preview:large, max-video-preview:-1\" \/>\n<link rel=\"canonical\" href=\"https:\/\/plusbaby.ch\/de\/produkt\/plusfertimen\/\" \/>\n<meta property=\"og:locale\" content=\"de_DE\" \/>\n<meta property=\"og:type\" content=\"article\" \/>\n<meta property=\"og:title\" content=\"+fertimen Vegane Multivitamine f\u00fcr m\u00e4nnliche Fruchtbarkeit\" \/>\n<meta property=\"og:description\" content=\"Von \u00c4rzten entwickelte vegane Multivitamine mit Quatrefolic\u00ae, Q10 &amp; Vitamin D3 zur Verbesserung von Spermienqualit\u00e4t, Motilit\u00e4t und Gesundheit.\" \/>\n<meta property=\"og:url\" content=\"https:\/\/plusbaby.ch\/de\/produkt\/plusfertimen\/\" \/>\n<meta property=\"og:site_name\" content=\"PlusBaby\" \/>\n<meta property=\"article:publisher\" content=\"https:\/\/www.facebook.com\/plusbaby.ch\" \/>\n<meta property=\"article:modified_time\" content=\"2026-04-14T20:55:47+00:00\" \/>\n<meta property=\"og:image\" content=\"https:\/\/plusbaby.ch\/wp-content\/uploads\/2022\/12\/complements-alimentaires-pour-la-fertilite-masculine-en-Suisse.png\" \/>\n\t<meta property=\"og:image:width\" content=\"1200\" \/>\n\t<meta property=\"og:image:height\" content=\"1040\" \/>\n\t<meta property=\"og:image:type\" content=\"image\/png\" \/>\n<meta name=\"twitter:card\" content=\"summary_large_image\" \/>\n<meta name=\"twitter:label1\" content=\"Gesch\u00e4tzte Lesezeit\" \/>\n\t<meta name=\"twitter:data1\" content=\"1\u00a0Minute\" \/>\n<script type=\"application\/ld+json\" class=\"yoast-schema-graph\">{\"@context\":\"https:\\\/\\\/schema.org\",\"@graph\":[{\"@type\":\"WebPage\",\"@id\":\"https:\\\/\\\/plusbaby.ch\\\/de\\\/produkt\\\/plusfertimen\\\/\",\"url\":\"https:\\\/\\\/plusbaby.ch\\\/de\\\/produkt\\\/plusfertimen\\\/\",\"name\":\"+Fertimen Vegane Multivitamine F\u00fcr M\u00e4nnliche Fruchtbarkeit | Plusbaby\",\"isPartOf\":{\"@id\":\"https:\\\/\\\/plusbaby.ch\\\/de\\\/#website\"},\"primaryImageOfPage\":{\"@id\":\"https:\\\/\\\/plusbaby.ch\\\/de\\\/produkt\\\/plusfertimen\\\/#primaryimage\"},\"image\":{\"@id\":\"https:\\\/\\\/plusbaby.ch\\\/de\\\/produkt\\\/plusfertimen\\\/#primaryimage\"},\"thumbnailUrl\":\"https:\\\/\\\/plusbaby.ch\\\/wp-content\\\/uploads\\\/2022\\\/12\\\/complements-alimentaires-pour-la-fertilite-masculine-en-Suisse.png\",\"datePublished\":\"2022-12-13T12:38:08+00:00\",\"dateModified\":\"2026-04-14T20:55:47+00:00\",\"description\":\"Von \u00c4rzten entwickelte vegane Multivitamine mit Quatrefolic\u00ae, Q10 & Vitamin D3 zur Verbesserung von Spermienqualit\u00e4t, Motilit\u00e4t und Gesundheit.\",\"breadcrumb\":{\"@id\":\"https:\\\/\\\/plusbaby.ch\\\/de\\\/produkt\\\/plusfertimen\\\/#breadcrumb\"},\"inLanguage\":\"de\",\"potentialAction\":[{\"@type\":\"ReadAction\",\"target\":[\"https:\\\/\\\/plusbaby.ch\\\/de\\\/produkt\\\/plusfertimen\\\/\"]}]},{\"@type\":\"ImageObject\",\"inLanguage\":\"de\",\"@id\":\"https:\\\/\\\/plusbaby.ch\\\/de\\\/produkt\\\/plusfertimen\\\/#primaryimage\",\"url\":\"https:\\\/\\\/plusbaby.ch\\\/wp-content\\\/uploads\\\/2022\\\/12\\\/complements-alimentaires-pour-la-fertilite-masculine-en-Suisse.png\",\"contentUrl\":\"https:\\\/\\\/plusbaby.ch\\\/wp-content\\\/uploads\\\/2022\\\/12\\\/complements-alimentaires-pour-la-fertilite-masculine-en-Suisse.png\",\"width\":1200,\"height\":1040,\"caption\":\"Fruchtbarkeitspr\u00e4parate f\u00fcr M\u00e4nner in der Schweiz\"},{\"@type\":\"BreadcrumbList\",\"@id\":\"https:\\\/\\\/plusbaby.ch\\\/de\\\/produkt\\\/plusfertimen\\\/#breadcrumb\",\"itemListElement\":[{\"@type\":\"ListItem\",\"position\":1,\"name\":\"Home\",\"item\":\"https:\\\/\\\/plusbaby.ch\\\/de\\\/\"},{\"@type\":\"ListItem\",\"position\":2,\"name\":\"Shop\",\"item\":\"https:\\\/\\\/plusbaby.ch\\\/de\\\/shop\\\/\"},{\"@type\":\"ListItem\",\"position\":3,\"name\":\"Compl\u00e9ments\",\"item\":\"https:\\\/\\\/plusbaby.ch\\\/de\\\/product-tag\\\/erganzungen\\\/\"},{\"@type\":\"ListItem\",\"position\":4,\"name\":\"+fertimen Vegane Multivitamine f\u00fcr m\u00e4nnliche Fruchtbarkeit\"}]},{\"@type\":\"WebSite\",\"@id\":\"https:\\\/\\\/plusbaby.ch\\\/de\\\/#website\",\"url\":\"https:\\\/\\\/plusbaby.ch\\\/de\\\/\",\"name\":\"Plusbaby\",\"description\":\"\",\"publisher\":{\"@id\":\"https:\\\/\\\/plusbaby.ch\\\/de\\\/#organization\"},\"potentialAction\":[{\"@type\":\"SearchAction\",\"target\":{\"@type\":\"EntryPoint\",\"urlTemplate\":\"https:\\\/\\\/plusbaby.ch\\\/de\\\/?s={search_term_string}\"},\"query-input\":{\"@type\":\"PropertyValueSpecification\",\"valueRequired\":true,\"valueName\":\"search_term_string\"}}],\"inLanguage\":\"de\"},{\"@type\":\"Organization\",\"@id\":\"https:\\\/\\\/plusbaby.ch\\\/de\\\/#organization\",\"name\":\"Plusbaby\",\"url\":\"https:\\\/\\\/plusbaby.ch\\\/de\\\/\",\"logo\":{\"@type\":\"ImageObject\",\"inLanguage\":\"de\",\"@id\":\"https:\\\/\\\/plusbaby.ch\\\/de\\\/#\\\/schema\\\/logo\\\/image\\\/\",\"url\":\"https:\\\/\\\/plusbaby.ch\\\/wp-content\\\/uploads\\\/2022\\\/04\\\/PlusBabyLogo_logo.svg\",\"contentUrl\":\"https:\\\/\\\/plusbaby.ch\\\/wp-content\\\/uploads\\\/2022\\\/04\\\/PlusBabyLogo_logo.svg\",\"width\":289,\"height\":169,\"caption\":\"Plusbaby\"},\"image\":{\"@id\":\"https:\\\/\\\/plusbaby.ch\\\/de\\\/#\\\/schema\\\/logo\\\/image\\\/\"},\"sameAs\":[\"https:\\\/\\\/www.facebook.com\\\/plusbaby.ch\",\"https:\\\/\\\/www.instagram.com\\\/plusbaby.ch\\\/\",\"https:\\\/\\\/www.linkedin.com\\\/company\\\/plusbaby\\\/?viewAsMember=true\",\"https:\\\/\\\/www.instagram.com\\\/plusbaby_ge\"]}]}<\/script>\n<!-- \/ Yoast SEO Premium plugin. -->","yoast_head_json":{"title":"+Fertimen Vegane Multivitamine F\u00fcr M\u00e4nnliche Fruchtbarkeit | Plusbaby","description":"Von \u00c4rzten entwickelte vegane Multivitamine mit Quatrefolic\u00ae, Q10 & Vitamin D3 zur Verbesserung von Spermienqualit\u00e4t, Motilit\u00e4t und Gesundheit.","robots":{"index":"index","follow":"follow","max-snippet":"max-snippet:-1","max-image-preview":"max-image-preview:large","max-video-preview":"max-video-preview:-1"},"canonical":"https:\/\/plusbaby.ch\/de\/produkt\/plusfertimen\/","og_locale":"de_DE","og_type":"article","og_title":"+fertimen Vegane Multivitamine f\u00fcr m\u00e4nnliche Fruchtbarkeit","og_description":"Von \u00c4rzten entwickelte vegane Multivitamine mit Quatrefolic\u00ae, Q10 & Vitamin D3 zur Verbesserung von Spermienqualit\u00e4t, Motilit\u00e4t und Gesundheit.","og_url":"https:\/\/plusbaby.ch\/de\/produkt\/plusfertimen\/","og_site_name":"PlusBaby","article_publisher":"https:\/\/www.facebook.com\/plusbaby.ch","article_modified_time":"2026-04-14T20:55:47+00:00","og_image":[{"width":1200,"height":1040,"url":"https:\/\/plusbaby.ch\/wp-content\/uploads\/2022\/12\/complements-alimentaires-pour-la-fertilite-masculine-en-Suisse.png","type":"image\/png"}],"twitter_card":"summary_large_image","twitter_misc":{"Gesch\u00e4tzte Lesezeit":"1\u00a0Minute"},"schema":{"@context":"https:\/\/schema.org","@graph":[{"@type":"WebPage","@id":"https:\/\/plusbaby.ch\/de\/produkt\/plusfertimen\/","url":"https:\/\/plusbaby.ch\/de\/produkt\/plusfertimen\/","name":"+Fertimen Vegane Multivitamine F\u00fcr M\u00e4nnliche Fruchtbarkeit | Plusbaby","isPartOf":{"@id":"https:\/\/plusbaby.ch\/de\/#website"},"primaryImageOfPage":{"@id":"https:\/\/plusbaby.ch\/de\/produkt\/plusfertimen\/#primaryimage"},"image":{"@id":"https:\/\/plusbaby.ch\/de\/produkt\/plusfertimen\/#primaryimage"},"thumbnailUrl":"https:\/\/plusbaby.ch\/wp-content\/uploads\/2022\/12\/complements-alimentaires-pour-la-fertilite-masculine-en-Suisse.png","datePublished":"2022-12-13T12:38:08+00:00","dateModified":"2026-04-14T20:55:47+00:00","description":"Von \u00c4rzten entwickelte vegane Multivitamine mit Quatrefolic\u00ae, Q10 & Vitamin D3 zur Verbesserung von Spermienqualit\u00e4t, Motilit\u00e4t und Gesundheit.","breadcrumb":{"@id":"https:\/\/plusbaby.ch\/de\/produkt\/plusfertimen\/#breadcrumb"},"inLanguage":"de","potentialAction":[{"@type":"ReadAction","target":["https:\/\/plusbaby.ch\/de\/produkt\/plusfertimen\/"]}]},{"@type":"ImageObject","inLanguage":"de","@id":"https:\/\/plusbaby.ch\/de\/produkt\/plusfertimen\/#primaryimage","url":"https:\/\/plusbaby.ch\/wp-content\/uploads\/2022\/12\/complements-alimentaires-pour-la-fertilite-masculine-en-Suisse.png","contentUrl":"https:\/\/plusbaby.ch\/wp-content\/uploads\/2022\/12\/complements-alimentaires-pour-la-fertilite-masculine-en-Suisse.png","width":1200,"height":1040,"caption":"Fruchtbarkeitspr\u00e4parate f\u00fcr M\u00e4nner in der Schweiz"},{"@type":"BreadcrumbList","@id":"https:\/\/plusbaby.ch\/de\/produkt\/plusfertimen\/#breadcrumb","itemListElement":[{"@type":"ListItem","position":1,"name":"Home","item":"https:\/\/plusbaby.ch\/de\/"},{"@type":"ListItem","position":2,"name":"Shop","item":"https:\/\/plusbaby.ch\/de\/shop\/"},{"@type":"ListItem","position":3,"name":"Compl\u00e9ments","item":"https:\/\/plusbaby.ch\/de\/product-tag\/erganzungen\/"},{"@type":"ListItem","position":4,"name":"+fertimen Vegane Multivitamine f\u00fcr m\u00e4nnliche Fruchtbarkeit"}]},{"@type":"WebSite","@id":"https:\/\/plusbaby.ch\/de\/#website","url":"https:\/\/plusbaby.ch\/de\/","name":"Plusbaby","description":"","publisher":{"@id":"https:\/\/plusbaby.ch\/de\/#organization"},"potentialAction":[{"@type":"SearchAction","target":{"@type":"EntryPoint","urlTemplate":"https:\/\/plusbaby.ch\/de\/?s={search_term_string}"},"query-input":{"@type":"PropertyValueSpecification","valueRequired":true,"valueName":"search_term_string"}}],"inLanguage":"de"},{"@type":"Organization","@id":"https:\/\/plusbaby.ch\/de\/#organization","name":"Plusbaby","url":"https:\/\/plusbaby.ch\/de\/","logo":{"@type":"ImageObject","inLanguage":"de","@id":"https:\/\/plusbaby.ch\/de\/#\/schema\/logo\/image\/","url":"https:\/\/plusbaby.ch\/wp-content\/uploads\/2022\/04\/PlusBabyLogo_logo.svg","contentUrl":"https:\/\/plusbaby.ch\/wp-content\/uploads\/2022\/04\/PlusBabyLogo_logo.svg","width":289,"height":169,"caption":"Plusbaby"},"image":{"@id":"https:\/\/plusbaby.ch\/de\/#\/schema\/logo\/image\/"},"sameAs":["https:\/\/www.facebook.com\/plusbaby.ch","https:\/\/www.instagram.com\/plusbaby.ch\/","https:\/\/www.linkedin.com\/company\/plusbaby\/?viewAsMember=true","https:\/\/www.instagram.com\/plusbaby_ge"]}]}},"_links":{"self":[{"href":"https:\/\/plusbaby.ch\/de\/wp-json\/wp\/v2\/product\/27837","targetHints":{"allow":["GET"]}}],"collection":[{"href":"https:\/\/plusbaby.ch\/de\/wp-json\/wp\/v2\/product"}],"about":[{"href":"https:\/\/plusbaby.ch\/de\/wp-json\/wp\/v2\/types\/product"}],"replies":[{"embeddable":true,"href":"https:\/\/plusbaby.ch\/de\/wp-json\/wp\/v2\/comments?post=27837"}],"version-history":[{"count":21,"href":"https:\/\/plusbaby.ch\/de\/wp-json\/wp\/v2\/product\/27837\/revisions"}],"predecessor-version":[{"id":46604,"href":"https:\/\/plusbaby.ch\/de\/wp-json\/wp\/v2\/product\/27837\/revisions\/46604"}],"wp:featuredmedia":[{"embeddable":true,"href":"https:\/\/plusbaby.ch\/de\/wp-json\/wp\/v2\/media\/38784"}],"wp:attachment":[{"href":"https:\/\/plusbaby.ch\/de\/wp-json\/wp\/v2\/media?parent=27837"}],"wp:term":[{"taxonomy":"product_brand","embeddable":true,"href":"https:\/\/plusbaby.ch\/de\/wp-json\/wp\/v2\/product_brand?post=27837"},{"taxonomy":"product_cat","embeddable":true,"href":"https:\/\/plusbaby.ch\/de\/wp-json\/wp\/v2\/product_cat?post=27837"},{"taxonomy":"product_tag","embeddable":true,"href":"https:\/\/plusbaby.ch\/de\/wp-json\/wp\/v2\/product_tag?post=27837"}],"curies":[{"name":"wp","href":"https:\/\/api.w.org\/{rel}","templated":true}]}}