        {"id":35694,"date":"2022-12-11T11:40:19","date_gmt":"2022-12-11T10:40:19","guid":{"rendered":"https:\/\/plusbaby.ch\/?post_type=product&#038;p=35694"},"modified":"2026-04-09T04:26:37","modified_gmt":"2026-04-09T02:26:37","slug":"plusfertiwomen","status":"publish","type":"product","link":"https:\/\/plusbaby.ch\/de\/produkt\/plusfertiwomen\/","title":{"rendered":"+fertiwomen Inositol <\/br>Vegane Multivitamine f\u00fcr die Fruchtbarkeit der Frauen"},"content":{"rendered":"<h3><b>Die +fertiwomen-Formel<\/b><\/h3>\n<p><span style=\"font-weight: 400;\">Das von Schweizer \u00c4rzten entwickelte +fertiwomen Inositol enth\u00e4lt 15 essentielle N\u00e4hrstoffe, darunter hochdosiertes Myo-Inositol, Quatrefolic\u00ae (aktives Fols\u00e4ure 5-MTHF) und bioverf\u00fcgbares CoQ10 f\u00fcr die Eizellenqualit\u00e4t sowie L-Arginin und L-Carnitin. Diese N\u00e4hrstoffe wurden in hochbioverf\u00fcgbaren Formen ausgew\u00e4hlt, um eine effektive Aufnahme und optimale Unterst\u00fctzung der Fortpflanzungsf\u00e4higkeit zu gew\u00e4hrleisten.<\/span><\/p>\n<p><span style=\"font-weight: 400;\">Das Produkt ist als vegane Fruchtbarkeitskapsel konzipiert und bietet eine reine und bewusste Wahl f\u00fcr den t\u00e4glichen Gebrauch. Die Formel ist zudem gentechnikfrei und allergenfrei: Sie wurde ohne h\u00e4ufige Allergene oder unn\u00f6tige F\u00fcllstoffe entwickelt.<\/span><\/p>\n<p><span style=\"font-weight: 400;\">Sie enth\u00e4lt keine Milch, Eier, Fisch, Schalentiere, N\u00fcsse, Soja, Erdn\u00fcsse, Weizen, Hefe, Gluten, Mais, zugesetzten Zucker, St\u00e4rke, k\u00fcnstliche Farbstoffe, Konservierungsstoffe oder Aromen.<\/span><\/p>\n","protected":false},"excerpt":{"rendered":"<h2>F\u00f6rderung des Eisprungs und der Eizellenqualit\u00e4t<\/h2>\n<p><span style=\"font-weight: 400;\">Planen Sie eine Schwangerschaft? +fertiwomen Inositol ist eine von \u00c4rzten entwickelte Fertilit\u00e4tsmischung, die in der Schweiz von Schweizer \u00c4rzten entwickelt wurde, um Frauen gezielt bei der Empf\u00e4ngnis zu unterst\u00fctzen. Diese vegane Formel wurde als eines der fortschrittlichsten Fertilit\u00e4tspr\u00e4parate f\u00fcr Frauen konzipiert und tr\u00e4gt zur Unterst\u00fctzung des Hormonhaushalts, des Eisprungs und der Eizellenqualit\u00e4t bei.<\/span><\/p>\n<p><span style=\"font-weight: 400;\">+fertiwomen Inositol wurde f\u00fcr Frauen entwickelt, die eine Schwangerschaft planen, und liefert optimale Dosierungen von 15 essenziellen N\u00e4hrstoffen f\u00fcr maximale Aufnahme und wirksame t\u00e4gliche Unterst\u00fctzung.<\/span><\/p>\n<p><span style=\"font-weight: 400;\">Es kombiniert hochdosiertes Myo-Inositol mit<\/span><a href=\"https:\/\/plusbaby.ch\/de\/folsaure-schwangerschaft-2\/\"><span style=\"font-weight: 400;\"> Quatrefolic\u00ae (aktives Fols\u00e4ure 5-MTHF)<\/span><\/a><span style=\"font-weight: 400;\"> sowie bioverf\u00fcgbares CoQ10 f\u00fcr die Eizellenqualit\u00e4t,<\/span><a href=\"https:\/\/plusbaby.ch\/de\/l-carnitin-aminosaure-fruchtbarkeit\/\"><span style=\"font-weight: 400;\"> L-Carnitin<\/span><\/a><span style=\"font-weight: 400;\"> und weitere essentielle N\u00e4hrstoffe, die zur Fortpflanzungsfunktion beitragen.<\/span><\/p>\n<p><span style=\"font-weight: 400;\">Entwickelt in pharmazeutischer Reinheit, bietet es bew\u00e4hrte Nahrungserg\u00e4nzungsmittel f\u00fcr die reproduktive Gesundheit von Frauen, die sich auf eine Schwangerschaft vorbereiten.<\/span><\/p>\n<p><strong>Wichtigste Vorteile<\/strong><br \/>\n\u2705\u00a0 Unterst\u00fctzt einen regelm\u00e4\u00dfigen Eisprung<br \/>\n\u2705\u00a0 Hilft, das hormonelle Gleichgewicht aufrechtzuerhalten<br \/>\n\u2705\u00a0 Tr\u00e4gt zu einer gesunden Eizellenqualit\u00e4t bei<br \/>\n\u2705\u00a0 Liefert bioaktives Fols\u00e4ure f\u00fcr die fr\u00fche Entwicklung des F\u00f6tus<br \/>\n\u2705\u00a0 Bietet antioxidativen Schutz f\u00fcr die Fortpflanzungszellen<\/p>\n<p><b>F\u00fcr wen ist +fertiwomen Inositol geeignet?<\/b><br \/>\n+fertiwomen Inositol wurde f\u00fcr Frauen entwickelt, die:<\/p>\n<ul>\n<li><span style=\"font-weight: 400;\">aktiv versuchen, auf nat\u00fcrlichem Wege schwanger zu werden<\/span><\/li>\n<li style=\"font-weight: 400;\" aria-level=\"1\"><span style=\"font-weight: 400;\">ihre Fruchtbarkeit und Eizellenqualit\u00e4t optimieren m\u00f6chten<\/span><\/li>\n<li style=\"font-weight: 400;\" aria-level=\"1\"><span style=\"font-weight: 400;\">sich auf eine assistierte Reproduktion (IVF oder ICSI) vorbereiten<\/span><\/li>\n<\/ul>\n<p>Enth\u00e4lt 60 Kapseln (Vorrat f\u00fcr 1 Monat)<\/p>\n","protected":false},"featured_media":38802,"comment_status":"open","ping_status":"closed","template":"","meta":{"_acf_changed":false},"product_brand":[],"product_cat":[275],"product_tag":[276,405],"class_list":{"0":"post-35694","1":"product","2":"type-product","3":"status-publish","4":"has-post-thumbnail","6":"product_cat-erganzungen","7":"product_tag-erganzungen","8":"product_tag-frauen","10":"first","11":"instock","12":"sale","13":"featured","14":"taxable","15":"shipping-taxable","16":"purchasable","17":"product-type-simple"},"acf":[],"yoast_head":"<!-- This site is optimized with the Yoast SEO Premium plugin v27.3 (Yoast SEO v27.3) - https:\/\/yoast.com\/product\/yoast-seo-premium-wordpress\/ -->\n<title>+Fretiwoman: Fruchtbarkeit Kapseln f\u00fcr Frauen | PlusBaby<\/title>\n<meta name=\"description\" content=\"+Fretiwoman Kapseln von PlusBaby: Fruchtbarkeit f\u00fcr Frauen. \u00c4rztlich entwickelt mit Quatrefolic\u00ae &amp; CoQ10 f\u00fcr maximale Aufnahme. Rein &amp; ohne Zusatzstoffe.\" \/>\n<meta name=\"robots\" content=\"index, follow, max-snippet:-1, max-image-preview:large, max-video-preview:-1\" \/>\n<link rel=\"canonical\" href=\"https:\/\/plusbaby.ch\/de\/produkt\/plusfertiwomen\/\" \/>\n<meta property=\"og:locale\" content=\"de_DE\" \/>\n<meta property=\"og:type\" content=\"article\" \/>\n<meta property=\"og:title\" content=\"+fertiwomen Inositol Vegane Multivitamine f\u00fcr die Fruchtbarkeit der Frauen\" \/>\n<meta property=\"og:description\" content=\"+Fretiwoman Kapseln von PlusBaby: Fruchtbarkeit f\u00fcr Frauen. \u00c4rztlich entwickelt mit Quatrefolic\u00ae &amp; CoQ10 f\u00fcr maximale Aufnahme. Rein &amp; ohne Zusatzstoffe.\" \/>\n<meta property=\"og:url\" content=\"https:\/\/plusbaby.ch\/de\/produkt\/plusfertiwomen\/\" \/>\n<meta property=\"og:site_name\" content=\"PlusBaby\" \/>\n<meta property=\"article:publisher\" content=\"https:\/\/www.facebook.com\/plusbaby.ch\" \/>\n<meta property=\"article:modified_time\" content=\"2026-04-09T02:26:37+00:00\" \/>\n<meta property=\"og:image\" content=\"https:\/\/plusbaby.ch\/wp-content\/uploads\/2022\/12\/complements-alimentaires-pour-la-fertilite-des-femmes-en-Suisse.png\" \/>\n\t<meta property=\"og:image:width\" content=\"1200\" \/>\n\t<meta property=\"og:image:height\" content=\"1040\" \/>\n\t<meta property=\"og:image:type\" content=\"image\/png\" \/>\n<meta name=\"twitter:card\" content=\"summary_large_image\" \/>\n<meta name=\"twitter:label1\" content=\"Gesch\u00e4tzte Lesezeit\" \/>\n\t<meta name=\"twitter:data1\" content=\"1\u00a0Minute\" \/>\n<script type=\"application\/ld+json\" class=\"yoast-schema-graph\">{\"@context\":\"https:\\\/\\\/schema.org\",\"@graph\":[{\"@type\":\"WebPage\",\"@id\":\"https:\\\/\\\/plusbaby.ch\\\/de\\\/produkt\\\/plusfertiwomen\\\/\",\"url\":\"https:\\\/\\\/plusbaby.ch\\\/de\\\/produkt\\\/plusfertiwomen\\\/\",\"name\":\"+Fretiwoman: Fruchtbarkeit Kapseln f\u00fcr Frauen | PlusBaby\",\"isPartOf\":{\"@id\":\"https:\\\/\\\/plusbaby.ch\\\/de\\\/#website\"},\"primaryImageOfPage\":{\"@id\":\"https:\\\/\\\/plusbaby.ch\\\/de\\\/produkt\\\/plusfertiwomen\\\/#primaryimage\"},\"image\":{\"@id\":\"https:\\\/\\\/plusbaby.ch\\\/de\\\/produkt\\\/plusfertiwomen\\\/#primaryimage\"},\"thumbnailUrl\":\"https:\\\/\\\/plusbaby.ch\\\/wp-content\\\/uploads\\\/2022\\\/12\\\/complements-alimentaires-pour-la-fertilite-des-femmes-en-Suisse.png\",\"datePublished\":\"2022-12-11T10:40:19+00:00\",\"dateModified\":\"2026-04-09T02:26:37+00:00\",\"description\":\"+Fretiwoman Kapseln von PlusBaby: Fruchtbarkeit f\u00fcr Frauen. \u00c4rztlich entwickelt mit Quatrefolic\u00ae & CoQ10 f\u00fcr maximale Aufnahme. Rein & ohne Zusatzstoffe.\",\"breadcrumb\":{\"@id\":\"https:\\\/\\\/plusbaby.ch\\\/de\\\/produkt\\\/plusfertiwomen\\\/#breadcrumb\"},\"inLanguage\":\"de\",\"potentialAction\":[{\"@type\":\"ReadAction\",\"target\":[\"https:\\\/\\\/plusbaby.ch\\\/de\\\/produkt\\\/plusfertiwomen\\\/\"]}]},{\"@type\":\"ImageObject\",\"inLanguage\":\"de\",\"@id\":\"https:\\\/\\\/plusbaby.ch\\\/de\\\/produkt\\\/plusfertiwomen\\\/#primaryimage\",\"url\":\"https:\\\/\\\/plusbaby.ch\\\/wp-content\\\/uploads\\\/2022\\\/12\\\/complements-alimentaires-pour-la-fertilite-des-femmes-en-Suisse.png\",\"contentUrl\":\"https:\\\/\\\/plusbaby.ch\\\/wp-content\\\/uploads\\\/2022\\\/12\\\/complements-alimentaires-pour-la-fertilite-des-femmes-en-Suisse.png\",\"width\":1200,\"height\":1040,\"caption\":\"Fruchtbarkeitspr\u00e4parate f\u00fcr Frauen in der Schweiz\"},{\"@type\":\"BreadcrumbList\",\"@id\":\"https:\\\/\\\/plusbaby.ch\\\/de\\\/produkt\\\/plusfertiwomen\\\/#breadcrumb\",\"itemListElement\":[{\"@type\":\"ListItem\",\"position\":1,\"name\":\"Home\",\"item\":\"https:\\\/\\\/plusbaby.ch\\\/de\\\/\"},{\"@type\":\"ListItem\",\"position\":2,\"name\":\"Shop\",\"item\":\"https:\\\/\\\/plusbaby.ch\\\/de\\\/shop\\\/\"},{\"@type\":\"ListItem\",\"position\":3,\"name\":\"Compl\u00e9ments\",\"item\":\"https:\\\/\\\/plusbaby.ch\\\/de\\\/product-tag\\\/erganzungen\\\/\"},{\"@type\":\"ListItem\",\"position\":4,\"name\":\"+fertiwomen Inositol Vegane Multivitamine f\u00fcr die Fruchtbarkeit der Frauen\"}]},{\"@type\":\"WebSite\",\"@id\":\"https:\\\/\\\/plusbaby.ch\\\/de\\\/#website\",\"url\":\"https:\\\/\\\/plusbaby.ch\\\/de\\\/\",\"name\":\"Plusbaby\",\"description\":\"\",\"publisher\":{\"@id\":\"https:\\\/\\\/plusbaby.ch\\\/de\\\/#organization\"},\"potentialAction\":[{\"@type\":\"SearchAction\",\"target\":{\"@type\":\"EntryPoint\",\"urlTemplate\":\"https:\\\/\\\/plusbaby.ch\\\/de\\\/?s={search_term_string}\"},\"query-input\":{\"@type\":\"PropertyValueSpecification\",\"valueRequired\":true,\"valueName\":\"search_term_string\"}}],\"inLanguage\":\"de\"},{\"@type\":\"Organization\",\"@id\":\"https:\\\/\\\/plusbaby.ch\\\/de\\\/#organization\",\"name\":\"Plusbaby\",\"url\":\"https:\\\/\\\/plusbaby.ch\\\/de\\\/\",\"logo\":{\"@type\":\"ImageObject\",\"inLanguage\":\"de\",\"@id\":\"https:\\\/\\\/plusbaby.ch\\\/de\\\/#\\\/schema\\\/logo\\\/image\\\/\",\"url\":\"https:\\\/\\\/plusbaby.ch\\\/wp-content\\\/uploads\\\/2022\\\/04\\\/PlusBabyLogo_logo.svg\",\"contentUrl\":\"https:\\\/\\\/plusbaby.ch\\\/wp-content\\\/uploads\\\/2022\\\/04\\\/PlusBabyLogo_logo.svg\",\"width\":289,\"height\":169,\"caption\":\"Plusbaby\"},\"image\":{\"@id\":\"https:\\\/\\\/plusbaby.ch\\\/de\\\/#\\\/schema\\\/logo\\\/image\\\/\"},\"sameAs\":[\"https:\\\/\\\/www.facebook.com\\\/plusbaby.ch\",\"https:\\\/\\\/www.instagram.com\\\/plusbaby.ch\\\/\",\"https:\\\/\\\/www.linkedin.com\\\/company\\\/plusbaby\\\/?viewAsMember=true\",\"https:\\\/\\\/www.instagram.com\\\/plusbaby_ge\"]}]}<\/script>\n<!-- \/ Yoast SEO Premium plugin. -->","yoast_head_json":{"title":"+Fretiwoman: Fruchtbarkeit Kapseln f\u00fcr Frauen | PlusBaby","description":"+Fretiwoman Kapseln von PlusBaby: Fruchtbarkeit f\u00fcr Frauen. \u00c4rztlich entwickelt mit Quatrefolic\u00ae & CoQ10 f\u00fcr maximale Aufnahme. Rein & ohne Zusatzstoffe.","robots":{"index":"index","follow":"follow","max-snippet":"max-snippet:-1","max-image-preview":"max-image-preview:large","max-video-preview":"max-video-preview:-1"},"canonical":"https:\/\/plusbaby.ch\/de\/produkt\/plusfertiwomen\/","og_locale":"de_DE","og_type":"article","og_title":"+fertiwomen Inositol Vegane Multivitamine f\u00fcr die Fruchtbarkeit der Frauen","og_description":"+Fretiwoman Kapseln von PlusBaby: Fruchtbarkeit f\u00fcr Frauen. \u00c4rztlich entwickelt mit Quatrefolic\u00ae & CoQ10 f\u00fcr maximale Aufnahme. Rein & ohne Zusatzstoffe.","og_url":"https:\/\/plusbaby.ch\/de\/produkt\/plusfertiwomen\/","og_site_name":"PlusBaby","article_publisher":"https:\/\/www.facebook.com\/plusbaby.ch","article_modified_time":"2026-04-09T02:26:37+00:00","og_image":[{"width":1200,"height":1040,"url":"https:\/\/plusbaby.ch\/wp-content\/uploads\/2022\/12\/complements-alimentaires-pour-la-fertilite-des-femmes-en-Suisse.png","type":"image\/png"}],"twitter_card":"summary_large_image","twitter_misc":{"Gesch\u00e4tzte Lesezeit":"1\u00a0Minute"},"schema":{"@context":"https:\/\/schema.org","@graph":[{"@type":"WebPage","@id":"https:\/\/plusbaby.ch\/de\/produkt\/plusfertiwomen\/","url":"https:\/\/plusbaby.ch\/de\/produkt\/plusfertiwomen\/","name":"+Fretiwoman: Fruchtbarkeit Kapseln f\u00fcr Frauen | PlusBaby","isPartOf":{"@id":"https:\/\/plusbaby.ch\/de\/#website"},"primaryImageOfPage":{"@id":"https:\/\/plusbaby.ch\/de\/produkt\/plusfertiwomen\/#primaryimage"},"image":{"@id":"https:\/\/plusbaby.ch\/de\/produkt\/plusfertiwomen\/#primaryimage"},"thumbnailUrl":"https:\/\/plusbaby.ch\/wp-content\/uploads\/2022\/12\/complements-alimentaires-pour-la-fertilite-des-femmes-en-Suisse.png","datePublished":"2022-12-11T10:40:19+00:00","dateModified":"2026-04-09T02:26:37+00:00","description":"+Fretiwoman Kapseln von PlusBaby: Fruchtbarkeit f\u00fcr Frauen. \u00c4rztlich entwickelt mit Quatrefolic\u00ae & CoQ10 f\u00fcr maximale Aufnahme. Rein & ohne Zusatzstoffe.","breadcrumb":{"@id":"https:\/\/plusbaby.ch\/de\/produkt\/plusfertiwomen\/#breadcrumb"},"inLanguage":"de","potentialAction":[{"@type":"ReadAction","target":["https:\/\/plusbaby.ch\/de\/produkt\/plusfertiwomen\/"]}]},{"@type":"ImageObject","inLanguage":"de","@id":"https:\/\/plusbaby.ch\/de\/produkt\/plusfertiwomen\/#primaryimage","url":"https:\/\/plusbaby.ch\/wp-content\/uploads\/2022\/12\/complements-alimentaires-pour-la-fertilite-des-femmes-en-Suisse.png","contentUrl":"https:\/\/plusbaby.ch\/wp-content\/uploads\/2022\/12\/complements-alimentaires-pour-la-fertilite-des-femmes-en-Suisse.png","width":1200,"height":1040,"caption":"Fruchtbarkeitspr\u00e4parate f\u00fcr Frauen in der Schweiz"},{"@type":"BreadcrumbList","@id":"https:\/\/plusbaby.ch\/de\/produkt\/plusfertiwomen\/#breadcrumb","itemListElement":[{"@type":"ListItem","position":1,"name":"Home","item":"https:\/\/plusbaby.ch\/de\/"},{"@type":"ListItem","position":2,"name":"Shop","item":"https:\/\/plusbaby.ch\/de\/shop\/"},{"@type":"ListItem","position":3,"name":"Compl\u00e9ments","item":"https:\/\/plusbaby.ch\/de\/product-tag\/erganzungen\/"},{"@type":"ListItem","position":4,"name":"+fertiwomen Inositol Vegane Multivitamine f\u00fcr die Fruchtbarkeit der Frauen"}]},{"@type":"WebSite","@id":"https:\/\/plusbaby.ch\/de\/#website","url":"https:\/\/plusbaby.ch\/de\/","name":"Plusbaby","description":"","publisher":{"@id":"https:\/\/plusbaby.ch\/de\/#organization"},"potentialAction":[{"@type":"SearchAction","target":{"@type":"EntryPoint","urlTemplate":"https:\/\/plusbaby.ch\/de\/?s={search_term_string}"},"query-input":{"@type":"PropertyValueSpecification","valueRequired":true,"valueName":"search_term_string"}}],"inLanguage":"de"},{"@type":"Organization","@id":"https:\/\/plusbaby.ch\/de\/#organization","name":"Plusbaby","url":"https:\/\/plusbaby.ch\/de\/","logo":{"@type":"ImageObject","inLanguage":"de","@id":"https:\/\/plusbaby.ch\/de\/#\/schema\/logo\/image\/","url":"https:\/\/plusbaby.ch\/wp-content\/uploads\/2022\/04\/PlusBabyLogo_logo.svg","contentUrl":"https:\/\/plusbaby.ch\/wp-content\/uploads\/2022\/04\/PlusBabyLogo_logo.svg","width":289,"height":169,"caption":"Plusbaby"},"image":{"@id":"https:\/\/plusbaby.ch\/de\/#\/schema\/logo\/image\/"},"sameAs":["https:\/\/www.facebook.com\/plusbaby.ch","https:\/\/www.instagram.com\/plusbaby.ch\/","https:\/\/www.linkedin.com\/company\/plusbaby\/?viewAsMember=true","https:\/\/www.instagram.com\/plusbaby_ge"]}]}},"_links":{"self":[{"href":"https:\/\/plusbaby.ch\/de\/wp-json\/wp\/v2\/product\/35694","targetHints":{"allow":["GET"]}}],"collection":[{"href":"https:\/\/plusbaby.ch\/de\/wp-json\/wp\/v2\/product"}],"about":[{"href":"https:\/\/plusbaby.ch\/de\/wp-json\/wp\/v2\/types\/product"}],"replies":[{"embeddable":true,"href":"https:\/\/plusbaby.ch\/de\/wp-json\/wp\/v2\/comments?post=35694"}],"version-history":[{"count":15,"href":"https:\/\/plusbaby.ch\/de\/wp-json\/wp\/v2\/product\/35694\/revisions"}],"predecessor-version":[{"id":46210,"href":"https:\/\/plusbaby.ch\/de\/wp-json\/wp\/v2\/product\/35694\/revisions\/46210"}],"wp:featuredmedia":[{"embeddable":true,"href":"https:\/\/plusbaby.ch\/de\/wp-json\/wp\/v2\/media\/38802"}],"wp:attachment":[{"href":"https:\/\/plusbaby.ch\/de\/wp-json\/wp\/v2\/media?parent=35694"}],"wp:term":[{"taxonomy":"product_brand","embeddable":true,"href":"https:\/\/plusbaby.ch\/de\/wp-json\/wp\/v2\/product_brand?post=35694"},{"taxonomy":"product_cat","embeddable":true,"href":"https:\/\/plusbaby.ch\/de\/wp-json\/wp\/v2\/product_cat?post=35694"},{"taxonomy":"product_tag","embeddable":true,"href":"https:\/\/plusbaby.ch\/de\/wp-json\/wp\/v2\/product_tag?post=35694"}],"curies":[{"name":"wp","href":"https:\/\/api.w.org\/{rel}","templated":true}]}}